{"id":2251,"date":"2018-10-15T13:20:14","date_gmt":"2018-10-15T11:20:14","guid":{"rendered":"http:\/\/bertillegentil.com\/?page_id=2251"},"modified":"2018-10-15T13:33:17","modified_gmt":"2018-10-15T11:33:17","slug":"avant-4","status":"publish","type":"page","link":"https:\/\/bertillegentil.com\/en\/avant-4\/","title":{"rendered":"Avant"},"content":{"rendered":"<h2><a href=\"http:\/\/bertillegentil.com\/90s\/\">Les ann\u00e9es 90<\/a><\/h2>\n<h2><a href=\"http:\/\/bertillegentil.com\/les-annees-2000\/\">Les ann\u00e9es 2000<\/a><\/h2>\n<h2><a href=\"http:\/\/bertillegentil.com\/les-annees-2010\/\">Les ann\u00e9es 2010<\/a><\/h2>\n","protected":false},"excerpt":{"rendered":"<p>Les ann\u00e9es 90 Les ann\u00e9es 2000 Les ann\u00e9es 2010<\/p>\n","protected":false},"author":1,"featured_media":0,"parent":0,"menu_order":0,"comment_status":"closed","ping_status":"closed","template":"","meta":{"footnotes":""},"class_list":["post-2251","page","type-page","status-publish","hentry"],"translation":{"provider":"WPGlobus","version":"3.0.2","language":"en","enabled_languages":["fr","en"],"languages":{"fr":{"title":true,"content":true,"excerpt":false},"en":{"title":false,"content":false,"excerpt":false}}},"_links":{"self":[{"href":"https:\/\/bertillegentil.com\/en\/wp-json\/wp\/v2\/pages\/2251","targetHints":{"allow":["GET"]}}],"collection":[{"href":"https:\/\/bertillegentil.com\/en\/wp-json\/wp\/v2\/pages"}],"about":[{"href":"https:\/\/bertillegentil.com\/en\/wp-json\/wp\/v2\/types\/page"}],"author":[{"embeddable":true,"href":"https:\/\/bertillegentil.com\/en\/wp-json\/wp\/v2\/users\/1"}],"replies":[{"embeddable":true,"href":"https:\/\/bertillegentil.com\/en\/wp-json\/wp\/v2\/comments?post=2251"}],"version-history":[{"count":0,"href":"https:\/\/bertillegentil.com\/en\/wp-json\/wp\/v2\/pages\/2251\/revisions"}],"wp:attachment":[{"href":"https:\/\/bertillegentil.com\/en\/wp-json\/wp\/v2\/media?parent=2251"}],"curies":[{"name":"wp","href":"https:\/\/api.w.org\/{rel}","templated":true}]}}