{"id":2424,"date":"2019-02-13T13:18:17","date_gmt":"2019-02-13T12:18:17","guid":{"rendered":"http:\/\/bertillegentil.com\/?page_id=2424"},"modified":"2019-12-03T23:19:08","modified_gmt":"2019-12-03T22:19:08","slug":"escape-3","status":"publish","type":"page","link":"https:\/\/bertillegentil.com\/en\/alive\/escape-3\/","title":{"rendered":"RIP Sista"},"content":{"rendered":"<p><div class=\"fusion-fullwidth fullwidth-box fusion-builder-row-1 nonhundred-percent-fullwidth non-hundred-percent-height-scrolling\" style=\"--awb-border-radius-top-left:0px;--awb-border-radius-top-right:0px;--awb-border-radius-bottom-right:0px;--awb-border-radius-bottom-left:0px;--awb-flex-wrap:wrap;\" ><div class=\"fusion-builder-row fusion-row\"><div class=\"fusion-layout-column fusion_builder_column fusion-builder-column-0 fusion_builder_column_1_2 1_2 fusion-one-half fusion-column-first\" style=\"--awb-bg-size:cover;--awb-margin-bottom:0px;width:48%; margin-right: 4%;\"><div class=\"fusion-column-wrapper fusion-flex-column-wrapper-legacy\"><div class=\"fusion-text fusion-text-1\"><pre>Installation expos\u00e9e \u00e0 la Collection Lambert \u00e0 Avignon - F\u00e9vrier 2019 -<\/pre>\n<p>\u00c9v\u00e9nement &#8220;Un nid de crevette&#8221;<\/p>\n<p>D&#8217;apr\u00e8s l&#8217;article du journal Lib\u00e9ration.<\/p>\n<p>220 femmes tu\u00e9es par leur conjoints et ignor\u00e9es par la soci\u00e9t\u00e9.<\/p>\n<p><a href=\"https:\/\/www.liberation.fr\/apps\/2017\/06\/220-femmes-tuees-conjoints-ignorees-societe\/\" target=\"_blank\" rel=\"noopener noreferrer\">www.liberation.fr\/220-femmes-tuees-conjoints-ignorees-societe\/<\/a><\/p>\n<\/div><div class=\"fusion-clearfix\"><\/div><\/div><\/div><div class=\"fusion-layout-column fusion_builder_column fusion-builder-column-1 fusion_builder_column_1_2 1_2 fusion-one-half fusion-column-last\" style=\"--awb-bg-size:cover;--awb-margin-bottom:0px;width:48%;\"><div class=\"fusion-column-wrapper fusion-flex-column-wrapper-legacy\"><div class=\"fusion-text fusion-text-2\"><pre>Texte : Date de leur mort, pr\u00e9nom, \u00e2ge, m\u00e9tier, cause du d\u00e9c\u00e8s.<\/pre>\n<p>Image : chaque arme est repr\u00e9sent\u00e9e, 82 couteaux, 53 par balle etc<\/p>\n<p>Iconographie emprunt\u00e9 au style tatouage.<\/p>\n<p>Violence infus\u00e9e dans la soci\u00e9t\u00e9 au point de lui donner un code visuel.<\/p>\n<\/div><div class=\"fusion-clearfix\"><\/div><\/div><\/div><\/div><\/div><div class=\"fusion-fullwidth fullwidth-box fusion-builder-row-2 nonhundred-percent-fullwidth non-hundred-percent-height-scrolling\" style=\"--awb-border-radius-top-left:0px;--awb-border-radius-top-right:0px;--awb-border-radius-bottom-right:0px;--awb-border-radius-bottom-left:0px;--awb-flex-wrap:wrap;\" ><div class=\"fusion-builder-row fusion-row\"><div class=\"fusion-layout-column fusion_builder_column fusion-builder-column-2 fusion_builder_column_1_1 1_1 fusion-one-full fusion-column-first fusion-column-last\" style=\"--awb-bg-size:cover;--awb-margin-bottom:0px;\"><div class=\"fusion-column-wrapper fusion-flex-column-wrapper-legacy\">\r\n\t\t\t\t\t\n\r\n\t\t\t\t\t<!-- START UNITE GALLERY 1.7.62 -->\r\n\t\t\t\t\t\r\n\t\t\t\t\n\t\t\t<div id='unitegallery_32_1' class='unite-gallery' style='margin:0px auto;margin-top:40px;margin-bottom:40px;'>\n\t\t\t\t\n\n\t\t\t\t\t\t<img decoding=\"async\" alt=\"rip_sista01\"\n\t\t\t\t\t\t     src=\"\" data-image=\"https:\/\/bertillegentil.com\/wp-content\/uploads\/2019\/02\/rip_sista01.jpg\"\n\t\t\t\t\t\t     data-thumb=\"https:\/\/bertillegentil.com\/wp-content\/uploads\/2019\/02\/rip_sista01-576x768.jpg\"\n\t\t\t\t\t\t     title=\"\"\n\t\t\t\t\t\t     style=\"display:none\">\n\n\t\t\t\t\t\t<img decoding=\"async\" alt=\"rip_sista02\"\n\t\t\t\t\t\t     src=\"\" data-image=\"https:\/\/bertillegentil.com\/wp-content\/uploads\/2019\/02\/rip_sista02.jpg\"\n\t\t\t\t\t\t     data-thumb=\"https:\/\/bertillegentil.com\/wp-content\/uploads\/2019\/02\/rip_sista02-768x583.jpg\"\n\t\t\t\t\t\t     title=\"\"\n\t\t\t\t\t\t     style=\"display:none\">\n\n\t\t\t\t\t\t<img decoding=\"async\" alt=\"rip_sista03\"\n\t\t\t\t\t\t     src=\"\" data-image=\"https:\/\/bertillegentil.com\/wp-content\/uploads\/2019\/02\/rip_sista03.jpg\"\n\t\t\t\t\t\t     data-thumb=\"https:\/\/bertillegentil.com\/wp-content\/uploads\/2019\/02\/rip_sista03-768x576.jpg\"\n\t\t\t\t\t\t     title=\"\"\n\t\t\t\t\t\t     style=\"display:none\">\n\t\t\t<\/div>\n\n\t\t\t<script type='text\/javascript'>\n\t\t\t\twindow.onload = function(e) {\n\t\t\t\t\tif(typeof ugCheckForErrors == \"undefined\"){\n\t\t\t\t\t\tdocument.getElementById(\"unitegallery_32_1\").innerHTML = \"<span style='color:red'>Unite Gallery Error - gallery js and css files not included in the footer. Please make sure that wp_footer() function is added to your theme.<\/span>\";}\n\t\t\t\t\telse{ ugCheckForErrors(\"unitegallery_32_1\", \"jquery\");}\n\t\t\t\t};\n\t\t\t<\/script>\n\n\t\t\t<!-- END UNITEGALLERY --><div class=\"fusion-clearfix\"><\/div><\/div><\/div><\/div><\/div><div class=\"fusion-fullwidth fullwidth-box fusion-builder-row-3 nonhundred-percent-fullwidth non-hundred-percent-height-scrolling\" style=\"--awb-border-radius-top-left:0px;--awb-border-radius-top-right:0px;--awb-border-radius-bottom-right:0px;--awb-border-radius-bottom-left:0px;--awb-flex-wrap:wrap;\" ><div class=\"fusion-builder-row fusion-row\"><div class=\"fusion-layout-column fusion_builder_column fusion-builder-column-3 fusion_builder_column_1_1 1_1 fusion-one-full fusion-column-first fusion-column-last\" style=\"--awb-bg-size:cover;--awb-margin-bottom:0px;\"><div class=\"fusion-column-wrapper fusion-flex-column-wrapper-legacy\"><div class=\"fusion-clearfix\"><\/div><\/div><\/div><\/div><\/div><\/p>\n","protected":false},"excerpt":{"rendered":"","protected":false},"author":1,"featured_media":0,"parent":1010,"menu_order":0,"comment_status":"closed","ping_status":"closed","template":"","meta":{"footnotes":""},"class_list":["post-2424","page","type-page","status-publish","hentry"],"translation":{"provider":"WPGlobus","version":"3.0.2","language":"en","enabled_languages":["fr","en"],"languages":{"fr":{"title":true,"content":true,"excerpt":false},"en":{"title":false,"content":false,"excerpt":false}}},"_links":{"self":[{"href":"https:\/\/bertillegentil.com\/en\/wp-json\/wp\/v2\/pages\/2424","targetHints":{"allow":["GET"]}}],"collection":[{"href":"https:\/\/bertillegentil.com\/en\/wp-json\/wp\/v2\/pages"}],"about":[{"href":"https:\/\/bertillegentil.com\/en\/wp-json\/wp\/v2\/types\/page"}],"author":[{"embeddable":true,"href":"https:\/\/bertillegentil.com\/en\/wp-json\/wp\/v2\/users\/1"}],"replies":[{"embeddable":true,"href":"https:\/\/bertillegentil.com\/en\/wp-json\/wp\/v2\/comments?post=2424"}],"version-history":[{"count":0,"href":"https:\/\/bertillegentil.com\/en\/wp-json\/wp\/v2\/pages\/2424\/revisions"}],"up":[{"embeddable":true,"href":"https:\/\/bertillegentil.com\/en\/wp-json\/wp\/v2\/pages\/1010"}],"wp:attachment":[{"href":"https:\/\/bertillegentil.com\/en\/wp-json\/wp\/v2\/media?parent=2424"}],"curies":[{"name":"wp","href":"https:\/\/api.w.org\/{rel}","templated":true}]}}