{"id":2586,"date":"2019-03-13T17:33:15","date_gmt":"2019-03-13T16:33:15","guid":{"rendered":"http:\/\/bertillegentil.com\/?page_id=2586"},"modified":"2020-02-24T22:06:30","modified_gmt":"2020-02-24T21:06:30","slug":"soutenir-le-projet","status":"publish","type":"page","link":"https:\/\/bertillegentil.com\/en\/soutenir-le-projet\/","title":{"rendered":"Soutiens et remerciements"},"content":{"rendered":"<div class=\"fusion-fullwidth fullwidth-box fusion-builder-row-1 nonhundred-percent-fullwidth non-hundred-percent-height-scrolling\" style=\"--awb-border-radius-top-left:0px;--awb-border-radius-top-right:0px;--awb-border-radius-bottom-right:0px;--awb-border-radius-bottom-left:0px;--awb-flex-wrap:wrap;\" ><div class=\"fusion-builder-row fusion-row\"><div class=\"fusion-layout-column fusion_builder_column fusion-builder-column-0 fusion_builder_column_1_2 1_2 fusion-one-half fusion-column-first\" style=\"--awb-bg-size:cover;--awb-margin-bottom:0px;width:48%; margin-right: 4%;\"><div class=\"fusion-column-wrapper fusion-flex-column-wrapper-legacy\"><div class=\"fusion-text fusion-text-1\"><p>Un immense merci \u00e0 tous mes contributeurs.<\/p>\n<pre>J'adresse une d\u00e9dicace sp\u00e9ciale \u00e0 Hugues Magen et \u00e0 Philippine ma fille.<\/pre>\n<blockquote>\n<h3>merci de votre soutien, merci de votre confiance.<\/h3>\n<h4><\/h4>\n<\/blockquote>\n<\/div><div class=\"fusion-text fusion-text-2\"><p><img decoding=\"async\" class=\"size-full wp-image-2907 alignleft\" src=\"http:\/\/bertillegentil.com\/wp-content\/uploads\/2019\/05\/Magen-H-Gallery.png\" alt=\"soutien de la gallery H Magen\" width=\"225\" height=\"225\" srcset=\"https:\/\/bertillegentil.com\/wp-content\/uploads\/2019\/05\/Magen-H-Gallery-66x66.png 66w, https:\/\/bertillegentil.com\/wp-content\/uploads\/2019\/05\/Magen-H-Gallery-150x150.png 150w, https:\/\/bertillegentil.com\/wp-content\/uploads\/2019\/05\/Magen-H-Gallery-200x200.png 200w, https:\/\/bertillegentil.com\/wp-content\/uploads\/2019\/05\/Magen-H-Gallery.png 225w\" sizes=\"(max-width: 225px) 100vw, 225px\" \/> <img decoding=\"async\" class=\"wp-image-2908 alignright\" src=\"http:\/\/bertillegentil.com\/wp-content\/uploads\/2019\/05\/Phili\u00b0.jpg\" alt=\"\" width=\"210\" height=\"230\" srcset=\"https:\/\/bertillegentil.com\/wp-content\/uploads\/2019\/05\/Phili\u00b0-200x220.jpg 200w, https:\/\/bertillegentil.com\/wp-content\/uploads\/2019\/05\/Phili\u00b0-273x300.jpg 273w, https:\/\/bertillegentil.com\/wp-content\/uploads\/2019\/05\/Phili\u00b0.jpg 284w\" sizes=\"(max-width: 210px) 100vw, 210px\" \/><\/p>\n<\/div><div class=\"fusion-clearfix\"><\/div><\/div><\/div><div class=\"fusion-layout-column fusion_builder_column fusion-builder-column-1 fusion_builder_column_1_2 1_2 fusion-one-half fusion-column-last\" style=\"--awb-bg-size:cover;--awb-margin-bottom:0px;width:48%;\"><div class=\"fusion-column-wrapper fusion-flex-column-wrapper-legacy\"><div class=\"fusion-video fusion-youtube\" style=\"--awb-max-width:600px;--awb-max-height:360px;\"><div class=\"video-shortcode\"><div class=\"fluid-width-video-wrapper\" style=\"padding-top:60%;\" ><iframe title=\"YouTube video player 1\" src=\"https:\/\/www.youtube.com\/embed\/dmP0z9p4b9U?wmode=transparent&autoplay=0\" width=\"600\" height=\"360\" allowfullscreen allow=\"autoplay; clipboard-write; encrypted-media; gyroscope; picture-in-picture;\"><\/iframe><\/div><\/div><\/div><div class=\"fusion-text fusion-text-3\"><pre>Je tiens aussi \u00e0 remercier Gilles Duthil, Fran\u00e7oise Huguier, Giovanna Giamarino, Rafa\u00ebl Karoubi, Gabriel Karoubi, Soleidad Ricouart, Beno\u00eet Ray, pour leur pr\u00e9sence et leurs soutiens si pr\u00e9cieux.<\/pre>\n<\/div><div class=\"fusion-clearfix\"><\/div><\/div><\/div><\/div><\/div>\n","protected":false},"excerpt":{"rendered":"","protected":false},"author":1,"featured_media":0,"parent":0,"menu_order":0,"comment_status":"closed","ping_status":"closed","template":"","meta":{"footnotes":""},"class_list":["post-2586","page","type-page","status-publish","hentry"],"translation":{"provider":"WPGlobus","version":"3.0.2","language":"en","enabled_languages":["fr","en"],"languages":{"fr":{"title":true,"content":true,"excerpt":false},"en":{"title":false,"content":false,"excerpt":false}}},"_links":{"self":[{"href":"https:\/\/bertillegentil.com\/en\/wp-json\/wp\/v2\/pages\/2586","targetHints":{"allow":["GET"]}}],"collection":[{"href":"https:\/\/bertillegentil.com\/en\/wp-json\/wp\/v2\/pages"}],"about":[{"href":"https:\/\/bertillegentil.com\/en\/wp-json\/wp\/v2\/types\/page"}],"author":[{"embeddable":true,"href":"https:\/\/bertillegentil.com\/en\/wp-json\/wp\/v2\/users\/1"}],"replies":[{"embeddable":true,"href":"https:\/\/bertillegentil.com\/en\/wp-json\/wp\/v2\/comments?post=2586"}],"version-history":[{"count":0,"href":"https:\/\/bertillegentil.com\/en\/wp-json\/wp\/v2\/pages\/2586\/revisions"}],"wp:attachment":[{"href":"https:\/\/bertillegentil.com\/en\/wp-json\/wp\/v2\/media?parent=2586"}],"curies":[{"name":"wp","href":"https:\/\/api.w.org\/{rel}","templated":true}]}}