{"id":2938,"date":"2019-05-28T12:09:38","date_gmt":"2019-05-28T10:09:38","guid":{"rendered":"http:\/\/bertillegentil.com\/?page_id=2938"},"modified":"2023-08-07T14:57:53","modified_gmt":"2023-08-07T12:57:53","slug":"manifeste-sila","status":"publish","type":"page","link":"https:\/\/bertillegentil.com\/en\/manifeste-sila\/","title":{"rendered":"Manifeste SILA"},"content":{"rendered":"<div class=\"fusion-fullwidth fullwidth-box fusion-builder-row-1 fusion-flex-container nonhundred-percent-fullwidth non-hundred-percent-height-scrolling\" style=\"--awb-border-radius-top-left:0px;--awb-border-radius-top-right:0px;--awb-border-radius-bottom-right:0px;--awb-border-radius-bottom-left:0px;--awb-flex-wrap:wrap;\" ><div class=\"fusion-builder-row fusion-row fusion-flex-align-items-flex-start fusion-flex-content-wrap\" style=\"max-width:936px;margin-left: calc(-4% \/ 2 );margin-right: calc(-4% \/ 2 );\"><div class=\"fusion-layout-column fusion_builder_column fusion-builder-column-0 fusion_builder_column_1_2 1_2 fusion-flex-column\" style=\"--awb-bg-size:cover;--awb-width-large:50%;--awb-margin-top-large:0px;--awb-spacing-right-large:3.84%;--awb-margin-bottom-large:0px;--awb-spacing-left-large:3.84%;--awb-width-medium:100%;--awb-spacing-right-medium:1.92%;--awb-spacing-left-medium:1.92%;--awb-width-small:100%;--awb-spacing-right-small:1.92%;--awb-spacing-left-small:1.92%;\"><div class=\"fusion-column-wrapper fusion-flex-justify-content-flex-start fusion-content-layout-column\"><div class=\"fusion-text fusion-text-1\"><h3>Invoquons les forces de l&#8217;Amour et de l&#8217;Esprit,<br \/>\nces \u00e9nergies \u00e9normes et tellement renouvelables<br \/>\nqui habitent chacun de nous !<\/h3>\n<p>Sila, en langue inuit, signifie Univers, Intelligence, Sagesse<\/p>\n<p>Pour l&#8217;ensemble de l&#8217;humanit\u00e9,<br \/>\nc&#8217;est le moment du Grand Choix<br \/>\nindividuel et collectif.<br \/>\nEros et Thanatos toujours en lice.<\/p>\n<p>Nous sommes au pied du mur,<br \/>\nla catastrophe en marche.<br \/>\nContinuons \u00e0 ce rythme et nous p\u00e9rirons.<br \/>\nChangeons de praxis et nous vivrons.<\/p>\n<p>En tant qu&#8217;artistes, intellectuels, nous avons choisi.<br \/>\nChoisi de nous engager,<br \/>\nchoisi de participer \u00e0 l&#8217;\u00e9veil des consciences.<br \/>\nNous avons choisi de mettre notre parole,<br \/>\nnotre cr\u00e9ation au service de l&#8217;amour, au service de la vie .<\/p>\n<p>Nous voulons pr\u00e9parer et soutenir nos esprits<br \/>\nafin que nous trouvions la force de renoncer aux privil\u00e8ges<br \/>\ndont nous jouissons et qui pr\u00e9cipitent le monde \u00e0 l&#8217;agonie.<br \/>\nNous voulons revisiter notre place dans l&#8217;Univers,<br \/>\nnotre relation \u00e0 la Terre M\u00e8re, \u00e0 tous les \u00eatres vivants.<br \/>\nReconna\u00eetre qu&#8217;ils sont nous et que nous sommes eux,<br \/>\nles aimer et les prot\u00e9ger comme nous-m\u00eames.<\/p>\n<p>Nous voulons r\u00e9duire les gouffres d&#8217;injustice entre les destins.<br \/>\nQue nos pratiques artistiques soient l&#8217;\u00e9tendard de nos convictions.<br \/>\nNous nous joignons \u00e0 tous ceux qui ont d\u00e9j\u00e0 fait entendre leur voix.<br \/>\nQu&#8217;ensemble, nous renforcions notre volont\u00e9 commune,<br \/>\nproposer des concepts philosophiques, po\u00e9tiques<br \/>\net tr\u00e8s pratiques aussi.<br \/>\n\u00c9veiller la conscience, ne plus souffrir, nous pr\u00e9parer \u00e0 affronter<br \/>\nles p\u00e9rils qui nous menacent et agir avec intelligence, bienveillance et dignit\u00e9.<\/p>\n<p>Que cette sagesse nous permette d&#8217;appr\u00e9cier \u00e0 nouveau, la saveur de la vie dans une certaine simplicit\u00e9.<\/p>\n<p>Notre cr\u00e9ation personnelle et collective<br \/>\nest un manuel de survie intellectuelle, une ressource commune qui nous donne le pouvoir sur nos vies.<br \/>\nConnaissance, cr\u00e9ation, faisabilit\u00e9,<br \/>\ncollaboration, audace et po\u00e9sie sont nos alli\u00e9s.<\/p>\n<p>&#8220;Cette perp\u00e9tuelle r\u00e9organisation ce pouvoir d&#8217;initiative<br \/>\net la transformation est la libert\u00e9. &#8221;<br \/>\nAndr\u00e9 Gorz<\/p>\n<p>Invoquons les forces de l&#8217;Amour et de l&#8217;Esprit,<br \/>\nces \u00e9nergies \u00e9normes et tellement renouvelables<br \/>\nqui habitent chacun de nous !<\/p>\n<\/div><\/div><\/div><div class=\"fusion-layout-column fusion_builder_column fusion-builder-column-1 fusion_builder_column_1_2 1_2 fusion-flex-column\" style=\"--awb-bg-size:cover;--awb-width-large:50%;--awb-margin-top-large:0px;--awb-spacing-right-large:3.84%;--awb-margin-bottom-large:0px;--awb-spacing-left-large:3.84%;--awb-width-medium:100%;--awb-spacing-right-medium:1.92%;--awb-spacing-left-medium:1.92%;--awb-width-small:100%;--awb-spacing-right-small:1.92%;--awb-spacing-left-small:1.92%;\"><div class=\"fusion-column-wrapper fusion-flex-justify-content-flex-start fusion-content-layout-column\"><div class=\"fusion-image-element \" style=\"--awb-caption-title-font-family:var(--h2_typography-font-family);--awb-caption-title-font-weight:var(--h2_typography-font-weight);--awb-caption-title-font-style:var(--h2_typography-font-style);--awb-caption-title-size:var(--h2_typography-font-size);--awb-caption-title-transform:var(--h2_typography-text-transform);--awb-caption-title-line-height:var(--h2_typography-line-height);--awb-caption-title-letter-spacing:var(--h2_typography-letter-spacing);\"><span class=\" fusion-imageframe imageframe-none imageframe-1 hover-type-none\"><img decoding=\"async\" width=\"2560\" height=\"1920\" title=\"hdrpl\" src=\"https:\/\/bertillegentil.com\/wp-content\/uploads\/2019\/08\/Gold-on-Ice80\u00b0.jpg\" alt class=\"img-responsive wp-image-3178\" srcset=\"https:\/\/bertillegentil.com\/wp-content\/uploads\/2019\/08\/Gold-on-Ice80\u00b0-200x150.jpg 200w, https:\/\/bertillegentil.com\/wp-content\/uploads\/2019\/08\/Gold-on-Ice80\u00b0-400x300.jpg 400w, https:\/\/bertillegentil.com\/wp-content\/uploads\/2019\/08\/Gold-on-Ice80\u00b0-600x450.jpg 600w, https:\/\/bertillegentil.com\/wp-content\/uploads\/2019\/08\/Gold-on-Ice80\u00b0-800x600.jpg 800w, https:\/\/bertillegentil.com\/wp-content\/uploads\/2019\/08\/Gold-on-Ice80\u00b0-1200x900.jpg 1200w, https:\/\/bertillegentil.com\/wp-content\/uploads\/2019\/08\/Gold-on-Ice80\u00b0.jpg 2560w\" sizes=\"(max-width: 1024px) 100vw, (max-width: 640px) 100vw, 600px\" \/><\/span><\/div><\/div><\/div><\/div><\/div>\n","protected":false},"excerpt":{"rendered":"","protected":false},"author":1,"featured_media":0,"parent":0,"menu_order":0,"comment_status":"closed","ping_status":"closed","template":"","meta":{"footnotes":""},"class_list":["post-2938","page","type-page","status-publish","hentry"],"translation":{"provider":"WPGlobus","version":"3.0.2","language":"en","enabled_languages":["fr","en"],"languages":{"fr":{"title":true,"content":true,"excerpt":false},"en":{"title":false,"content":false,"excerpt":false}}},"_links":{"self":[{"href":"https:\/\/bertillegentil.com\/en\/wp-json\/wp\/v2\/pages\/2938","targetHints":{"allow":["GET"]}}],"collection":[{"href":"https:\/\/bertillegentil.com\/en\/wp-json\/wp\/v2\/pages"}],"about":[{"href":"https:\/\/bertillegentil.com\/en\/wp-json\/wp\/v2\/types\/page"}],"author":[{"embeddable":true,"href":"https:\/\/bertillegentil.com\/en\/wp-json\/wp\/v2\/users\/1"}],"replies":[{"embeddable":true,"href":"https:\/\/bertillegentil.com\/en\/wp-json\/wp\/v2\/comments?post=2938"}],"version-history":[{"count":5,"href":"https:\/\/bertillegentil.com\/en\/wp-json\/wp\/v2\/pages\/2938\/revisions"}],"predecessor-version":[{"id":6320,"href":"https:\/\/bertillegentil.com\/en\/wp-json\/wp\/v2\/pages\/2938\/revisions\/6320"}],"wp:attachment":[{"href":"https:\/\/bertillegentil.com\/en\/wp-json\/wp\/v2\/media?parent=2938"}],"curies":[{"name":"wp","href":"https:\/\/api.w.org\/{rel}","templated":true}]}}