{"id":3384,"date":"2019-11-14T18:02:28","date_gmt":"2019-11-14T17:02:28","guid":{"rendered":"http:\/\/bertillegentil.com\/?page_id=3384"},"modified":"2025-12-16T10:05:27","modified_gmt":"2025-12-16T09:05:27","slug":"ecoart","status":"publish","type":"page","link":"https:\/\/bertillegentil.com\/en\/ecoart\/","title":{"rendered":"\u00c9coArt"},"content":{"rendered":"<p><div class=\"fusion-fullwidth fullwidth-box fusion-builder-row-1 nonhundred-percent-fullwidth non-hundred-percent-height-scrolling\" style=\"--awb-border-radius-top-left:0px;--awb-border-radius-top-right:0px;--awb-border-radius-bottom-right:0px;--awb-border-radius-bottom-left:0px;--awb-flex-wrap:wrap;\" ><div class=\"fusion-builder-row fusion-row\"><div class=\"fusion-layout-column fusion_builder_column fusion-builder-column-0 fusion_builder_column_1_1 1_1 fusion-one-full fusion-column-first fusion-column-last\" style=\"--awb-bg-blend:overlay;--awb-bg-size:cover;\"><div class=\"fusion-column-wrapper fusion-flex-column-wrapper-legacy\"><div class=\"fusion-text fusion-text-1\"><h1 style=\"text-align: center;\">Urgence Artistique !<\/h1>\n<\/div><div class=\"fusion-text fusion-text-2\"><h1 style=\"text-align: center;\">\u00c9co-art : de l&#8217;alerte \u00e0 la m\u00e9moire<\/h1>\n<\/div><div class=\"fusion-clearfix\"><\/div><\/div><\/div><\/div><\/div><div class=\"fusion-fullwidth fullwidth-box fusion-builder-row-2 nonhundred-percent-fullwidth non-hundred-percent-height-scrolling\" style=\"--awb-border-radius-top-left:0px;--awb-border-radius-top-right:0px;--awb-border-radius-bottom-right:0px;--awb-border-radius-bottom-left:0px;--awb-flex-wrap:wrap;\" ><div class=\"fusion-builder-row fusion-row\"><div class=\"fusion-layout-column fusion_builder_column fusion-builder-column-1 fusion_builder_column_1_2 1_2 fusion-one-half fusion-column-first\" style=\"--awb-bg-blend:overlay;--awb-bg-size:cover;width:50%;width:calc(50% - ( ( 4% ) * 0.5 ) );margin-right: 4%;\"><div class=\"fusion-column-wrapper fusion-flex-column-wrapper-legacy\"><div class=\"fusion-text fusion-text-3\"><p class=\"font-claude-response-body break-words whitespace-normal leading-&#091;1.7&#093;\">Mon travail d&#8217;\u00e9co-art a commenc\u00e9 par une confrontation directe avec la crise climatique : land art, installations, performances d\u00e9non\u00e7ant la pollution plastique et le r\u00e9chauffement. Ces \u0153uvres portaient une urgence brutale, un cri d&#8217;alerte.<\/p>\n<\/div><div class=\"fusion-clearfix\"><\/div><\/div><\/div><div class=\"fusion-layout-column fusion_builder_column fusion-builder-column-2 fusion_builder_column_1_2 1_2 fusion-one-half fusion-column-last\" style=\"--awb-bg-blend:overlay;--awb-bg-size:cover;width:50%;width:calc(50% - ( ( 4% ) * 0.5 ) );\"><div class=\"fusion-column-wrapper fusion-flex-column-wrapper-legacy\"><div class=\"fusion-text fusion-text-4\"><p class=\"font-claude-response-body break-words whitespace-normal leading-&#091;1.7&#093;\">Avec le temps, j&#8217;ai atteint une limite humaine dans cette d\u00e9nonciation frontale. Mon engagement s&#8217;est alors transform\u00e9 : plut\u00f4t que de marteler la catastrophe, je documente aujourd&#8217;hui ce qui risque de dispara\u00eetre. C&#8217;est un glissement de l&#8217;alerte vers le t\u00e9moignage, de la confrontation vers la m\u00e9moire anticip\u00e9e.<\/p>\n<hr class=\"border-border-200 border-t-0.5 my-3 mx-1.5\" \/>\n<\/div><div class=\"fusion-clearfix\"><\/div><\/div><\/div><\/div><\/div><div class=\"fusion-fullwidth fullwidth-box fusion-builder-row-3 nonhundred-percent-fullwidth non-hundred-percent-height-scrolling\" style=\"--awb-border-radius-top-left:0px;--awb-border-radius-top-right:0px;--awb-border-radius-bottom-right:0px;--awb-border-radius-bottom-left:0px;--awb-flex-wrap:wrap;\" ><div class=\"fusion-builder-row fusion-row\"><div class=\"fusion-layout-column fusion_builder_column fusion-builder-column-3 fusion_builder_column_1_2 1_2 fusion-one-half fusion-column-first\" style=\"--awb-bg-blend:overlay;--awb-bg-size:cover;width:50%;width:calc(50% - ( ( 4% ) * 0.5 ) );margin-right: 4%;\"><div class=\"fusion-column-wrapper fusion-flex-column-wrapper-legacy\"><div class=\"fusion-text fusion-text-5\"><p>S\u00e9rie &#8220;<a href=\"https:\/\/bertillegentil.com\/gold-on-ice\/\">Gold on Ice<\/a>&#8221; r\u00e9alis\u00e9e lors d&#8217;une <a href=\"https:\/\/bertillegentil.com\/the-arctic-circle__trashed-2\/\">r\u00e9sidence d&#8217;artistes<\/a> internationale dans le Cercle Polaire,r\u00e9alis\u00e9e avec l&#8217;association The Arctic Circle.<\/p>\n<p>2019 Summer Expedition International Territory of Svalbard June 2019, aboard Tall Ship Antigua<\/p>\n<\/div><div class=\"fusion-clearfix\"><\/div><\/div><\/div><div class=\"fusion-layout-column fusion_builder_column fusion-builder-column-4 fusion_builder_column_1_2 1_2 fusion-one-half fusion-column-last\" style=\"--awb-bg-blend:overlay;--awb-bg-size:cover;width:50%;width:calc(50% - ( ( 4% ) * 0.5 ) );\"><div class=\"fusion-column-wrapper fusion-flex-column-wrapper-legacy\"><div class=\"fusion-text fusion-text-6\"><p class=\"fusion-responsive-typography-calculated\" style=\"--fontsize: 11; line-height: 1.5; --minfontsize: 11;\" data-fontsize=\"11\" data-lineheight=\"16.5px\"><span class=\"HwtZe\" lang=\"fr\"><span class=\"jCAhz ChMk0b\"><span class=\"ryNqvb\">The Arctic Circle est un lien o\u00f9 l&#8217;art croise la science, l&#8217;architecture, l&#8217;\u00e9ducation et l&#8217;activisme -un incubateur de r\u00e9flexion et d&#8217;exp\u00e9rimentation pour les artistes et les innovateurs qui recherchent et favorisent des domaines de collaboration pour s&#8217;engager dans les probl\u00e8mes centraux de notre temps.<\/span><\/span><\/span><\/p>\n<\/div><div class=\"fusion-clearfix\"><\/div><\/div><\/div><div class=\"fusion-layout-column fusion_builder_column fusion-builder-column-5 fusion_builder_column_1_1 1_1 fusion-one-full fusion-column-first fusion-column-last\" style=\"--awb-bg-size:cover;\"><div class=\"fusion-column-wrapper fusion-column-has-shadow fusion-flex-column-wrapper-legacy\"><div class=\"fusion-text fusion-text-7\"><h4 id=\"mceu_227\" class=\"wp-link-preview\" style=\"text-align: center;\"><a tabindex=\"-1\" href=\"https:\/\/thearcticcircle.org\/\" target=\"_blank\" rel=\"noopener\">thearcticcircle.org\u00a0 <\/a><\/h4>\n<\/div><div class=\"fusion-clearfix\"><\/div><\/div><\/div><\/div><\/div><div class=\"fusion-fullwidth fullwidth-box fusion-builder-row-4 fusion-flex-container has-pattern-background has-mask-background nonhundred-percent-fullwidth non-hundred-percent-height-scrolling\" style=\"--awb-border-radius-top-left:0px;--awb-border-radius-top-right:0px;--awb-border-radius-bottom-right:0px;--awb-border-radius-bottom-left:0px;--awb-flex-wrap:wrap;\" ><div class=\"fusion-builder-row fusion-row fusion-flex-align-items-flex-start fusion-flex-content-wrap\" style=\"max-width:936px;margin-left: calc(-4% \/ 2 );margin-right: calc(-4% \/ 2 );\"><div class=\"fusion-layout-column fusion_builder_column fusion-builder-column-6 fusion_builder_column_1_3 1_3 fusion-flex-column\" style=\"--awb-bg-size:cover;--awb-width-large:33.333333333333%;--awb-margin-top-large:0px;--awb-spacing-right-large:5.76%;--awb-margin-bottom-large:20px;--awb-spacing-left-large:5.76%;--awb-width-medium:100%;--awb-order-medium:0;--awb-spacing-right-medium:1.92%;--awb-spacing-left-medium:1.92%;--awb-width-small:100%;--awb-order-small:0;--awb-spacing-right-small:1.92%;--awb-spacing-left-small:1.92%;\"><div class=\"fusion-column-wrapper fusion-column-has-shadow fusion-flex-justify-content-flex-start fusion-content-layout-column\"><div class=\"fusion-builder-row fusion-builder-row-inner fusion-row fusion-flex-align-items-flex-start fusion-flex-content-wrap\" style=\"width:104% !important;max-width:104% !important;margin-left: calc(-4% \/ 2 );margin-right: calc(-4% \/ 2 );\"><div class=\"fusion-layout-column fusion_builder_column_inner fusion-builder-nested-column-0 fusion_builder_column_inner_1_1 1_1 fusion-flex-column\" style=\"--awb-bg-blend:overlay;--awb-bg-size:cover;--awb-width-large:100%;--awb-margin-top-large:0px;--awb-spacing-right-large:1.92%;--awb-margin-bottom-large:20px;--awb-spacing-left-large:1.92%;--awb-width-medium:100%;--awb-spacing-right-medium:1.92%;--awb-spacing-left-medium:1.92%;--awb-width-small:100%;--awb-spacing-right-small:1.92%;--awb-spacing-left-small:1.92%;\"><div class=\"fusion-column-wrapper fusion-flex-justify-content-flex-start fusion-content-layout-column\"><div class=\"fusion-text fusion-text-8\"><h4 style=\"text-align: right;\">Un regard d&#8217;artiste sur la r\u00e9gion polaire Arctique<\/h4>\n<p style=\"text-align: right;\">Porter un regard d&#8217;artiste sur cette r\u00e9gion est son premier objectif. Au-del\u00e0 des fantasmes et des l\u00e9gendes, le P\u00f4le Nord conna\u00eet une br\u00fblante actualit\u00e9. Sa situation g\u00e9ographique o\u00f9 s\u2019entrecroisent des routes maritimes nouvellement ouvertes par la fonte des glaces ainsi que ses abondantes ressources g\u00e9ologiques et halieutiques en font une zone strat\u00e9gique mondiale en devenir. Celles-ci font l\u2019objet de nombreuses convoitises internationales qui, si elles sont assouvies, engendreront des destructions incommensurables pour l&#8217;ensemble de la biosph\u00e8re.<\/p>\n<\/div><\/div><\/div><\/div><\/div><\/div><div class=\"fusion-layout-column fusion_builder_column fusion-builder-column-7 fusion_builder_column_1_3 1_3 fusion-flex-column\" style=\"--awb-bg-blend:overlay;--awb-bg-size:cover;--awb-width-large:33.333333333333%;--awb-margin-top-large:0px;--awb-spacing-right-large:5.76%;--awb-margin-bottom-large:20px;--awb-spacing-left-large:5.76%;--awb-width-medium:100%;--awb-spacing-right-medium:1.92%;--awb-spacing-left-medium:1.92%;--awb-width-small:100%;--awb-spacing-right-small:1.92%;--awb-spacing-left-small:1.92%;\"><div class=\"fusion-column-wrapper fusion-flex-justify-content-flex-start fusion-content-layout-column\"><div class=\"fusion-image-element \" style=\"--awb-caption-title-font-family:var(--h2_typography-font-family);--awb-caption-title-font-weight:var(--h2_typography-font-weight);--awb-caption-title-font-style:var(--h2_typography-font-style);--awb-caption-title-size:var(--h2_typography-font-size);--awb-caption-title-transform:var(--h2_typography-text-transform);--awb-caption-title-line-height:var(--h2_typography-line-height);--awb-caption-title-letter-spacing:var(--h2_typography-letter-spacing);\"><span class=\" fusion-imageframe imageframe-none imageframe-1 hover-type-none\"><img decoding=\"async\" width=\"1920\" height=\"2560\" alt=\"sentinelles du climat\" title=\"sentinelles du climat\" src=\"https:\/\/bertillegentil.com\/wp-content\/uploads\/2019\/08\/Gold-on-Ice106.jpg\" class=\"img-responsive wp-image-3198\" srcset=\"https:\/\/bertillegentil.com\/wp-content\/uploads\/2019\/08\/Gold-on-Ice106-200x267.jpg 200w, https:\/\/bertillegentil.com\/wp-content\/uploads\/2019\/08\/Gold-on-Ice106-400x533.jpg 400w, https:\/\/bertillegentil.com\/wp-content\/uploads\/2019\/08\/Gold-on-Ice106-600x800.jpg 600w, https:\/\/bertillegentil.com\/wp-content\/uploads\/2019\/08\/Gold-on-Ice106-800x1067.jpg 800w, https:\/\/bertillegentil.com\/wp-content\/uploads\/2019\/08\/Gold-on-Ice106-1200x1600.jpg 1200w, https:\/\/bertillegentil.com\/wp-content\/uploads\/2019\/08\/Gold-on-Ice106.jpg 1920w\" sizes=\"(max-width: 1024px) 100vw, (max-width: 640px) 100vw, 400px\" \/><\/span><\/div><\/div><\/div><div class=\"fusion-layout-column fusion_builder_column fusion-builder-column-8 fusion_builder_column_1_3 1_3 fusion-flex-column\" style=\"--awb-bg-size:cover;--awb-width-large:33.333333333333%;--awb-margin-top-large:0px;--awb-spacing-right-large:5.76%;--awb-margin-bottom-large:20px;--awb-spacing-left-large:5.76%;--awb-width-medium:100%;--awb-order-medium:0;--awb-spacing-right-medium:1.92%;--awb-spacing-left-medium:1.92%;--awb-width-small:100%;--awb-order-small:0;--awb-spacing-right-small:1.92%;--awb-spacing-left-small:1.92%;\"><div class=\"fusion-column-wrapper fusion-column-has-shadow fusion-flex-justify-content-flex-start fusion-content-layout-column\"><div class=\"fusion-builder-row fusion-builder-row-inner fusion-row fusion-flex-align-items-flex-start fusion-flex-content-wrap\" style=\"width:104% !important;max-width:104% !important;margin-left: calc(-4% \/ 2 );margin-right: calc(-4% \/ 2 );\"><div class=\"fusion-layout-column fusion_builder_column_inner fusion-builder-nested-column-1 fusion_builder_column_inner_1_1 1_1 fusion-flex-column\" style=\"--awb-bg-blend:overlay;--awb-bg-size:cover;--awb-width-large:100%;--awb-margin-top-large:0px;--awb-spacing-right-large:1.92%;--awb-margin-bottom-large:20px;--awb-spacing-left-large:1.92%;--awb-width-medium:100%;--awb-spacing-right-medium:1.92%;--awb-spacing-left-medium:1.92%;--awb-width-small:100%;--awb-spacing-right-small:1.92%;--awb-spacing-left-small:1.92%;\"><div class=\"fusion-column-wrapper fusion-flex-justify-content-flex-start fusion-content-layout-column\"><div class=\"fusion-text fusion-text-9\"><h4>Un monde hant\u00e9<\/h4>\n<p>Les \u0153uvres produites apporteront leur lumi\u00e8re sur cette r\u00e9gion du monde hant\u00e9e \u00e0 pr\u00e9sent par le spectre d&#8217;un d\u00e9sastre environnemental majeur. L\u2019ensemble de ces actes de cr\u00e9ations individuels et collectifs, qui incarneront une v\u00e9ritable relation avec les \u00e9cosyst\u00e8mes du P\u00f4le, sont l\u2019apport exceptionnel et unique de ce laboratoire flottant. L\u2019exp\u00e9dition et le s\u00e9jour polaire fournissent une exp\u00e9rience partag\u00e9e \u00e0 se participants pour aborder les enjeux cruciaux de notre \u00e9poque \u00e0 travers une pluralit\u00e9 de perspectives<\/p>\n<\/div><\/div><\/div><\/div><\/div><\/div><\/div><\/div><\/p>\n","protected":false},"excerpt":{"rendered":"","protected":false},"author":1,"featured_media":0,"parent":0,"menu_order":0,"comment_status":"closed","ping_status":"closed","template":"","meta":{"footnotes":""},"class_list":["post-3384","page","type-page","status-publish","hentry"],"translation":{"provider":"WPGlobus","version":"3.0.2","language":"en","enabled_languages":["fr","en"],"languages":{"fr":{"title":true,"content":true,"excerpt":false},"en":{"title":false,"content":false,"excerpt":false}}},"_links":{"self":[{"href":"https:\/\/bertillegentil.com\/en\/wp-json\/wp\/v2\/pages\/3384","targetHints":{"allow":["GET"]}}],"collection":[{"href":"https:\/\/bertillegentil.com\/en\/wp-json\/wp\/v2\/pages"}],"about":[{"href":"https:\/\/bertillegentil.com\/en\/wp-json\/wp\/v2\/types\/page"}],"author":[{"embeddable":true,"href":"https:\/\/bertillegentil.com\/en\/wp-json\/wp\/v2\/users\/1"}],"replies":[{"embeddable":true,"href":"https:\/\/bertillegentil.com\/en\/wp-json\/wp\/v2\/comments?post=3384"}],"version-history":[{"count":51,"href":"https:\/\/bertillegentil.com\/en\/wp-json\/wp\/v2\/pages\/3384\/revisions"}],"predecessor-version":[{"id":6878,"href":"https:\/\/bertillegentil.com\/en\/wp-json\/wp\/v2\/pages\/3384\/revisions\/6878"}],"wp:attachment":[{"href":"https:\/\/bertillegentil.com\/en\/wp-json\/wp\/v2\/media?parent=3384"}],"curies":[{"name":"wp","href":"https:\/\/api.w.org\/{rel}","templated":true}]}}