{"id":3550,"date":"2019-11-15T01:03:26","date_gmt":"2019-11-15T00:03:26","guid":{"rendered":"http:\/\/bertillegentil.com\/?page_id=3550"},"modified":"2019-11-15T01:11:01","modified_gmt":"2019-11-15T00:11:01","slug":"alive-2","status":"publish","type":"page","link":"https:\/\/bertillegentil.com\/en\/alive-2\/","title":{"rendered":"Alive"},"content":{"rendered":"<p><div class=\"fusion-fullwidth fullwidth-box fusion-builder-row-1 nonhundred-percent-fullwidth non-hundred-percent-height-scrolling\" style=\"--awb-border-radius-top-left:0px;--awb-border-radius-top-right:0px;--awb-border-radius-bottom-right:0px;--awb-border-radius-bottom-left:0px;--awb-flex-wrap:wrap;\" ><div class=\"fusion-builder-row fusion-row\"><div class=\"fusion-layout-column fusion_builder_column fusion-builder-column-0 fusion_builder_column_1_2 1_2 fusion-one-half fusion-column-first\" style=\"--awb-bg-size:cover;width:50%;width:calc(50% - ( ( 4% ) * 0.5 ) );margin-right: 4%;\"><div class=\"fusion-column-wrapper fusion-flex-column-wrapper-legacy\"><div class=\"fusion-text fusion-text-1\"><h3>France &#8211; India<\/h3>\n<\/div><div class=\"fusion-clearfix\"><\/div><\/div><\/div><div class=\"fusion-layout-column fusion_builder_column fusion-builder-column-1 fusion_builder_column_1_2 1_2 fusion-one-half fusion-column-last\" style=\"--awb-bg-size:cover;width:50%;width:calc(50% - ( ( 4% ) * 0.5 ) );\"><div class=\"fusion-column-wrapper fusion-flex-column-wrapper-legacy\"><div class=\"fusion-clearfix\"><\/div><\/div><\/div><\/div><\/div><div class=\"fusion-fullwidth fullwidth-box fusion-builder-row-2 nonhundred-percent-fullwidth non-hundred-percent-height-scrolling\" style=\"--awb-border-radius-top-left:0px;--awb-border-radius-top-right:0px;--awb-border-radius-bottom-right:0px;--awb-border-radius-bottom-left:0px;--awb-flex-wrap:wrap;\" ><div class=\"fusion-builder-row fusion-row\"><div class=\"fusion-layout-column fusion_builder_column fusion-builder-column-2 fusion_builder_column_1_2 1_2 fusion-one-half fusion-column-first\" style=\"--awb-bg-size:cover;width:50%;width:calc(50% - ( ( 4% ) * 0.5 ) );margin-right: 4%;\"><div class=\"fusion-column-wrapper fusion-flex-column-wrapper-legacy\"><div class=\"fusion-text fusion-text-2\"><div id=\"gt-res-content\">\n<div id=\"gt-res-dir-ctr\" class=\"trans-verified-button-small\" dir=\"ltr\">\n<p><span class=\"\">The Alive project, which is constantly expanding, is vast and ambitious.<\/span><\/p>\n<p><span class=\"\">It traces the universally personal history of inner progress, of spiritual awakening.<\/span><br \/>\n<span class=\"\">It deals with human societies and their relationship to the world.<\/span><br \/>\n<span class=\"\">He talks about mysticism, philosophy and quantum physics.<\/span><\/p>\n<p><span class=\"\">The forms are and will be varied in their pictorial expressions, drawings, paintings, digital images, videos, installations, texts.<\/span><br \/>\n<span class=\"\">The genesis of the project:<\/span><\/p>\n<p><span class=\"\">My years of Parisian wandering correspond to the loss, to the material and sentimental stripping.<\/span><br \/>\n<span class=\"\">They also correspond to the enrichment and deepening of my knowledge of our human condition.<\/span><\/p>\n<p><span class=\"\">The objective conditions of production define their forms.<\/span> <span class=\"\">Without studio, I had in my pocket, like everyone else, my Iphone that I use to take photographic and written notes.<\/span><\/p>\n<\/div>\n<\/div>\n<\/div><div class=\"fusion-clearfix\"><\/div><\/div><\/div><div class=\"fusion-layout-column fusion_builder_column fusion-builder-column-3 fusion_builder_column_1_2 1_2 fusion-one-half fusion-column-last\" style=\"--awb-bg-size:cover;width:50%;width:calc(50% - ( ( 4% ) * 0.5 ) );\"><div class=\"fusion-column-wrapper fusion-flex-column-wrapper-legacy\"><div class=\"fusion-text fusion-text-3\"><p>&nbsp;<\/p>\n<p><span id=\"result_box\" class=\"\" lang=\"en\"><span title=\"Les dessins que je faisais sur les coins de table ont \u00e9t\u00e9 num\u00e9ris\u00e9s, int\u00e9gr\u00e9s \u00e0 mes photos et travaill\u00e9s sur Photoshop. \">The drawings I made on the corners of the table were digitized, integrated into my photos and worked on Photoshop.<\/span><\/span><\/p>\n<p><span title=\"L\u2019id\u00e9e a germ\u00e9e de r\u00e9unir mes notes photographiques, mes dessins, mes r\u00e9flexions, pour en faire une \u0153uvre.\">The idea has germinated to gather my photographic notes, my drawings, my reflections, to make a work. <\/span><span title=\"Un fil temporel et graphique d\u00e9roule les \u00e9tats d\u2019esprit, les r\u00e9flexions, les \u00e9motions qui ont anim\u00e9 ce cheminement int\u00e9rieur ouvert sur le monde. \">A temporal and graphic thread unfolds the states of mind, the reflections, the emotions that have animated this inner journey open to the world.<br \/>\n<\/span><span title=\"Certaines attendent depuis plusieurs ann\u00e9es d\u2019\u00eatre imprim\u00e9es en grands formats et retravaill\u00e9es, ou non, \u00e0 l\u2019acrylique ou au pastel. \">Some have been waiting for several years to be printed in large formats and reworked, or not, acrylic or pastel.<\/span><\/p>\n<p><span title=\"Vivant et communiquant pour et par la pratique artistique, fid\u00e8le \u00e0 la conception de Jung, je donne \u00e0 toutes les formes picturales le droit de voir le jour, sans jugement moral ni esth\u00e9tique.\">Living and communicating for and through artistic practice, faithful to Jung&#8217;s conception, I give all pictorial forms the right to see the light without moral judgment or aesthetics. <\/span><span title=\"J'ai besoin qu'elles existent, qu'elles racontent la violence, la peur, la fuite, l'ins\u00e9curit\u00e9, le refuge, l'immanence des choses, notre vain attachement, la joie, l'amour, la libert\u00e9, la\">I need them to exist, to relate violence, fear, flight, insecurity, refuge, the immanence of things, our vain attachment, joy, love, freedom, <\/span><span title=\"bienveillance. \">benevolence.<\/span><\/p>\n<p><span title=\"Le temps est venu o\u00f9 les s\u00e9ries qui le composent voient le jour \u00e0 l\u2019Atelier Serendipity que j\u2019ai int\u00e9gr\u00e9 cet hiver. \">The time has come when the series that compose it are born at the Atelier Serendipity that I have integrated this winter.<\/span><\/p>\n<p><span title=\"Ces \u0153uvres seront mises en lignes lorsqu\u2019elles auront \u00e9t\u00e9 expos\u00e9es In Real Live. \">These works will be put online when they have been exhibited In Real Live.<br \/>\n<\/span><span title=\"Chacune de ces s\u00e9ries est connect\u00e9e avec les autres tout en ayant son destin propre.\">Each of these series is connected with the others while having its own destiny.<\/span><\/p>\n<p>&nbsp;<\/p>\n<\/div><div class=\"fusion-clearfix\"><\/div><\/div><\/div><\/div><\/div><div class=\"fusion-fullwidth fullwidth-box fusion-builder-row-3 nonhundred-percent-fullwidth non-hundred-percent-height-scrolling\" style=\"--awb-border-radius-top-left:0px;--awb-border-radius-top-right:0px;--awb-border-radius-bottom-right:0px;--awb-border-radius-bottom-left:0px;--awb-flex-wrap:wrap;\" ><div class=\"fusion-builder-row fusion-row\"><div class=\"fusion-layout-column fusion_builder_column fusion-builder-column-4 fusion_builder_column_1_1 1_1 fusion-one-full fusion-column-first fusion-column-last\" style=\"--awb-padding-top:1px;--awb-padding-bottom:0px;--awb-bg-color:#000000;--awb-bg-color-hover:#000000;--awb-bg-size:cover;\"><div class=\"fusion-column-wrapper fusion-flex-column-wrapper-legacy\"><div class=\"fusion-column-content-centered\"><div class=\"fusion-column-content\"><div class=\"fusion-sep-clear\"><\/div><div class=\"fusion-separator fusion-no-large-visibility fusion-full-width-sep\" style=\"margin-left: auto;margin-right: auto;margin-top:15px;margin-bottom:15px;width:100%;\"><div class=\"fusion-separator-border sep-single sep-solid\" style=\"--awb-height:20px;--awb-amount:20px;--awb-sep-color:#000000;border-color:#000000;border-top-width:1px;\"><\/div><\/div><div class=\"fusion-sep-clear\"><\/div><\/div><\/div><div class=\"fusion-clearfix\"><\/div><\/div><\/div><div class=\"fusion-layout-column fusion_builder_column fusion-builder-column-5 fusion_builder_column_1_2 1_2 fusion-one-half fusion-column-first\" style=\"--awb-bg-size:cover;width:50%;width:calc(50% - ( ( 4% ) * 0.5 ) );margin-right: 4%;\"><div class=\"fusion-column-wrapper fusion-flex-column-wrapper-legacy\"><div class=\"fusion-text fusion-text-4\"><h4><span id=\"result_box\" class=\"\" lang=\"en\"><span title=\"Chapitres du projet \u00ab Alive \u00bb \">Chapters of the project &#8220;Renaissance&#8221;<\/span><\/span><\/h4>\n<p><span id=\"result_box\" class=\"\" lang=\"en\"><span title=\"Chapitres du projet \u00ab Alive \u00bb \"><\/p>\n<\/div><div class=\"fusion-clearfix\"><\/div><\/div><\/div><div class=\"fusion-layout-column fusion_builder_column fusion-builder-column-6 fusion_builder_column_1_2 1_2 fusion-one-half fusion-column-last\" style=\"--awb-bg-size:cover;width:50%;width:calc(50% - ( ( 4% ) * 0.5 ) );\"><div class=\"fusion-column-wrapper fusion-flex-column-wrapper-legacy\"><div class=\"fusion-clearfix\"><\/div><\/div><\/div><\/div><\/div><div class=\"fusion-fullwidth fullwidth-box fusion-builder-row-4 nonhundred-percent-fullwidth non-hundred-percent-height-scrolling\" style=\"--awb-border-radius-top-left:0px;--awb-border-radius-top-right:0px;--awb-border-radius-bottom-right:0px;--awb-border-radius-bottom-left:0px;--awb-flex-wrap:wrap;\" ><div class=\"fusion-builder-row fusion-row\"><div class=\"fusion-layout-column fusion_builder_column fusion-builder-column-7 fusion_builder_column_1_2 1_2 fusion-one-half fusion-column-first\" style=\"--awb-bg-size:cover;width:50%;width:calc(50% - ( ( 4% ) * 0.5 ) );margin-right: 4%;\"><div class=\"fusion-column-wrapper fusion-flex-column-wrapper-legacy\"><div class=\"fusion-text fusion-text-5\"><p><\/span><\/span><\/p>\n<h4><span id=\"result_box\" class=\"\" lang=\"en\"><span title=\"Chapitres du projet \u00ab Alive \u00bb \"><br \/>\n<\/span><span title=\"Chapitre 1 \u2013 La femme sauvage \u2013 \">Chapter 1 &#8211; The Wild Woman &#8211;<\/span><\/span><\/h4>\n<p><span title=\"La vie des femmes.\">The life of women. <\/span><span title=\"Tient son titre de l\u2019ouvrage de Pinkola Est\u00e9s : \u00ab Femmes qui courent avec les loups \u00bb dans lequel j\u2019ai puis\u00e9 le courage de m\u2019enfuir de ma maison devenue la gueule du requin. \">Holds the title of Pinkola Est\u00e9s: &#8220;Women running with wolves&#8221; in which I drew the courage to run away from my house, which had become the shark&#8217;s mouth.<br \/>\n<\/span><span title=\"Bien au-del\u00e0 de moi il s\u2019agit de toutes mes s\u0153urs qui subissent quotidiennement les multiples d\u00e9g\u00e2ts caus\u00e9s par les soci\u00e9t\u00e9s patriarcales \u00e0 la moiti\u00e9 f\u00e9minine de l\u2019humanit\u00e9. \">Beyond me are all my sisters who suffer daily the multiple damage caused by patriarchal societies to the female half of humanity.<br \/>\n<\/span><span title=\"Le danger, la peur, l'instinct de survie, le courage, la solitude, la tristesse, la dislocation, l'an\u00e9antissement, l'ab\u00eeme, la survie, les pi\u00e8ges, l'entraide, l'amiti\u00e9, le sexe, la\">Danger, fear, instinct for survival, courage, loneliness, sadness, dislocation, annihilation, abyss, survival, traps, mutual help, friendship, sex, <\/span><span title=\"chance, la danse, la libert\u00e9, la cr\u00e9ation. \">Luck, dance, freedom, creation.<br \/>\n<\/span><span title=\"S\u00e9rie de dessins avec l\u2019origine du R\u00eave de l\u2019Ourse Bleue. \">Series of drawings with the origin of the Dream of the Blue Bear.<\/span><\/p>\n<p><span title=\"Apparitions, ou comment, nous les femmes, trouvons -souvent- force et r\u00e9confort. \">Appearances, or how, we women, often find strength and comfort.<br \/>\n<\/span><span title=\"Pr\u00e9sences f\u00e9minines.\">Female presence. <\/span><span title=\"Poup\u00e9e dans la poche. \">Doll in the pocket.<br \/>\n<\/span><span title=\"Photos tirages num\u00e9riques rehauss\u00e9s encre, pastels et acrylique. \">Photos digital prints enhanced ink, pastels and acrylic.<\/span><\/p>\n<h4><span title=\"Photos tirages num\u00e9riques rehauss\u00e9s encre, pastels et acrylique. \"><br \/>\n<\/span><span title=\"Chapitre 2 \u2013 Champs de cinabre \u2013 \">Chapter 2 &#8211; Cinnabar Fields &#8211;<\/span><\/h4>\n<p><span title=\"Le Chi, l\u2019\u00e9nergie vitale dans les cultures chinoise et japonaise \u2013 Le Souffle, Spiritus sanctus pour l\u2019occident chr\u00e9tien\u2013 Prana et Ojas pour la philosophie indienne. \">Chi, vital energy in Chinese and Japanese cultures &#8211; The Breath, Spiritus sanctus for the Christian West &#8211; Prana and Ojas for Indian philosophy.<br \/>\n<\/span><span title=\"Paysages, marches m\u00e9ditatives, dessins de courants telluriques. \">Landscapes, meditative marches, drawings of telluric currents.<br \/>\n<\/span><span title=\"Photos tirages num\u00e9riques rehauss\u00e9s encre, pastels et acrylique. \">Photos digital prints enhanced ink, pastels and acrylic.<\/span><\/p>\n<h4><span title=\"Photos tirages num\u00e9riques rehauss\u00e9s encre, pastels et acrylique. \"><br \/>\n<\/span><span title=\"Chapitre 3 \u2013 Blues \u2013 \">Chapter 3 &#8211; Blues &#8211;<\/span><\/h4>\n<p><span title=\"Dessins m\u00e9decins.\">Doctors drawings.<\/span><\/p>\n<\/div><div class=\"fusion-clearfix\"><\/div><\/div><\/div><div class=\"fusion-layout-column fusion_builder_column fusion-builder-column-8 fusion_builder_column_1_2 1_2 fusion-one-half fusion-column-last\" style=\"--awb-bg-size:cover;width:50%;width:calc(50% - ( ( 4% ) * 0.5 ) );\"><div class=\"fusion-column-wrapper fusion-flex-column-wrapper-legacy\"><div class=\"fusion-text fusion-text-6\"><div id=\"gt-res-content\">\n<div id=\"gt-res-dir-ctr\" class=\"trans-verified-button-small\" dir=\"ltr\">\n<h4><span id=\"result_box\" class=\"\" lang=\"en\"><span title=\"Chapitre 4 \u2013 Minotaures \u2013 \">Chapter 4 &#8211; Minotaurs &#8211;<\/span><\/span><\/h4>\n<p><span title=\"Minotaures, vaches sacr\u00e9es et labyrinthe. \">Minotaurs, sacred cows and labyrinth.<br \/>\n<\/span><span title=\"Ou comment les mythes sont partag\u00e9s par les cultures. \">Or how myths are shared by cultures.<br \/>\n<\/span><span title=\"photos tirages num\u00e9riques rehauss\u00e9s encre pastels acrylique \">Photos digital prints enhanced ink pastels acrylic<\/span><\/p>\n<h4><span title=\"photos tirages num\u00e9riques rehauss\u00e9s encre pastels acrylique \"><br \/>\n<\/span><span title=\"Chapitre 5 \u2013 Data Love \u2013 \">Chapter 5 &#8211; Data Love &#8211;<\/span><\/h4>\n<p><span title=\"La physique quantique inspirante. \">Inspiring quantum physics.<br \/>\n<\/span><span title=\"dessins vectoriels tirages num\u00e9riques \">Vector drawings digital prints<\/span><\/p>\n<h4><span title=\"dessins vectoriels tirages num\u00e9riques \"><br \/>\n<\/span><span title=\"Chapitre 6 \u2013 Collections particuli\u00e8res \u2013 \">Chapter 6 &#8211; Special Collections &#8211;<\/span><\/h4>\n<p>&nbsp;<\/p>\n<h4><span title=\"Chapitre 7 \u2013 Le monde en vrai \u2013 To be or not \u2013 \">Chapter 7 &#8211; The World in Truth &#8211; To be or not &#8211;<\/span><\/h4>\n<p><span title=\"Les smartphones, les \u00e9crans\u2026.Le monde au bout des doigts, tout, les lieux, la connaissance, les avis, les conflits, les accords, tout dans ce petit objet qui tient dans la main de chacun de nous tous, tout autour du\">Smartphones, screens &#8230; The world at the fingertips, everything, places, knowledge, opinions, conflicts, chords, everything in this little object that holds in the hand of each of us all, all around the <\/span><span title=\"monde.\">world. <\/span><span title=\"Cette quintessence de l\u2019esprit humain et sa divulgation qui forment la noosph\u00e8re, le terreau de la r\u00e9volution no\u00e9tique. \">This quintessence of the human spirit and its disclosure which form the noosphere, the breeding ground of the noetic revolution.<\/span><\/p>\n<p><span title=\"Ph\u00e9nom\u00e8ne vertigineux et hypnotique que cette gigantesque mise en ab\u00eeme de nos vies \u00e0 tous dans l\u2019in\u00e9puisable flot du Data. \">A vertiginous and hypnotic phenomenon that this gigantic mise en abyss of our lives to all in the inexhaustible flow of the Data.<br \/>\n<\/span><span title=\"Flot dans lequel je pr\u00e9l\u00e8ve ce qui me semble pertinent tant d\u2019un point de vue sociologique que po\u00e9tique, et qui forme la mati\u00e8re premi\u00e8re de ma cr\u00e9ation.\">Flot in which I take what seems to me relevant from both a sociological and a poetic point of view, and which forms the raw material of my creation.<\/span><\/p>\n<\/div>\n<\/div>\n<\/div><div class=\"fusion-clearfix\"><\/div><\/div><\/div><\/div><\/div><\/p>\n","protected":false},"excerpt":{"rendered":"","protected":false},"author":1,"featured_media":0,"parent":0,"menu_order":0,"comment_status":"closed","ping_status":"closed","template":"","meta":{"footnotes":""},"class_list":["post-3550","page","type-page","status-publish","hentry"],"translation":{"provider":"WPGlobus","version":"3.0.2","language":"en","enabled_languages":["fr","en"],"languages":{"fr":{"title":true,"content":true,"excerpt":false},"en":{"title":true,"content":true,"excerpt":false}}},"_links":{"self":[{"href":"https:\/\/bertillegentil.com\/en\/wp-json\/wp\/v2\/pages\/3550","targetHints":{"allow":["GET"]}}],"collection":[{"href":"https:\/\/bertillegentil.com\/en\/wp-json\/wp\/v2\/pages"}],"about":[{"href":"https:\/\/bertillegentil.com\/en\/wp-json\/wp\/v2\/types\/page"}],"author":[{"embeddable":true,"href":"https:\/\/bertillegentil.com\/en\/wp-json\/wp\/v2\/users\/1"}],"replies":[{"embeddable":true,"href":"https:\/\/bertillegentil.com\/en\/wp-json\/wp\/v2\/comments?post=3550"}],"version-history":[{"count":0,"href":"https:\/\/bertillegentil.com\/en\/wp-json\/wp\/v2\/pages\/3550\/revisions"}],"wp:attachment":[{"href":"https:\/\/bertillegentil.com\/en\/wp-json\/wp\/v2\/media?parent=3550"}],"curies":[{"name":"wp","href":"https:\/\/api.w.org\/{rel}","templated":true}]}}