{"id":4134,"date":"2020-02-23T15:19:01","date_gmt":"2020-02-23T14:19:01","guid":{"rendered":"https:\/\/bertillegentil.com\/?page_id=4134"},"modified":"2020-02-23T15:19:01","modified_gmt":"2020-02-23T14:19:01","slug":"page-d-exemple-2-2-2-2","status":"publish","type":"page","link":"https:\/\/bertillegentil.com\/en\/page-d-exemple-2-2-2-2\/","title":{"rendered":"Arctic Week"},"content":{"rendered":"<p><div class=\"fusion-fullwidth fullwidth-box fusion-builder-row-1 nonhundred-percent-fullwidth non-hundred-percent-height-scrolling\" style=\"--awb-border-radius-top-left:0px;--awb-border-radius-top-right:0px;--awb-border-radius-bottom-right:0px;--awb-border-radius-bottom-left:0px;--awb-flex-wrap:wrap;\" ><div class=\"fusion-builder-row fusion-row\"><div class=\"fusion-layout-column fusion_builder_column fusion-builder-column-0 fusion_builder_column_1_1 1_1 fusion-one-full fusion-column-first fusion-column-last\" style=\"--awb-bg-size:cover;\"><div class=\"fusion-column-wrapper fusion-flex-column-wrapper-legacy\"><div class=\"fusion-text fusion-text-1\"><h5>The serie <a href=\"http:\/\/bertillegentil.com\/gold-on-ice\/\">\u2018\u2018Gold on Ice\u2018\u2018<\/a> exposed at the\u00a0 Foreign Office in Paris dec 9<em>th<\/em>\u00a0 to dec 13 <em>th<\/em> 2019<\/h5>\n<\/div><div class=\"fusion-clearfix\"><\/div><\/div><\/div><\/div><\/div><div class=\"fusion-fullwidth fullwidth-box fusion-builder-row-2 nonhundred-percent-fullwidth non-hundred-percent-height-scrolling\" style=\"--awb-border-radius-top-left:0px;--awb-border-radius-top-right:0px;--awb-border-radius-bottom-right:0px;--awb-border-radius-bottom-left:0px;--awb-flex-wrap:wrap;\" ><div class=\"fusion-builder-row fusion-row\"><div class=\"fusion-layout-column fusion_builder_column fusion-builder-column-1 fusion_builder_column_1_1 1_1 fusion-one-full fusion-column-first fusion-column-last\" style=\"--awb-bg-size:cover;\"><div class=\"fusion-column-wrapper fusion-flex-column-wrapper-legacy\"><div class=\"fusion-text fusion-text-2\"><p>&#8220;GOLD ON ICE&#8221; une s\u00e9rie de Land Art r\u00e9alis\u00e9e en juin 2019, en Arctic.<\/p>\n<p>Des couvertures de survies install\u00e9es sur le bord des glaciers et des rivages et qui \u00e9voquent la d\u00e9tresse du vivant.<\/p>\n<\/div><div class=\"fusion-text fusion-text-3 fusion-no-small-visibility\"><p><a href=\"http:\/\/arctique.ovsq.fr\/arctic-week-2019\" target=\"_blank\" rel=\"noopener noreferrer\"><img decoding=\"async\" class=\"alignnone size-full wp-image-3861\" src=\"http:\/\/bertillegentil.com\/wp-content\/uploads\/2019\/12\/Couv-Programme-Artic-Week-2019-1.jpg\" alt=\"\" width=\"1580\" height=\"2255\" srcset=\"https:\/\/bertillegentil.com\/wp-content\/uploads\/2019\/12\/Couv-Programme-Artic-Week-2019-1-210x300.jpg 210w, https:\/\/bertillegentil.com\/wp-content\/uploads\/2019\/12\/Couv-Programme-Artic-Week-2019-1-538x768.jpg 538w, https:\/\/bertillegentil.com\/wp-content\/uploads\/2019\/12\/Couv-Programme-Artic-Week-2019-1-717x1024.jpg 717w, https:\/\/bertillegentil.com\/wp-content\/uploads\/2019\/12\/Couv-Programme-Artic-Week-2019-1-768x1096.jpg 768w, https:\/\/bertillegentil.com\/wp-content\/uploads\/2019\/12\/Couv-Programme-Artic-Week-2019-1-1076x1536.jpg 1076w, https:\/\/bertillegentil.com\/wp-content\/uploads\/2019\/12\/Couv-Programme-Artic-Week-2019-1-1200x1713.jpg 1200w, https:\/\/bertillegentil.com\/wp-content\/uploads\/2019\/12\/Couv-Programme-Artic-Week-2019-1-1435x2048.jpg 1435w, https:\/\/bertillegentil.com\/wp-content\/uploads\/2019\/12\/Couv-Programme-Artic-Week-2019-1.jpg 1580w\" sizes=\"(max-width: 1580px) 100vw, 1580px\" \/><\/a><\/p>\n<\/div><div class=\"fusion-clearfix\"><\/div><\/div><\/div><div class=\"fusion-layout-column fusion_builder_column fusion-builder-column-2 fusion_builder_column_1_1 1_1 fusion-one-full fusion-column-first fusion-column-last\" style=\"--awb-bg-size:cover;\"><div class=\"fusion-column-wrapper fusion-flex-column-wrapper-legacy\">\r\n\t\t\t\t\t\n\r\n\t\t\t\t\t<!-- START UNITE GALLERY 1.7.62 -->\r\n\t\t\t\t\t\r\n\t\t\t\t\n\t\t\t<div id='unitegallery_49_1' class='unite-gallery' style='margin:0px auto;'>\n\t\t\t\t\n\n\t\t\t\t\t\t<img decoding=\"async\" alt=\"Invitation-Arctic-Week-BG\"\n\t\t\t\t\t\t     src=\"\" data-image=\"https:\/\/bertillegentil.com\/wp-content\/uploads\/2019\/12\/Invitation-Arctic-Week-BG.jpg\"\n\t\t\t\t\t\t     data-thumb=\"https:\/\/bertillegentil.com\/wp-content\/uploads\/2019\/12\/Invitation-Arctic-Week-BG-768x576.jpg\"\n\t\t\t\t\t\t     title=\"\"\n\t\t\t\t\t\t     style=\"display:none\">\n\n\t\t\t\t\t\t<img decoding=\"async\" alt=\"Invitation-Gold-on-Ice-BG\"\n\t\t\t\t\t\t     src=\"\" data-image=\"https:\/\/bertillegentil.com\/wp-content\/uploads\/2019\/12\/Invitation-Gold-on-Ice-BG.jpg\"\n\t\t\t\t\t\t     data-thumb=\"https:\/\/bertillegentil.com\/wp-content\/uploads\/2019\/12\/Invitation-Gold-on-Ice-BG-768x367.jpg\"\n\t\t\t\t\t\t     title=\"\"\n\t\t\t\t\t\t     style=\"display:none\">\n\t\t\t<\/div>\n\n\t\t\t<script type='text\/javascript'>\n\t\t\t\twindow.onload = function(e) {\n\t\t\t\t\tif(typeof ugCheckForErrors == \"undefined\"){\n\t\t\t\t\t\tdocument.getElementById(\"unitegallery_49_1\").innerHTML = \"<span style='color:red'>Unite Gallery Error - gallery js and css files not included in the footer. Please make sure that wp_footer() function is added to your theme.<\/span>\";}\n\t\t\t\t\telse{ ugCheckForErrors(\"unitegallery_49_1\", \"jquery\");}\n\t\t\t\t};\n\t\t\t<\/script>\n\n\t\t\t<!-- END UNITEGALLERY --><div class=\"fusion-text fusion-text-4\"><pre style=\"text-align: left;\"><span style=\"color: #ff6600;\">The serie <a href=\"http:\/\/bertillegentil.com\/gold-on-ice\/\">\u2018\u2018Gold on Ice\u2018\u2018<\/a> exposed at <a href=\"https:\/\/www.facebook.com\/lemarielleparis\/\" target=\"_blank\" rel=\"noopener noreferrer\">the\u00a0 Marielle <\/a><\/span><span class=\"_l1a\" style=\"color: #ff6600;\">26 Rue du Bouloi, Paris 75001<\/span><span style=\"color: #ff6600;\">\r\ndec 12<em>th<\/em>  and dec 13 <em>th<\/em> 2019<\/span><\/pre>\n<p><span style=\"color: #ff6600;\">\u00a0<\/span><\/p>\n<\/div><div class=\"fusion-clearfix\"><\/div><\/div><\/div><div class=\"fusion-layout-column fusion_builder_column fusion-builder-column-3 fusion_builder_column_1_1 1_1 fusion-one-full fusion-column-first fusion-column-last\" style=\"--awb-bg-size:cover;\"><div class=\"fusion-column-wrapper fusion-flex-column-wrapper-legacy\"><div class=\"fusion-text fusion-text-5\"><h5>Arctic Week 2019<\/h5>\n<pre>Collaboration entre sciences et savoirs autochtones<\/pre>\n<p><!--more-->En contribution \u00e0 la COP25, Madame S\u00e9gol\u00e8ne Royal aura le plaisir de vous accueillir avec Alexandra Lavrillier, du lundi 9 au vendredi 13 d\u00e9cembre \u00e0 un symposium scientifique interdisciplinaire, r\u00e9unissant des chercheurs d\u2019une quinzaine de pays et de repr\u00e9sentants de peuples autochtones (Inuit, Evenk, Sami Innu et Gwich\u2019in). Cet \u00e9v\u00e8nement se d\u00e9roulera au Centre de Conf\u00e9rence du MEAE.<\/p>\n<p>Mme Royal remercie le laboratoire CEARC, l\u2019ensemble des partenaires, ainsi que le comit\u00e9 scientifique pour les travaux pr\u00e9paratoires qui ont dur\u00e9 pr\u00e8s de sept mois et qui ont permis un programme particuli\u00e8rement dense et cr\u00e9atif.<\/p>\n<p>Les invit\u00e9s de la s\u00e9ance d\u2019ouverture ont choisi diff\u00e9rents th\u00e8mes dont vous trouverez la liste ci-dessous. Nous aurons le plaisir d\u2019\u00e9couter Henri de Lumley, Terry V. Callaghan, Yvon Le Maho, Lars Kullerud, Jean-Louis Etienne, Anders Oskal et Jan Borm.<\/p>\n<p>Puis d\u2019autres chercheurs et intervenants dont vous trouverez la liste apporteront dans la premi\u00e8re matin\u00e9e des \u00e9clairages vari\u00e9s sur le sujet. Enfin, quatorze th\u00e8mes ont \u00e9t\u00e9 travaill\u00e9s, correspondant aux quatorze sessions suivantes :<\/p>\n<\/div><div class=\"fusion-clearfix\"><\/div><\/div><\/div><\/div><\/div><div class=\"fusion-fullwidth fullwidth-box fusion-builder-row-3 nonhundred-percent-fullwidth non-hundred-percent-height-scrolling\" style=\"--awb-border-radius-top-left:0px;--awb-border-radius-top-right:0px;--awb-border-radius-bottom-right:0px;--awb-border-radius-bottom-left:0px;--awb-flex-wrap:wrap;\" ><div class=\"fusion-builder-row fusion-row\"><div class=\"fusion-layout-column fusion_builder_column fusion-builder-column-4 fusion_builder_column_1_1 1_1 fusion-one-full fusion-column-first fusion-column-last\" style=\"--awb-bg-size:cover;\"><div class=\"fusion-column-wrapper fusion-flex-column-wrapper-legacy\"><div class=\"fusion-text fusion-text-6\"><pre>LUNDI 9 DECEMBRE :<\/pre>\n<p>\u2022 COLLABORATION ENTRE SCIENCES ET SAVOIRS AUTOCHTONES ;<br \/>\n\u2022 LES \u00c9COSYST\u00c8MES DU PERG\u00c9LISOL DANS UN MONDE QUI SE R\u00c9CHAUFFE : APPROCHES INTERDISCIPLINAIRES POUR MIEUX FAIRE FACE AUX IMPACTS DES ALT\u00c9RATIONS EN HAUTES LATITUDES.<\/p>\n<pre>MARDI 10 DECEMBRE :<\/pre>\n<p>\u2022 RISQUES NATURELS, IMPACTS HUMAINS ;<br \/>\n\u2022 DROITS S\u00c2MES ET INUIT ;<br \/>\n\u2022 REVITALISATION DES PRATIQUES ET DES CROYANCES TRADITIONNELLES RELATIVES AU TERRITOIRE DES CULTURES ARCTIQUES ET SUBARTIQUES.<\/p>\n<pre>MERCREDI 11 DECEMBRE :<\/pre>\n<p>\u2022 VERS UNE MEILLEURE COMPR\u00c9HENSION DU SYST\u00c8ME TERRESTRE ET DES CHANGEMENTS CLIMATIQUES EN ARCTIQUE ;<br \/>\n\u2022 LES DROITS DES PEUPLES AUTOCHTONES DANS LE CONTEXTE DE L&#8217;\u00c9NERGIE, DU CLIMAT ET DES (IN)JUSTICES ENVIRONNEMENTALES ;<br \/>\nCHANGEMENTS EN ARCTIQUE, SAVOIRS TRADITIONNELS ET ELEVAGE DE RENNES DANS LE MONDE \u2013 UN APER\u00c7U DES R\u00c9ALIT\u00c9S ARCTIQUES.<\/p>\n<pre>JEUDI 12 DECEMBRE :<\/pre>\n<p>\u2022 VISIONS POUR UN V\u00c9RITABLE D\u00c9VELOPPEMENT DURABLE BAS\u00c9 SUR LES SAVOIRS ET LES RESSOURCES DE L&#8217;\u00c9LEVAGE DE RENNES ;<br \/>\n\u2022 D\u00c9VELOPPEMENT DES RESSOURCES EXTRACTIVES ET DURABILIT\u00c9 DES COMMUNAUT\u00c9S ARCTIQUES ;<br \/>\n\u00c9DUCATION ET JEUNESSE.<\/p>\n<pre>VENDREDI 13 DECEMEBRE :<\/pre>\n<p>\u2022 LES SAVOIRS AUTOCHTONES SUR LES CHANGEMENTS CLIMATIQUES ET LA BIODIVERSIT\u00c9, ET COLLABORATION AVEC LA SCIENCE ;<br \/>\nOBSERVATION LOCALE ET ADAPTATION AU CHANGEMENT CLIMATIQUE DANS LES COMMUNAUT\u00c9S ARCTIQUES ;<br \/>\n\u2022 PERSPECTIVES SUR LA SOUTENABILIT\u00c9 EN ARCTIQUE : D\u00c9VELOPPEMENT TECHNOLOGIQUE, INDUSTRIALISATION ET URBANISATION.<\/p>\n<p>Des diffusions artistiques et photographies contribueront \u00e0 la compr\u00e9hension des enjeux humains et climatiques de l\u2019Arctique<\/p>\n<p><strong>S\u00e9gol\u00e8ne ROYAL<\/strong><\/p>\n<p><strong>Ambassadrice pour les p\u00f4les Arctique et Antarctique<\/strong><\/p>\n<p><strong>Ancienne ministre &#8211; Pr\u00e9sidente de la COP21<\/strong><\/p>\n<p><strong>Minist\u00e8re de l\u2019Europe et des Affaires \u00e9trang\u00e8res<\/strong><\/p>\n<p><em>27, rue de la Convention \u2013 75732 Paris Cedex 15<\/em><\/p>\n<table style=\"height: 117px;\" width=\"752\">\n<tbody>\n<tr>\n<td colspan=\"3\">\n<table style=\"height: 18px;\" width=\"666\">\n<tbody>\n<tr>\n<td><\/td>\n<\/tr>\n<\/tbody>\n<\/table>\n<\/td>\n<\/tr>\n<\/tbody>\n<tbody>\n<tr>\n<td width=\"142\"><\/td>\n<td width=\"495\"><\/td>\n<\/tr>\n<\/tbody>\n<\/table>\n<\/div><div class=\"fusion-clearfix\"><\/div><\/div><\/div><\/div><\/div><div class=\"fusion-fullwidth fullwidth-box fusion-builder-row-4 fusion-parallax-none nonhundred-percent-fullwidth non-hundred-percent-height-scrolling fusion-equal-height-columns\" style=\"--awb-border-radius-top-left:0px;--awb-border-radius-top-right:0px;--awb-border-radius-bottom-right:0px;--awb-border-radius-bottom-left:0px;--awb-background-image:url(&quot;http:\/\/bertillegentil.com\/wp-content\/uploads\/2017\/03\/DSC016.jpg&quot;);--awb-background-size:cover;--awb-flex-wrap:wrap;\" ><div class=\"fusion-builder-row fusion-row\"><div class=\"fusion-layout-column fusion_builder_column fusion-builder-column-5 fusion_builder_column_1_2 1_2 fusion-one-half fusion-column-first\" style=\"--awb-bg-size:cover;width:50%;width:calc(50% - ( ( 4% ) * 0.5 ) );margin-right: 4%;\"><div class=\"fusion-column-wrapper fusion-flex-column-wrapper-legacy\"><div class=\"fusion-text fusion-text-7\"><\/div><div class=\"fusion-clearfix\"><\/div><\/div><\/div><div class=\"fusion-layout-column fusion_builder_column fusion-builder-column-6 fusion_builder_column_1_2 1_2 fusion-one-half fusion-column-last\" style=\"--awb-bg-size:cover;width:50%;width:calc(50% - ( ( 4% ) * 0.5 ) );\"><div class=\"fusion-column-wrapper fusion-flex-column-wrapper-legacy\"><div class=\"fusion-clearfix\"><\/div><\/div><\/div><\/div><\/div><\/p>\n","protected":false},"excerpt":{"rendered":"<p>Arctic Week 2019 Collaboration entre sciences et savoirs autochtones<\/p>\n","protected":false},"author":1,"featured_media":0,"parent":0,"menu_order":0,"comment_status":"closed","ping_status":"closed","template":"","meta":{"footnotes":""},"class_list":["post-4134","page","type-page","status-publish","hentry"],"translation":{"provider":"WPGlobus","version":"3.0.2","language":"en","enabled_languages":["fr","en"],"languages":{"fr":{"title":true,"content":true,"excerpt":false},"en":{"title":false,"content":false,"excerpt":false}}},"_links":{"self":[{"href":"https:\/\/bertillegentil.com\/en\/wp-json\/wp\/v2\/pages\/4134","targetHints":{"allow":["GET"]}}],"collection":[{"href":"https:\/\/bertillegentil.com\/en\/wp-json\/wp\/v2\/pages"}],"about":[{"href":"https:\/\/bertillegentil.com\/en\/wp-json\/wp\/v2\/types\/page"}],"author":[{"embeddable":true,"href":"https:\/\/bertillegentil.com\/en\/wp-json\/wp\/v2\/users\/1"}],"replies":[{"embeddable":true,"href":"https:\/\/bertillegentil.com\/en\/wp-json\/wp\/v2\/comments?post=4134"}],"version-history":[{"count":0,"href":"https:\/\/bertillegentil.com\/en\/wp-json\/wp\/v2\/pages\/4134\/revisions"}],"wp:attachment":[{"href":"https:\/\/bertillegentil.com\/en\/wp-json\/wp\/v2\/media?parent=4134"}],"curies":[{"name":"wp","href":"https:\/\/api.w.org\/{rel}","templated":true}]}}