{"id":4393,"date":"2020-04-24T21:37:38","date_gmt":"2020-04-24T19:37:38","guid":{"rendered":"https:\/\/bertillegentil.com\/?page_id=4393"},"modified":"2020-05-02T18:00:40","modified_gmt":"2020-05-02T16:00:40","slug":"the_twilight_of_the_godsl-2-2-3-2","status":"publish","type":"page","link":"https:\/\/bertillegentil.com\/en\/the_twilight_of_the_godsl-2-2-3-2\/","title":{"rendered":"Ice Cubes \/ The twilight of the Gods \u00b0"},"content":{"rendered":"<p><div class=\"fusion-fullwidth fullwidth-box fusion-builder-row-1 nonhundred-percent-fullwidth non-hundred-percent-height-scrolling\" style=\"--awb-border-radius-top-left:0px;--awb-border-radius-top-right:0px;--awb-border-radius-bottom-right:0px;--awb-border-radius-bottom-left:0px;--awb-flex-wrap:wrap;\" ><div class=\"fusion-builder-row fusion-row\"><div class=\"fusion-layout-column fusion_builder_column fusion-builder-column-0 fusion_builder_column_1_2 1_2 fusion-one-half fusion-column-first\" style=\"--awb-bg-size:cover;--awb-margin-bottom:0px;width:48%; margin-right: 4%;\"><div class=\"fusion-column-wrapper fusion-flex-column-wrapper-legacy\"><div class=\"fusion-text fusion-text-1\"><h5>IceCubes it&#8217;s artistic action<\/h5>\n<\/div><div class=\"fusion-text fusion-text-2\"><p>Icecubes is artistic tranlation from scientific knowledges, it&#8217;s a ice laboratory. It is the vision of ireverible ravages by us inflinct to the Earth and the Living.<\/p>\n<\/div><div class=\"fusion-text fusion-text-3\"><p><img decoding=\"async\" class=\"alignnone size-full wp-image-3708\" src=\"https:\/\/bertillegentil.com\/wp-content\/uploads\/2019\/11\/A-Glac\u0327on-bleu-02.jpg\" alt=\"\" width=\"1024\" height=\"1365\" srcset=\"https:\/\/bertillegentil.com\/wp-content\/uploads\/2019\/11\/A-Glac\u0327on-bleu-02-225x300.jpg 225w, https:\/\/bertillegentil.com\/wp-content\/uploads\/2019\/11\/A-Glac\u0327on-bleu-02-576x768.jpg 576w, https:\/\/bertillegentil.com\/wp-content\/uploads\/2019\/11\/A-Glac\u0327on-bleu-02-768x1024.jpg 768w, https:\/\/bertillegentil.com\/wp-content\/uploads\/2019\/11\/A-Glac\u0327on-bleu-02.jpg 1024w\" sizes=\"(max-width: 1024px) 100vw, 1024px\" \/><\/p>\n<\/div><div class=\"fusion-text fusion-text-4\"><h5>IceCubes do have as subject the climate deregulation, melting ice, submersion coast,and wet area, climate exiles and the 6 th mass exctiction.<\/h5>\n<\/div><div class=\"fusion-text fusion-text-5\"><h6><span style=\"color: #4f67b0;\">As childre we have to be quiet beacause of the inflexible lows of the Univers force us to.<br \/>\n<\/span><\/h6>\n<\/div><div class=\"fusion-text fusion-text-6\"><p>IceCubes is a living work, mouving and falowwing a processing : I prepare some molds et plenish them with water and pigments. let them freez, and than lay them down on differents surfaces. let them melt on it. watch the process in march, and after when it&#8217;s dry just &#8220;apreciate&#8221; haow the landscape did have change.<\/p>\n<\/div><div class=\"fusion-text fusion-text-7\"><p>The pigments bring to the eyes the water&#8217;s movments. This installation gives an immersion in color et in the mouv of propagation. It start in a orderly world et stage the relentless transformations that pysycal lows inforce to the elemnts.<\/p>\n<\/div><div class=\"fusion-text fusion-text-8 ai\"><p>It&#8217;s about the dynamic of non-linear systems, as it happens positives feedback loops. When a cmplex system is disturbes by a phenomene, the answer of the system amplify the phenomen. For exemple melting snow uncover the earth, whitch is black and the black store the warm and so it&#8217;s encreas the melting of the snow&#8230;<\/p>\n<p>Severals points of no retern are still reachted and no reset will be possible.<\/p>\n<\/div><div class=\"fusion-clearfix\"><\/div><\/div><\/div><div class=\"fusion-layout-column fusion_builder_column fusion-builder-column-1 fusion_builder_column_1_2 1_2 fusion-one-half fusion-column-last\" style=\"--awb-bg-size:cover;--awb-margin-bottom:0px;width:48%;\"><div class=\"fusion-column-wrapper fusion-flex-column-wrapper-legacy\"><div class=\"fusion-text fusion-text-9 ai\"><h5>The twilight of the Gods it&#8217;s the myth<\/h5>\n<\/div><div class=\"fusion-text fusion-text-10 ai\"><p>Le Cr\u00e9puscule des Dieux en est l&#8217;approche mythologique, philosophique, spirituel.C&#8217;est le constat de notre responsabilit\u00e9 collective du saccage \u00e0 l&#8217;\u0153uvre lors de l&#8217;Anthropoc\u00e8ne.<\/p>\n<\/div><div class=\"fusion-text fusion-text-11\"><p><img decoding=\"async\" class=\"alignnone size-full wp-image-3707\" src=\"https:\/\/bertillegentil.com\/wp-content\/uploads\/2019\/11\/A-Glac\u0327on-bleu-01.jpg\" alt=\"\" width=\"1024\" height=\"1365\" srcset=\"https:\/\/bertillegentil.com\/wp-content\/uploads\/2019\/11\/A-Glac\u0327on-bleu-01-225x300.jpg 225w, https:\/\/bertillegentil.com\/wp-content\/uploads\/2019\/11\/A-Glac\u0327on-bleu-01-576x768.jpg 576w, https:\/\/bertillegentil.com\/wp-content\/uploads\/2019\/11\/A-Glac\u0327on-bleu-01-768x1024.jpg 768w, https:\/\/bertillegentil.com\/wp-content\/uploads\/2019\/11\/A-Glac\u0327on-bleu-01.jpg 1024w\" sizes=\"(max-width: 1024px) 100vw, 1024px\" \/><\/p>\n<\/div><div class=\"fusion-text fusion-text-12\"><h5>Le Cr\u00e9puscule des Dieux et son d\u00e9sastre forment aussi un moment in\u00e9dit et excitant pour l&#8217;humanit\u00e9 toute enti\u00e8re o\u00f9 nous pouvons r\u00e9futer la fatalit\u00e9 de notre \u00eatre au monde et produire une nouvelle mythologie.<\/h5>\n<\/div><div class=\"fusion-text fusion-text-13\"><h6><span style=\"color: #4d68b3;\">Tels des sages, aspirons \u00e0 \u00e9prouver des joies sans dommages<\/span><\/h6>\n<\/div><div class=\"fusion-text fusion-text-14\"><h6><span style=\"color: #808080;\">Un risque global et complexe que nous avons du mal \u00e0 envisager<\/span><\/h6>\n<\/div><div class=\"fusion-text fusion-text-15\"><p>Le d\u00e9r\u00e8glement climatique et ses corollaires, pollution, d\u00e9gradation et artificialisation des sols, acidification des oc\u00e9ans sont des ph\u00e9nom\u00e8nes complexes que notre esprit a du mal a envisager.<\/p>\n<p>Pour sortir du d\u00e9ni ou de la paralysie que d\u00e9clenchent la prise de conscience de la situation et de ses cons\u00e9quences sur nos vies, l&#8217;avenir de nos enfants, de ceux que nous aimons ainsi que sur la biosph\u00e8re, prenons du recul, analysons les facteurs qui en entravent la perception individuelle et collective.<\/p>\n<\/div><div class=\"fusion-text fusion-text-16\"><h6>Nous sommes devant un d\u00e9fi immense et un imp\u00e9rieux changement de praxi* est prescrit<\/h6>\n<div id=\"vtoolbar\">\n<p>Nous demandant personnellement et collectivement un prodigieux effort de pens\u00e9e et d&#8217;action<\/p>\n<p>Il nous faut\u00a0 pr\u00e9sent r\u00e9fl\u00e9chir \u00e0 chacun de nos actes et \u00e0 leurs cons\u00e9quences sur la vie sur terre, nous tous en tant qu&#8217;\u00eatre humains, citoyens, dirigeants d&#8217;entreprises et dirigeants de pays.<\/p>\n<\/div>\n<h5><\/h5>\n<\/div><div class=\"fusion-clearfix\"><\/div><\/div><\/div><\/div><\/div><div class=\"fusion-fullwidth fullwidth-box fusion-builder-row-2 nonhundred-percent-fullwidth non-hundred-percent-height-scrolling\" style=\"--awb-border-radius-top-left:0px;--awb-border-radius-top-right:0px;--awb-border-radius-bottom-right:0px;--awb-border-radius-bottom-left:0px;--awb-flex-wrap:wrap;\" ><div class=\"fusion-builder-row fusion-row\"><div class=\"fusion-layout-column fusion_builder_column fusion-builder-column-2 fusion_builder_column_1_1 1_1 fusion-one-full fusion-column-first fusion-column-last\" style=\"--awb-bg-size:cover;--awb-margin-bottom:0px;\"><div class=\"fusion-column-wrapper fusion-flex-column-wrapper-legacy\"><div class=\"fusion-text fusion-text-17\"><h5>\u00c0 l&#8217;\u00e9chelle mondiale et personnelle, la transformation mentale doit se faire maintenant et occasionner des actes dans la direction \u00e9thique et ontologique que nous aurons choisie.<\/h5>\n<\/div><div class=\"fusion-text fusion-text-18\"><h5>2018\/2019 Romainville\u00a0\u00a0\u00a0 Happening, performance, installation, photos, video, installation immersive, exposition des supports et des prises de vues du ph\u00e9nom\u00e8ne. <span class=\"tlid-translation translation\" lang=\"fr\"><span title=\"\">Happening: Faire fondre des gla\u00e7ons pigment\u00e9s d&#8217;encre sur un support.<\/span> <span title=\"\">Installation vid\u00e9o immersive bas\u00e9e sur ces \u00e9v\u00e9nements.<\/span>Ensuite<span class=\"\" title=\"\">, t\u00e9moignage visuel des supports sur l&#8217;irr\u00e9versibilit\u00e9 de ces fontes.<\/span><\/span><\/h5>\n<\/div><div class=\"fusion-text fusion-text-19\"><h2 style=\"text-align: center;\"><a href=\"https:\/\/youtu.be\/CKbGNeXh2Hk\" target=\"_blank\" rel=\"noopener noreferrer\">Vid\u00e9o IceCube &#8211; Romainville<\/a><\/h2>\n<\/div><div class=\"fusion-text fusion-text-20\"><p><a href=\"https:\/\/www.cnrtl.fr\/definition\/praxis\" target=\"_blank\" rel=\"noopener noreferrer\">* PRAXIS, subst. f\u00e9m.<\/a><span class=\"tlf_cdomaine\"><i> PHILOS., PSYCHOL.\u00a0\u00a0 <\/i><\/span><span class=\"tlf_cplan\"><b>A. \u2212<\/b><\/span> <span class=\"tlf_ccrochet\">[P. oppos. \u00e0 <i>gnosis<\/i> (connaissance) ou \u00e0 <i>th\u00e9orie<\/i>]<\/span> <span class=\"tlf_cdefinition\">,,Activit\u00e9 physiologique et principalement psychique, ordonn\u00e9e \u00e0 un r\u00e9sultat&#8220; (<span class=\"tlf_csource\"><span class=\"tlf_smallcaps\">Foulq.<\/span>&#8211;<span class=\"tlf_smallcaps\">St<\/span>&#8211;<span class=\"tlf_smallcaps\">Jean<\/span> 1962<\/span>).<\/span><\/p>\n<\/div><div class=\"fusion-clearfix\"><\/div><\/div><\/div><\/div><\/div><div class=\"fusion-fullwidth fullwidth-box fusion-builder-row-3 nonhundred-percent-fullwidth non-hundred-percent-height-scrolling\" style=\"--awb-border-radius-top-left:0px;--awb-border-radius-top-right:0px;--awb-border-radius-bottom-right:0px;--awb-border-radius-bottom-left:0px;--awb-flex-wrap:wrap;\" ><div class=\"fusion-builder-row fusion-row\"><\/div><\/div><div class=\"fusion-fullwidth fullwidth-box fusion-builder-row-4 nonhundred-percent-fullwidth non-hundred-percent-height-scrolling\" style=\"--awb-border-radius-top-left:0px;--awb-border-radius-top-right:0px;--awb-border-radius-bottom-right:0px;--awb-border-radius-bottom-left:0px;--awb-flex-wrap:wrap;\" ><div class=\"fusion-builder-row fusion-row\"><div class=\"fusion-layout-column fusion_builder_column fusion-builder-column-3 fusion_builder_column_1_1 1_1 fusion-one-full fusion-column-first fusion-column-last\" style=\"--awb-bg-size:cover;\"><div class=\"fusion-column-wrapper fusion-flex-column-wrapper-legacy\"><div class=\"fusion-clearfix\"><\/div><\/div><\/div><\/div><\/div><\/p>\n","protected":false},"excerpt":{"rendered":"","protected":false},"author":1,"featured_media":0,"parent":0,"menu_order":0,"comment_status":"closed","ping_status":"closed","template":"","meta":{"footnotes":""},"class_list":["post-4393","page","type-page","status-publish","hentry"],"translation":{"provider":"WPGlobus","version":"3.0.2","language":"en","enabled_languages":["fr","en"],"languages":{"fr":{"title":true,"content":true,"excerpt":false},"en":{"title":false,"content":false,"excerpt":false}}},"_links":{"self":[{"href":"https:\/\/bertillegentil.com\/en\/wp-json\/wp\/v2\/pages\/4393","targetHints":{"allow":["GET"]}}],"collection":[{"href":"https:\/\/bertillegentil.com\/en\/wp-json\/wp\/v2\/pages"}],"about":[{"href":"https:\/\/bertillegentil.com\/en\/wp-json\/wp\/v2\/types\/page"}],"author":[{"embeddable":true,"href":"https:\/\/bertillegentil.com\/en\/wp-json\/wp\/v2\/users\/1"}],"replies":[{"embeddable":true,"href":"https:\/\/bertillegentil.com\/en\/wp-json\/wp\/v2\/comments?post=4393"}],"version-history":[{"count":0,"href":"https:\/\/bertillegentil.com\/en\/wp-json\/wp\/v2\/pages\/4393\/revisions"}],"wp:attachment":[{"href":"https:\/\/bertillegentil.com\/en\/wp-json\/wp\/v2\/media?parent=4393"}],"curies":[{"name":"wp","href":"https:\/\/api.w.org\/{rel}","templated":true}]}}