{"id":4856,"date":"2020-04-29T19:10:41","date_gmt":"2020-04-29T17:10:41","guid":{"rendered":"https:\/\/bertillegentil.com\/?page_id=4856"},"modified":"2021-01-18T14:36:52","modified_gmt":"2021-01-18T13:36:52","slug":"biographie-2-3-2","status":"publish","type":"page","link":"https:\/\/bertillegentil.com\/en\/biographie-2-3-2\/","title":{"rendered":"An ecofeminist artiste"},"content":{"rendered":"<p>[\/fusion_text][\/fusion_builder_column][\/fusion_builder_row][\/fusion_builder_container]<div class=\"fusion-fullwidth fullwidth-box fusion-builder-row-1 nonhundred-percent-fullwidth non-hundred-percent-height-scrolling fusion-no-medium-visibility\" style=\"--awb-border-radius-top-left:0px;--awb-border-radius-top-right:0px;--awb-border-radius-bottom-right:0px;--awb-border-radius-bottom-left:0px;--awb-flex-wrap:wrap;\" ><div class=\"fusion-builder-row fusion-row\"><div class=\"fusion-layout-column fusion_builder_column fusion-builder-column-0 fusion_builder_column_1_3 1_3 fusion-one-third fusion-column-first\" style=\"--awb-bg-size:cover;width:33.333333333333%;width:calc(33.333333333333% - ( ( 4% + 4% ) * 0.33333333333333 ) );margin-right: 4%;\"><div class=\"fusion-column-wrapper fusion-flex-column-wrapper-legacy\"><div class=\"fusion-text fusion-text-1\"><blockquote>\n<p class=\"p1\">I create by inner necessity and to bring my stone to the conciliation of the elements of the living,<\/p>\n<p class=\"p1\">I create Body &amp; Soul,<br \/>\nhands, heart, spirit committed.<\/p>\n<p class=\"p1\">I want a pictorial poetry, rhymes of forms, a balance to grasp in flight,<\/p>\n<\/blockquote>\n<\/div><div class=\"fusion-clearfix\"><\/div><\/div><\/div><div class=\"fusion-layout-column fusion_builder_column fusion-builder-column-1 fusion_builder_column_1_3 1_3 fusion-one-third\" style=\"--awb-bg-size:cover;width:33.333333333333%;width:calc(33.333333333333% - ( ( 4% + 4% ) * 0.33333333333333 ) );margin-right: 4%;\"><div class=\"fusion-column-wrapper fusion-flex-column-wrapper-legacy\"><div class=\"fusion-image-element fusion-image-align-center in-legacy-container\" style=\"text-align:center;--awb-caption-title-font-family:var(--h2_typography-font-family);--awb-caption-title-font-weight:var(--h2_typography-font-weight);--awb-caption-title-font-style:var(--h2_typography-font-style);--awb-caption-title-size:var(--h2_typography-font-size);--awb-caption-title-transform:var(--h2_typography-text-transform);--awb-caption-title-line-height:var(--h2_typography-line-height);--awb-caption-title-letter-spacing:var(--h2_typography-letter-spacing);\"><div class=\"imageframe-align-center\"><span class=\" fusion-imageframe imageframe-none imageframe-1 hover-type-none\"><a href=\"https:\/\/bertillegentil.com\/wp-content\/uploads\/2017\/04\/bertille-gentil2.jpg\" class=\"fusion-lightbox\" data-rel=\"iLightbox[c838ef5c4dc0a43ffcd]\" data-title=\"Bertille Gentil Artiste\" title=\"Bertille Gentil Artiste\"><img decoding=\"async\" width=\"200\" height=\"200\" src=\"https:\/\/bertillegentil.com\/wp-content\/uploads\/2017\/04\/bertille-gentil2.jpg\" alt class=\"img-responsive wp-image-1000\" srcset=\"https:\/\/bertillegentil.com\/wp-content\/uploads\/2017\/04\/bertille-gentil2-66x66.jpg 66w, https:\/\/bertillegentil.com\/wp-content\/uploads\/2017\/04\/bertille-gentil2-150x150.jpg 150w, https:\/\/bertillegentil.com\/wp-content\/uploads\/2017\/04\/bertille-gentil2.jpg 200w\" sizes=\"(max-width: 200px) 100vw, 200px\" \/><\/a><\/span><\/div><\/div><div class=\"fusion-text fusion-text-2\"><blockquote>\n<p class=\"p1\" style=\"text-align: center;\">My masters are Picasso, Matisse, Gaugin, Kandinsky, Miro, Jackson Polloc, Nikie de St Phall,<span class=\"Apple-converted-space\">\u00a0 <\/span>Calder, Klein, Louise Bourgeois \u2013<span class=\"Apple-converted-space\">\u00a0 <\/span>JR \u2013<span class=\"Apple-converted-space\">\u00a0 <\/span>M.Fontaine, Ph.Gentil, les Antiquit\u00e9s \u00c9gyptiennes et M\u00e9sopotamiennes, la sculpture Africaine, James Turrell, Goldsworthy<\/p>\n<p class=\"p1\" style=\"text-align: center;\">My masters of thinking are : C.G.Jung, Proust, C\u00e9line, Balzac, Dosto\u00efevski, Virginia Woolf, Beauvoir, Nietzsche, Kerouac, Beaudelaire, Barbara Glowczewsky, Philippe Descola, L\u2019 Ancien et le Nouveau Testament, Lao Tseu, Verlaine, Virginie Despente, Lucia Etexbarria, Pinkola Est\u00e9s, Apolinaire, Russel Bank, Jim Harrisson, Kenneth Clark, Mathieu Ricard, Gao Xingjian, les physiciens, le Yi King<\/p>\n<\/div><div class=\"fusion-clearfix\"><\/div><\/div><\/div><div class=\"fusion-layout-column fusion_builder_column fusion-builder-column-2 fusion_builder_column_1_3 1_3 fusion-one-third fusion-column-last\" style=\"--awb-bg-size:cover;width:33.333333333333%;width:calc(33.333333333333% - ( ( 4% + 4% ) * 0.33333333333333 ) );\"><div class=\"fusion-column-wrapper fusion-flex-column-wrapper-legacy\"><div class=\"fusion-text fusion-text-3\"><\/div><div class=\"fusion-text fusion-text-4\"><\/blockquote>\n<blockquote>\n<p class=\"p1\">I loved, I was loved.<\/p>\n<p class=\"p1\">I gave life, made life.<\/p>\n<p class=\"p1\">I gave shape, I created.<\/p>\n<p class=\"p1\">I have given up, I have stripped myself.<\/p>\n<p class=\"p1\">I have confidence in the Universe.<\/p>\n<\/blockquote>\n<\/div><div class=\"fusion-clearfix\"><\/div><\/div><\/div><\/div><\/div><div class=\"fusion-fullwidth fullwidth-box fusion-builder-row-2 nonhundred-percent-fullwidth non-hundred-percent-height-scrolling fusion-no-small-visibility fusion-no-medium-visibility\" style=\"--awb-border-radius-top-left:0px;--awb-border-radius-top-right:0px;--awb-border-radius-bottom-right:0px;--awb-border-radius-bottom-left:0px;--awb-flex-wrap:wrap;\" ><div class=\"fusion-builder-row fusion-row\"><div class=\"fusion-layout-column fusion_builder_column fusion-builder-column-3 fusion_builder_column_1_3 1_3 fusion-one-third fusion-column-first\" style=\"--awb-bg-size:cover;width:33.333333333333%;width:calc(33.333333333333% - ( ( 4% + 4% ) * 0.33333333333333 ) );margin-right: 4%;\"><div class=\"fusion-column-wrapper fusion-flex-column-wrapper-legacy\"><div class=\"fusion-text fusion-text-5\"><h4 style=\"text-align: left;\">In the main lines<\/h4>\n<p class=\"p1\">Trained at the \u00c9cole Nationale Sup\u00e9rieure des Arts D\u00e9coratifs (ENSAD) &#8211; Paris<\/p>\n<p class=\"p1\">Then at the \u00c9cole multimedia &#8211; Paris.<\/p>\n<p class=\"p1\">Parisian by birth, I leave Paris at the turn of the 90\u2019s to settle with my companion and my 3 children in Avignon, south of France. We discover the South, it\u2019s light, it\u2019s architecture, it\u2019s art of living. The workshops are spacious there, and the nature presents, within reach of feet, of hand and of eye.<\/p>\n<p class=\"p1\">During all these years I raised my children, welcomed my friends, cultivated my garden. I practiced the profession of webmaster, given courses in schools and at the university of communication of Avignon, subject Digital Art. I worked as a painter, made exhibitions, created artistic events, participated in artistic events. Created \u00abArty Concrete\u00bb Work and practice constantly.<\/p>\n<p class=\"p1\">2012 Return to Paris. The counters are reset.<\/p>\n<p class=\"p1\">2013 Workshop in the Squat of the street of the Mousa\u00efa &#8211; The Bloc &#8211; Workshop concrete<\/p>\n<p class=\"p1\">2017 I join the artists of the Atelier Senrendipity in Romainville. Beginning of the production of the great artistic project \u00abRenaissance\u00bb.<\/p>\n<\/div><div class=\"fusion-clearfix\"><\/div><\/div><\/div><div class=\"fusion-layout-column fusion_builder_column fusion-builder-column-4 fusion_builder_column_1_3 1_3 fusion-one-third\" style=\"--awb-bg-size:cover;width:33.333333333333%;width:calc(33.333333333333% - ( ( 4% + 4% ) * 0.33333333333333 ) );margin-right: 4%;\"><div class=\"fusion-column-wrapper fusion-flex-column-wrapper-legacy\"><div class=\"fusion-text fusion-text-6\"><h4>Expositions collectives<\/h4>\n<p>&#8211; 1986 : Peinture &#8211; Galerie \u201cLe Cargo\u201d &#8211; Paris<br \/>\n&#8211; 1987 : Peinture &#8211; Usine Eph\u00e9m\u00e8re &#8211; Paris<br \/>\n&#8211; 1989 : Peinture &#8211; Les Grands Entrep\u00f4ts Frigorifiques &#8211; Paris<br \/>\n&#8211; 1996 : Peinture &#8211; Le D\u00e9pot de Presse &#8211; Avignon<br \/>\n&#8211; 1997 : Installation &#8211; Peinture &#8211; In Situ &#8211; Avignon<br \/>\n&#8211; 1998 : Peinture &#8211; Parcourt de l\u2019Art &#8211; Avignon<br \/>\n&#8211; 1999 : Peinture &#8211; Le Clo\u00eetre des Arts &#8211; Avignon<br \/>\n&#8211; 2004 : Peinture &#8211; Parcourt de l\u2019Art &#8211; Avignon &amp; Boll\u00e8ne<br \/>\nInstallation &#8220;Un moment donn\u00e9&#8221; &#8211; Midi\/Minuit &#8211; Ch\u00e2teauneuf de Gadagne<br \/>\n&#8211; 2005\u00a0: Peinture &#8211; D\u2019atelier en atelier &#8211; Avignon<br \/>\n&#8211; 2006\u00a0: Happening de 48 h et installation multimedia<br \/>\nFabrika Gemellus &#8211; \u00c9v\u00e9nement de l&#8217;association Bizart &#8211; Chapelle des P\u00e9nitents Blancs \u2013 Avignon<br \/>\n&#8211; 2011 : Design sur B\u00e9ton &#8211; Le printemps des cr\u00e9ateurs &#8211; Avignon<br \/>\nDesign sur B\u00e9ton &#8211; Galerie du Vieux Ch\u00e2teau &#8211; Manche<br \/>\n&#8211; 2015 : &#8220;Focus design&#8221; &#8211; Galerie de l&#8217;Aiguillage &#8211; Paris<br \/>\n&#8211; 2016 : &#8220;Data Love&#8221; Le Bloc Paris<br \/>\n&#8211; 2018 : &#8220;Data Love&#8221; Magen H Gallery<br \/>\n&#8211; 2019 : &#8220;RIP Sista&#8221; Collection Lambert<\/p>\n<\/div><div class=\"fusion-clearfix\"><\/div><\/div><\/div><div class=\"fusion-layout-column fusion_builder_column fusion-builder-column-5 fusion_builder_column_1_3 1_3 fusion-one-third fusion-column-last\" style=\"--awb-bg-size:cover;width:33.333333333333%;width:calc(33.333333333333% - ( ( 4% + 4% ) * 0.33333333333333 ) );\"><div class=\"fusion-column-wrapper fusion-flex-column-wrapper-legacy\"><div class=\"fusion-text fusion-text-7\"><h4>Expositions personnelles, d\u00e9cors, installations<\/h4>\n<p>&#8211; 1985 : D\u00e9cors de sc\u00e8ne &#8211; La Grande Halle de la Villette &#8211; Paris<br \/>\n&#8211; 1985 : D\u00e9cors de sc\u00e8ne &#8211; Le Bec de Jazz &#8211; Baie du Mont St Michel<br \/>\n&#8211; 1986 : D\u00e9cors de sc\u00e8ne -Le Bataclan &#8211; Paris<br \/>\n&#8211; 1987 : Costumes &#8211; Compagnie \u201cLe Chant du Cygne\u201d &#8211; Paris<br \/>\n&#8211; 1989 : Peintures sur coffrets de vinyle &#8211; Aschganeiwode\u00ef &#8211; Paris<br \/>\n&#8211; 1990 : Peinture &#8211; Galerie du Vieux Ch\u00e2teau &#8211; Manche<br \/>\n&#8211; 1991 : Peinture &#8211; Galerie Silaos &#8211; Lille<br \/>\n&#8211; 1992 : Fresque et peintures &#8211; Mairie du XIV\u00b0 &#8211; Paris<br \/>\n&#8211; 1993 : Institut Sup\u00e9rieur des Techniques du Spectacle &#8211; ISTS &#8211; Avignon<br \/>\n&#8211; 1995 : Peintures &#8211; Portail Matheron &#8211; Avignon<br \/>\n&#8211; 2002 : D\u00e9cors pour \u00e9v\u00e9nementiel &#8211; Compagnie \u201cMises En Sc\u00e8ne\u201d &#8211; Avignon<br \/>\n&#8211; 2003 : Peinture &#8211; Galerie du Vieux Ch\u00e2teau &#8211; Manche<br \/>\n&#8211; 2005\u00a0: Peinture &#8211; Le Bouquiniste de Barcelone &#8211; Barcelone<br \/>\n&#8211; 2007\u00a0: Peinture &#8211; Les Ar\u00e8nes -St R\u00e9my de Provence<br \/>\n&#8211; 2012 : Peinture &#8211; le 75 &#8211; Avignon<\/p>\n<\/div><div class=\"fusion-clearfix\"><\/div><\/div><\/div><\/div><\/div><div class=\"fusion-fullwidth fullwidth-box fusion-builder-row-3 nonhundred-percent-fullwidth non-hundred-percent-height-scrolling fusion-no-small-visibility fusion-no-medium-visibility\" style=\"--awb-border-radius-top-left:0px;--awb-border-radius-top-right:0px;--awb-border-radius-bottom-right:0px;--awb-border-radius-bottom-left:0px;--awb-flex-wrap:wrap;\" ><div class=\"fusion-builder-row fusion-row\"><div class=\"fusion-layout-column fusion_builder_column fusion-builder-column-6 fusion_builder_column_1_2 1_2 fusion-one-half fusion-column-first\" style=\"--awb-bg-size:cover;width:50%;width:calc(50% - ( ( 4% ) * 0.5 ) );margin-right: 4%;\"><div class=\"fusion-column-wrapper fusion-flex-column-wrapper-legacy\"><div class=\"fusion-text fusion-text-8\"><h4>Concours commandes publiques<\/h4>\n<p>&#8211; 1987 : Association Fran\u00e7aise d\u2019Action Artistique ( AFAA ) : Animation culturelle France-Br\u00e9sil<br \/>\n&#8211; 1992 : Mairie du XIV arrondissement de Paris &#8211; Cr\u00e9tion &amp; r\u00e9alisation d&#8217;une fresque<br \/>\n&#8211; 1993 : Atout Fil : Prix sp\u00e9cial du jury &#8211; Vauvert &#8211; Cr\u00e9ation de costumes<br \/>\n&#8211; 1994 &#8211; CoFondatrice et pr\u00e9sidente de l&#8217;association In Situ &#8211; Collectif d&#8217;artistes &#8211; Avignon<br \/>\nOrganisation &amp; sc\u00e8nographie d&#8217;une exposition collective regroupant 10 artistes et une compagnie de th\u00e9\u00e2tre<br \/>\n&#8211; 2000 : Internationnal Symposium of Electronique Art (ISEA\u00a0 2000) &#8211; Paris<br \/>\nRepr\u00e9sentante du projet &#8220;Formes inconscientes de la ville &#8220;avec l&#8217;\u00c9cole multimedia et l &#8216;ENST<br \/>\n&#8211; 2001 : MILIA &#8211; Canne<br \/>\nRepr\u00e9sentante du projet &#8220;Formes inconscientes de la ville &#8220;avec l&#8217;\u00c9cole multimedia et l &#8216;ENST<\/p>\n<\/div><div class=\"fusion-clearfix\"><\/div><\/div><\/div><div class=\"fusion-layout-column fusion_builder_column fusion-builder-column-7 fusion_builder_column_1_3 1_3 fusion-one-third fusion-column-last\" style=\"--awb-bg-size:cover;width:33.333333333333%;width:calc(33.333333333333% - ( ( 4% ) * 0.33333333333333 ) );\"><div class=\"fusion-column-wrapper fusion-flex-column-wrapper-legacy\"><div class=\"fusion-text fusion-text-9\"><h4>Designer<\/h4>\n<p>&#8211; 2009 &#8211; jusqu&#8217;\u00e0 pr\u00e9sent : B\u00e9ton Hautes Performances <a href=\"http:\/\/www.artybeton.fr\">http:\/\/www.artybeton.fr<\/a><\/p>\n<\/div><div class=\"fusion-clearfix\"><\/div><\/div><\/div><\/div><\/div><div class=\"fusion-fullwidth fullwidth-box fusion-builder-row-4 nonhundred-percent-fullwidth non-hundred-percent-height-scrolling\" style=\"--awb-border-radius-top-left:0px;--awb-border-radius-top-right:0px;--awb-border-radius-bottom-right:0px;--awb-border-radius-bottom-left:0px;--awb-flex-wrap:wrap;\" ><\/div><div class=\"fusion-builder-row fusion-row\"><\/div><div class=\"fusion-layout-column fusion_builder_column fusion-builder-column-8 fusion_builder_column_1_1 1_1 fusion-one-full fusion-column-first fusion-column-last\" style=\"--awb-bg-size:cover;--awb-margin-bottom:0px;width:100%;\"><div class=\"fusion-column-wrapper fusion-flex-column-wrapper-legacy\"><div class=\"fusion-clearfix\"><\/div><\/div><\/div><div class=\"fusion-text fusion-text-10\"><\/div><\/p>\n","protected":false},"excerpt":{"rendered":"<p>[\/fusion_text][\/fusion_builder_column][\/fusion_builder_row][\/fusion_builder_container]<\/p>\n","protected":false},"author":1,"featured_media":0,"parent":0,"menu_order":0,"comment_status":"closed","ping_status":"closed","template":"","meta":{"footnotes":""},"class_list":["post-4856","page","type-page","status-publish","hentry"],"translation":{"provider":"WPGlobus","version":"3.0.2","language":"en","enabled_languages":["fr","en"],"languages":{"fr":{"title":true,"content":true,"excerpt":false},"en":{"title":true,"content":true,"excerpt":false}}},"_links":{"self":[{"href":"https:\/\/bertillegentil.com\/en\/wp-json\/wp\/v2\/pages\/4856","targetHints":{"allow":["GET"]}}],"collection":[{"href":"https:\/\/bertillegentil.com\/en\/wp-json\/wp\/v2\/pages"}],"about":[{"href":"https:\/\/bertillegentil.com\/en\/wp-json\/wp\/v2\/types\/page"}],"author":[{"embeddable":true,"href":"https:\/\/bertillegentil.com\/en\/wp-json\/wp\/v2\/users\/1"}],"replies":[{"embeddable":true,"href":"https:\/\/bertillegentil.com\/en\/wp-json\/wp\/v2\/comments?post=4856"}],"version-history":[{"count":3,"href":"https:\/\/bertillegentil.com\/en\/wp-json\/wp\/v2\/pages\/4856\/revisions"}],"predecessor-version":[{"id":5213,"href":"https:\/\/bertillegentil.com\/en\/wp-json\/wp\/v2\/pages\/4856\/revisions\/5213"}],"wp:attachment":[{"href":"https:\/\/bertillegentil.com\/en\/wp-json\/wp\/v2\/media?parent=4856"}],"curies":[{"name":"wp","href":"https:\/\/api.w.org\/{rel}","templated":true}]}}