{"id":5778,"date":"2022-10-19T16:08:42","date_gmt":"2022-10-19T14:08:42","guid":{"rendered":"https:\/\/bertillegentil.com\/?page_id=5778"},"modified":"2023-07-29T15:09:40","modified_gmt":"2023-07-29T13:09:40","slug":"installation-midi-minuit","status":"publish","type":"page","link":"https:\/\/bertillegentil.com\/en\/installation-midi-minuit\/","title":{"rendered":"Installation Midi \/ Minuit"},"content":{"rendered":"<p><div class=\"fusion-fullwidth fullwidth-box fusion-builder-row-1 fusion-flex-container has-pattern-background has-mask-background nonhundred-percent-fullwidth non-hundred-percent-height-scrolling\" style=\"--awb-border-radius-top-left:0px;--awb-border-radius-top-right:0px;--awb-border-radius-bottom-right:0px;--awb-border-radius-bottom-left:0px;--awb-flex-wrap:wrap;\" ><div class=\"fusion-builder-row fusion-row fusion-flex-align-items-flex-start fusion-flex-content-wrap\" style=\"max-width:936px;margin-left: calc(-4% \/ 2 );margin-right: calc(-4% \/ 2 );\"><div class=\"fusion-layout-column fusion_builder_column fusion-builder-column-0 fusion_builder_column_1_2 1_2 fusion-flex-column\" style=\"--awb-bg-size:cover;--awb-width-large:50%;--awb-margin-top-large:0px;--awb-spacing-right-large:3.84%;--awb-margin-bottom-large:20px;--awb-spacing-left-large:3.84%;--awb-width-medium:100%;--awb-order-medium:0;--awb-spacing-right-medium:1.92%;--awb-spacing-left-medium:1.92%;--awb-width-small:100%;--awb-order-small:0;--awb-spacing-right-small:1.92%;--awb-spacing-left-small:1.92%;\"><div class=\"fusion-column-wrapper fusion-column-has-shadow fusion-flex-justify-content-flex-start fusion-content-layout-column\"><div class=\"fusion-text fusion-text-1\"><p style=\"text-align: left;\">Premi\u00e8re instalation en rapport avec les sciences du climat, pr\u00e9sent\u00e9e dans le cadre de l\u2019\u00e9v\u00e9nement Midi\/Minuit, en 2004, cette installation proposait une transcription artistique de ces recherches, de cette plong\u00e9e dans le temps.\u00a0 Je me suis plac\u00e9e en spectatrice de ces lamelles de microscope et imaginais un bestiaire, un herbier, qui dormaient dans la glace et que nous venions rencontrer.<\/p>\n<p><span class=\"ILfuVd\" lang=\"fr\"><span class=\"hgKElc\">Les carottes de glace, collect\u00e9es en r\u00e9gions polaires et de haute altitude, sont en effet des archives environnementales uniques car elles pi\u00e8gent au cours du temps des fragments d&#8217;atmosph\u00e8re sous forme de bulles d&#8217;air<\/span><\/span><\/p>\n<\/div><\/div><\/div><div class=\"fusion-layout-column fusion_builder_column fusion-builder-column-1 fusion_builder_column_1_2 1_2 fusion-flex-column\" style=\"--awb-bg-size:cover;--awb-width-large:50%;--awb-margin-top-large:0px;--awb-spacing-right-large:3.84%;--awb-margin-bottom-large:20px;--awb-spacing-left-large:3.84%;--awb-width-medium:100%;--awb-order-medium:0;--awb-spacing-right-medium:1.92%;--awb-spacing-left-medium:1.92%;--awb-width-small:100%;--awb-order-small:0;--awb-spacing-right-small:1.92%;--awb-spacing-left-small:1.92%;\"><div class=\"fusion-column-wrapper fusion-column-has-shadow fusion-flex-justify-content-flex-start fusion-content-layout-column\"><div class=\"fusion-text fusion-text-2\"><p><span class=\"HwtZe\" lang=\"fr\"><span class=\"jCAhz ChMk0b\"><span class=\"ryNqvb\">Te souviens-tu de la fra\u00eecheur des flaques d&#8217;eau gel\u00e9e<\/span><\/span> <span class=\"jCAhz ChMk0b\"><span class=\"ryNqvb\">Retenues dans un creux de roche, croustillant, p\u00e9tillant<\/span><\/span> <span class=\"jCAhz ChMk0b\"><span class=\"ryNqvb\">O\u00f9 sont-ils, encore immobiles prisonniers des foug\u00e8res ?<\/span><\/span><\/span><\/p>\n<\/div><\/div><\/div><\/div><\/div><div class=\"fusion-fullwidth fullwidth-box fusion-builder-row-2 fusion-flex-container has-pattern-background has-mask-background nonhundred-percent-fullwidth non-hundred-percent-height-scrolling\" style=\"--awb-border-radius-top-left:0px;--awb-border-radius-top-right:0px;--awb-border-radius-bottom-right:0px;--awb-border-radius-bottom-left:0px;--awb-flex-wrap:wrap;\" ><div class=\"fusion-builder-row fusion-row fusion-flex-align-items-flex-start fusion-flex-content-wrap\" style=\"max-width:936px;margin-left: calc(-4% \/ 2 );margin-right: calc(-4% \/ 2 );\"><div class=\"fusion-layout-column fusion_builder_column fusion-builder-column-2 fusion_builder_column_1_1 1_1 fusion-flex-column\" style=\"--awb-bg-size:cover;--awb-width-large:100%;--awb-margin-top-large:0px;--awb-spacing-right-large:1.92%;--awb-margin-bottom-large:20px;--awb-spacing-left-large:1.92%;--awb-width-medium:100%;--awb-order-medium:0;--awb-spacing-right-medium:1.92%;--awb-spacing-left-medium:1.92%;--awb-width-small:100%;--awb-order-small:0;--awb-spacing-right-small:1.92%;--awb-spacing-left-small:1.92%;\"><div class=\"fusion-column-wrapper fusion-column-has-shadow fusion-flex-justify-content-flex-start fusion-content-layout-column\">\r\n\t\t\t\t\t\n\r\n\t\t\t\t\t<!-- START UNITE GALLERY 1.7.62 -->\r\n\t\t\t\t\t\r\n\t\t\t\t\n\t\t\t<div id='unitegallery_6_1' class='unite-gallery' style='margin-top:80px;margin-bottom:80px;'>\n\t\t\t\t\n\n\t\t\t\t\t\t<img decoding=\"async\" alt=\"\"\n\t\t\t\t\t\t     src=\"\" data-image=\"https:\/\/bertillegentil.com\/wp-content\/uploads\/2017\/03\/INSTALLATION-06-768x1463.jpg\"\n\t\t\t\t\t\t     data-thumb=\"https:\/\/bertillegentil.com\/wp-content\/uploads\/2017\/03\/INSTALLATION-06.jpg\"\n\t\t\t\t\t\t     title=\"\"\n\t\t\t\t\t\t     style=\"display:none\">\n\n\t\t\t\t\t\t<img decoding=\"async\" alt=\"\"\n\t\t\t\t\t\t     src=\"\" data-image=\"https:\/\/bertillegentil.com\/wp-content\/uploads\/2017\/03\/INSTALLATION-05-768x1463.jpg\"\n\t\t\t\t\t\t     data-thumb=\"https:\/\/bertillegentil.com\/wp-content\/uploads\/2017\/03\/INSTALLATION-05.jpg\"\n\t\t\t\t\t\t     title=\"\"\n\t\t\t\t\t\t     style=\"display:none\">\n\n\t\t\t\t\t\t<img decoding=\"async\" alt=\"\"\n\t\t\t\t\t\t     src=\"\" data-image=\"https:\/\/bertillegentil.com\/wp-content\/uploads\/2017\/03\/INSTALLATION-04-768x1463.jpg\"\n\t\t\t\t\t\t     data-thumb=\"https:\/\/bertillegentil.com\/wp-content\/uploads\/2017\/03\/INSTALLATION-04.jpg\"\n\t\t\t\t\t\t     title=\"\"\n\t\t\t\t\t\t     style=\"display:none\">\n\n\t\t\t\t\t\t<img decoding=\"async\" alt=\"\"\n\t\t\t\t\t\t     src=\"\" data-image=\"https:\/\/bertillegentil.com\/wp-content\/uploads\/2017\/03\/INSTALLATION-03-768x1463.jpg\"\n\t\t\t\t\t\t     data-thumb=\"https:\/\/bertillegentil.com\/wp-content\/uploads\/2017\/03\/INSTALLATION-03.jpg\"\n\t\t\t\t\t\t     title=\"\"\n\t\t\t\t\t\t     style=\"display:none\">\n\n\t\t\t\t\t\t<img decoding=\"async\" alt=\"\"\n\t\t\t\t\t\t     src=\"\" data-image=\"https:\/\/bertillegentil.com\/wp-content\/uploads\/2017\/03\/INSTALLATION-01-768x1463.jpg\"\n\t\t\t\t\t\t     data-thumb=\"https:\/\/bertillegentil.com\/wp-content\/uploads\/2017\/03\/INSTALLATION-01.jpg\"\n\t\t\t\t\t\t     title=\"\"\n\t\t\t\t\t\t     style=\"display:none\">\n\n\t\t\t\t\t\t<img decoding=\"async\" alt=\"\"\n\t\t\t\t\t\t     src=\"\" data-image=\"https:\/\/bertillegentil.com\/wp-content\/uploads\/2017\/03\/instal-04-768x1024.jpg\"\n\t\t\t\t\t\t     data-thumb=\"https:\/\/bertillegentil.com\/wp-content\/uploads\/2017\/03\/instal-04-e1490804962486.jpg\"\n\t\t\t\t\t\t     title=\"\"\n\t\t\t\t\t\t     style=\"display:none\">\n\n\t\t\t\t\t\t<img decoding=\"async\" alt=\"\"\n\t\t\t\t\t\t     src=\"\" data-image=\"https:\/\/bertillegentil.com\/wp-content\/uploads\/2017\/03\/detail01-768x576.jpg\"\n\t\t\t\t\t\t     data-thumb=\"https:\/\/bertillegentil.com\/wp-content\/uploads\/2017\/03\/detail01.jpg\"\n\t\t\t\t\t\t     title=\"\"\n\t\t\t\t\t\t     style=\"display:none\">\n\n\t\t\t\t\t\t<img decoding=\"async\" alt=\"\"\n\t\t\t\t\t\t     src=\"\" data-image=\"https:\/\/bertillegentil.com\/wp-content\/uploads\/2017\/03\/instal-02-768x576.jpg\"\n\t\t\t\t\t\t     data-thumb=\"https:\/\/bertillegentil.com\/wp-content\/uploads\/2017\/03\/instal-02.jpg\"\n\t\t\t\t\t\t     title=\"\"\n\t\t\t\t\t\t     style=\"display:none\">\n\n\t\t\t\t\t\t<img decoding=\"async\" alt=\"\"\n\t\t\t\t\t\t     src=\"\" data-image=\"https:\/\/bertillegentil.com\/wp-content\/uploads\/2017\/03\/instal-03-768x576.jpg\"\n\t\t\t\t\t\t     data-thumb=\"https:\/\/bertillegentil.com\/wp-content\/uploads\/2017\/03\/instal-03.jpg\"\n\t\t\t\t\t\t     title=\"\"\n\t\t\t\t\t\t     style=\"display:none\">\n\n\t\t\t\t\t\t<img decoding=\"async\" alt=\"\"\n\t\t\t\t\t\t     src=\"\" data-image=\"https:\/\/bertillegentil.com\/wp-content\/uploads\/2017\/03\/detail04-768x576.jpg\"\n\t\t\t\t\t\t     data-thumb=\"https:\/\/bertillegentil.com\/wp-content\/uploads\/2017\/03\/detail04.jpg\"\n\t\t\t\t\t\t     title=\"\"\n\t\t\t\t\t\t     style=\"display:none\">\n\n\t\t\t\t\t\t<img decoding=\"async\" alt=\"\"\n\t\t\t\t\t\t     src=\"\" data-image=\"https:\/\/bertillegentil.com\/wp-content\/uploads\/2017\/03\/detail03-768x576.jpg\"\n\t\t\t\t\t\t     data-thumb=\"https:\/\/bertillegentil.com\/wp-content\/uploads\/2017\/03\/detail03.jpg\"\n\t\t\t\t\t\t     title=\"\"\n\t\t\t\t\t\t     style=\"display:none\">\n\n\t\t\t\t\t\t<img decoding=\"async\" alt=\"instal-01-\"\n\t\t\t\t\t\t     src=\"\" data-image=\"https:\/\/bertillegentil.com\/wp-content\/uploads\/2018\/01\/instal-01--768x576.jpg\"\n\t\t\t\t\t\t     data-thumb=\"https:\/\/bertillegentil.com\/wp-content\/uploads\/2018\/01\/instal-01--768x576.jpg\"\n\t\t\t\t\t\t     title=\"\"\n\t\t\t\t\t\t     style=\"display:none\">\n\t\t\t<\/div>\n\n\t\t\t<script type='text\/javascript'>\n\t\t\t\twindow.onload = function(e) {\n\t\t\t\t\tif(typeof ugCheckForErrors == \"undefined\"){\n\t\t\t\t\t\tdocument.getElementById(\"unitegallery_6_1\").innerHTML = \"<span style='color:red'>Unite Gallery Error - gallery js and css files not included in the footer. Please make sure that wp_footer() function is added to your theme.<\/span>\";}\n\t\t\t\t\telse{ ugCheckForErrors(\"unitegallery_6_1\", \"jquery\");}\n\t\t\t\t};\n\t\t\t<\/script>\n\n\t\t\t<!-- END UNITEGALLERY --><\/div><\/div><\/div><\/div><div class=\"fusion-fullwidth fullwidth-box fusion-builder-row-3 fusion-flex-container has-pattern-background has-mask-background nonhundred-percent-fullwidth non-hundred-percent-height-scrolling\" style=\"--awb-border-radius-top-left:0px;--awb-border-radius-top-right:0px;--awb-border-radius-bottom-right:0px;--awb-border-radius-bottom-left:0px;--awb-flex-wrap:wrap;\" ><div class=\"fusion-builder-row fusion-row fusion-flex-align-items-flex-start fusion-flex-content-wrap\" style=\"max-width:936px;margin-left: calc(-4% \/ 2 );margin-right: calc(-4% \/ 2 );\"><div class=\"fusion-layout-column fusion_builder_column fusion-builder-column-3 fusion_builder_column_1_3 1_3 fusion-flex-column\" style=\"--awb-bg-size:cover;--awb-width-large:33.333333333333%;--awb-margin-top-large:0px;--awb-spacing-right-large:5.76%;--awb-margin-bottom-large:20px;--awb-spacing-left-large:5.76%;--awb-width-medium:100%;--awb-order-medium:0;--awb-spacing-right-medium:1.92%;--awb-spacing-left-medium:1.92%;--awb-width-small:100%;--awb-order-small:0;--awb-spacing-right-small:1.92%;--awb-spacing-left-small:1.92%;\"><div class=\"fusion-column-wrapper fusion-column-has-shadow fusion-flex-justify-content-flex-start fusion-content-layout-column\"><div class=\"fusion-text fusion-text-3\"><p style=\"text-align: left;\">En Antarctique, des chercheurs pr\u00e9l\u00e8vent des carottes de glace \u00e0 la calotte des P\u00f4les afin de scruter scientifiquement les t\u00e9moins de moments saisis par la glace.<\/p>\n<\/div><\/div><\/div><div class=\"fusion-layout-column fusion_builder_column fusion-builder-column-4 fusion_builder_column_1_3 1_3 fusion-flex-column\" style=\"--awb-bg-size:cover;--awb-width-large:33.333333333333%;--awb-margin-top-large:0px;--awb-spacing-right-large:5.76%;--awb-margin-bottom-large:20px;--awb-spacing-left-large:5.76%;--awb-width-medium:100%;--awb-order-medium:0;--awb-spacing-right-medium:1.92%;--awb-spacing-left-medium:1.92%;--awb-width-small:100%;--awb-order-small:0;--awb-spacing-right-small:1.92%;--awb-spacing-left-small:1.92%;\"><div class=\"fusion-column-wrapper fusion-column-has-shadow fusion-flex-justify-content-flex-start fusion-content-layout-column\"><div class=\"fusion-text fusion-text-4\"><p style=\"text-align: left;\">Les carottes de glace constituent d&#8217;excellents enregistrements de variations environnementales pass\u00e9es (temp\u00e9rature, volume des oc\u00e9ans, niveau de pr\u00e9cipitations, chimie et composition des gaz de la <a title=\"Troposph\u00e8re\" href=\"https:\/\/fr.wikipedia.org\/wiki\/Troposph%C3%A8re\">troposph\u00e8re<\/a>\u00a0; retomb\u00e9es d&#8217;\u00e9ruptions volcaniques, variations de l&#8217;<a title=\"Cycle solaire\" href=\"https:\/\/fr.wikipedia.org\/wiki\/Cycle_solaire\">activit\u00e9 solaire<\/a> et de rayonnement cosmique<sup id=\"cite_ref-3\" class=\"reference\"><a href=\"https:\/\/fr.wikipedia.org\/wiki\/Carotte_de_glace#cite_note-3\">3<\/a><\/sup>, extension des d\u00e9serts, feux de for\u00eat notables, etc.<\/p>\n<\/div><\/div><\/div><div class=\"fusion-layout-column fusion_builder_column fusion-builder-column-5 fusion_builder_column_1_3 1_3 fusion-flex-column\" style=\"--awb-bg-size:cover;--awb-width-large:33.333333333333%;--awb-margin-top-large:0px;--awb-spacing-right-large:5.76%;--awb-margin-bottom-large:20px;--awb-spacing-left-large:5.76%;--awb-width-medium:100%;--awb-order-medium:0;--awb-spacing-right-medium:1.92%;--awb-spacing-left-medium:1.92%;--awb-width-small:100%;--awb-order-small:0;--awb-spacing-right-small:1.92%;--awb-spacing-left-small:1.92%;\"><div class=\"fusion-column-wrapper fusion-column-has-shadow fusion-flex-justify-content-flex-start fusion-content-layout-column\"><div class=\"fusion-text fusion-text-5\"><p style=\"text-align: left;\">Plus la carotte de glace est longue, c&#8217;est-\u00e0-dire profonde, plus il est possible de remonter loin dans le pass\u00e9.\u00a0 Les plus r\u00e9cents forages ont mis \u00e0 leur disposition des carottes o\u00f9 des centaines de milliers d&#8217;ann\u00e9es sont enregistr\u00e9es, jusqu&#8217;\u00e0 800 000 ans pour la carotte de l&#8217;<a title=\"Projet EPICA\" href=\"https:\/\/fr.wikipedia.org\/wiki\/Projet_EPICA\">EPICA<\/a> (1995-2004).<\/p>\n<\/div><\/div><\/div><\/div><\/div><\/p>\n","protected":false},"excerpt":{"rendered":"","protected":false},"author":1,"featured_media":0,"parent":0,"menu_order":0,"comment_status":"closed","ping_status":"closed","template":"","meta":{"footnotes":""},"class_list":["post-5778","page","type-page","status-publish","hentry"],"translation":{"provider":"WPGlobus","version":"3.0.2","language":"en","enabled_languages":["fr","en"],"languages":{"fr":{"title":true,"content":true,"excerpt":false},"en":{"title":false,"content":false,"excerpt":false}}},"_links":{"self":[{"href":"https:\/\/bertillegentil.com\/en\/wp-json\/wp\/v2\/pages\/5778","targetHints":{"allow":["GET"]}}],"collection":[{"href":"https:\/\/bertillegentil.com\/en\/wp-json\/wp\/v2\/pages"}],"about":[{"href":"https:\/\/bertillegentil.com\/en\/wp-json\/wp\/v2\/types\/page"}],"author":[{"embeddable":true,"href":"https:\/\/bertillegentil.com\/en\/wp-json\/wp\/v2\/users\/1"}],"replies":[{"embeddable":true,"href":"https:\/\/bertillegentil.com\/en\/wp-json\/wp\/v2\/comments?post=5778"}],"version-history":[{"count":11,"href":"https:\/\/bertillegentil.com\/en\/wp-json\/wp\/v2\/pages\/5778\/revisions"}],"predecessor-version":[{"id":5921,"href":"https:\/\/bertillegentil.com\/en\/wp-json\/wp\/v2\/pages\/5778\/revisions\/5921"}],"wp:attachment":[{"href":"https:\/\/bertillegentil.com\/en\/wp-json\/wp\/v2\/media?parent=5778"}],"curies":[{"name":"wp","href":"https:\/\/api.w.org\/{rel}","templated":true}]}}