{"id":6094,"date":"2023-08-02T16:11:08","date_gmt":"2023-08-02T14:11:08","guid":{"rendered":"https:\/\/bertillegentil.com\/?page_id=6094"},"modified":"2026-01-28T09:07:21","modified_gmt":"2026-01-28T08:07:21","slug":"watercolor","status":"publish","type":"page","link":"https:\/\/bertillegentil.com\/en\/watercolor\/","title":{"rendered":"Watercolor"},"content":{"rendered":"<p><div class=\"fusion-fullwidth fullwidth-box fusion-builder-row-1 fusion-flex-container has-pattern-background has-mask-background nonhundred-percent-fullwidth non-hundred-percent-height-scrolling\" style=\"--awb-border-radius-top-left:0px;--awb-border-radius-top-right:0px;--awb-border-radius-bottom-right:0px;--awb-border-radius-bottom-left:0px;--awb-flex-wrap:wrap;\" ><div class=\"fusion-builder-row fusion-row fusion-flex-align-items-flex-start fusion-flex-content-wrap\" style=\"max-width:936px;margin-left: calc(-4% \/ 2 );margin-right: calc(-4% \/ 2 );\"><div class=\"fusion-layout-column fusion_builder_column fusion-builder-column-0 fusion_builder_column_1_1 1_1 fusion-flex-column\" style=\"--awb-bg-size:cover;--awb-width-large:100%;--awb-margin-top-large:0px;--awb-spacing-right-large:1.92%;--awb-margin-bottom-large:20px;--awb-spacing-left-large:1.92%;--awb-width-medium:100%;--awb-order-medium:0;--awb-spacing-right-medium:1.92%;--awb-spacing-left-medium:1.92%;--awb-width-small:100%;--awb-order-small:0;--awb-spacing-right-small:1.92%;--awb-spacing-left-small:1.92%;\"><div class=\"fusion-column-wrapper fusion-column-has-shadow fusion-flex-justify-content-flex-start fusion-content-layout-column\"><div class=\"fusion-text fusion-text-1\"><h2 class=\"text-text-100 mt-3 -mb-1 text-&#091;1.375rem&#093; font-bold\" style=\"text-align: center;\">Aquarelles d&#8217;\u00c9gine<\/h2>\n<h2 class=\"font-claude-response-body break-words whitespace-normal leading-&#091;1.7&#093;\" style=\"text-align: center;\">Archives sensibles d&#8217;un quotidien m\u00e9diterran\u00e9en<\/h2>\n<\/div><div class=\"fusion-text fusion-text-2\"><h2 style=\"text-align: center;\">Page en construction<\/h2>\n<\/div><\/div><\/div><\/div><\/div><div class=\"fusion-fullwidth fullwidth-box fusion-builder-row-2 fusion-flex-container has-pattern-background has-mask-background nonhundred-percent-fullwidth non-hundred-percent-height-scrolling\" style=\"--awb-border-radius-top-left:0px;--awb-border-radius-top-right:0px;--awb-border-radius-bottom-right:0px;--awb-border-radius-bottom-left:0px;--awb-flex-wrap:wrap;\" ><div class=\"fusion-builder-row fusion-row fusion-flex-align-items-flex-start fusion-flex-content-wrap\" style=\"max-width:936px;margin-left: calc(-4% \/ 2 );margin-right: calc(-4% \/ 2 );\"><div class=\"fusion-layout-column fusion_builder_column fusion-builder-column-1 fusion_builder_column_1_2 1_2 fusion-flex-column\" style=\"--awb-bg-size:cover;--awb-width-large:50%;--awb-margin-top-large:0px;--awb-spacing-right-large:3.84%;--awb-margin-bottom-large:20px;--awb-spacing-left-large:3.84%;--awb-width-medium:100%;--awb-order-medium:0;--awb-spacing-right-medium:1.92%;--awb-spacing-left-medium:1.92%;--awb-width-small:100%;--awb-order-small:0;--awb-spacing-right-small:1.92%;--awb-spacing-left-small:1.92%;\"><div class=\"fusion-column-wrapper fusion-column-has-shadow fusion-flex-justify-content-flex-start fusion-content-layout-column\"><div class=\"fusion-text fusion-text-3\"><p>Ces aquarelles capturent l&#8217;essence fragile d&#8217;\u00c9gine \u2014 instants vol\u00e9s au temps qui passe, lumi\u00e8res \u00e9ph\u00e9m\u00e8res sur les eaux du golfe Saronique, conversations silencieuses. Exaltation de vivre immerg\u00e9e dans cette lumi\u00e8re, aupr\u00e8s de cette eau si sublime. Elles illuminent mon c\u0153ur de parisienne.<\/p>\n<\/div><\/div><\/div><div class=\"fusion-layout-column fusion_builder_column fusion-builder-column-2 fusion_builder_column_1_2 1_2 fusion-flex-column\" style=\"--awb-bg-size:cover;--awb-width-large:50%;--awb-margin-top-large:0px;--awb-spacing-right-large:3.84%;--awb-margin-bottom-large:20px;--awb-spacing-left-large:3.84%;--awb-width-medium:100%;--awb-order-medium:0;--awb-spacing-right-medium:1.92%;--awb-spacing-left-medium:1.92%;--awb-width-small:100%;--awb-order-small:0;--awb-spacing-right-small:1.92%;--awb-spacing-left-small:1.92%;\"><div class=\"fusion-column-wrapper fusion-column-has-shadow fusion-flex-justify-content-flex-start fusion-content-layout-column\"><div class=\"fusion-text fusion-text-4\"><p>L&#8217;aquarelle en est le t\u00e9moignage imm\u00e9diat, carnet de bord liquide de ma vie \u00e9tablie au c\u0153ur de ce paysage vivant. Transparence de l&#8217;eau, transparence du m\u00e9dium \u2014 m\u00eame vuln\u00e9rabilit\u00e9, m\u00eame beaut\u00e9 pr\u00e9caire.<\/p>\n<\/div><\/div><\/div><div class=\"fusion-layout-column fusion_builder_column fusion-builder-column-3 fusion_builder_column_1_2 1_2 fusion-flex-column\" style=\"--awb-bg-size:cover;--awb-width-large:50%;--awb-margin-top-large:0px;--awb-spacing-right-large:3.84%;--awb-margin-bottom-large:20px;--awb-spacing-left-large:3.84%;--awb-width-medium:100%;--awb-order-medium:0;--awb-spacing-right-medium:1.92%;--awb-spacing-left-medium:1.92%;--awb-width-small:100%;--awb-order-small:0;--awb-spacing-right-small:1.92%;--awb-spacing-left-small:1.92%;\"><div class=\"fusion-column-wrapper fusion-column-has-shadow fusion-flex-justify-content-flex-start fusion-content-layout-column\"><div class=\"fusion-image-element \" style=\"--awb-caption-title-font-family:var(--h2_typography-font-family);--awb-caption-title-font-weight:var(--h2_typography-font-weight);--awb-caption-title-font-style:var(--h2_typography-font-style);--awb-caption-title-size:var(--h2_typography-font-size);--awb-caption-title-transform:var(--h2_typography-text-transform);--awb-caption-title-line-height:var(--h2_typography-line-height);--awb-caption-title-letter-spacing:var(--h2_typography-letter-spacing);\"><span class=\" fusion-imageframe imageframe-none imageframe-1 hover-type-none\"><a href=\"https:\/\/bertillegentil.com\/wp-content\/uploads\/2023\/08\/dans-la-montagne-01-1.jpg\" class=\"fusion-lightbox\" data-rel=\"iLightbox[a31801de052eb0e43ea]\" data-title=\"dans-la-montagne-01\" title=\"dans-la-montagne-01\"><img decoding=\"async\" width=\"1774\" height=\"1284\" src=\"https:\/\/bertillegentil.com\/wp-content\/uploads\/2023\/08\/dans-la-montagne-01-1.jpg\" alt class=\"img-responsive wp-image-6165\" srcset=\"https:\/\/bertillegentil.com\/wp-content\/uploads\/2023\/08\/dans-la-montagne-01-1-200x145.jpg 200w, https:\/\/bertillegentil.com\/wp-content\/uploads\/2023\/08\/dans-la-montagne-01-1-400x290.jpg 400w, https:\/\/bertillegentil.com\/wp-content\/uploads\/2023\/08\/dans-la-montagne-01-1-600x434.jpg 600w, https:\/\/bertillegentil.com\/wp-content\/uploads\/2023\/08\/dans-la-montagne-01-1-800x579.jpg 800w, https:\/\/bertillegentil.com\/wp-content\/uploads\/2023\/08\/dans-la-montagne-01-1-1200x869.jpg 1200w, https:\/\/bertillegentil.com\/wp-content\/uploads\/2023\/08\/dans-la-montagne-01-1.jpg 1774w\" sizes=\"(max-width: 1024px) 100vw, (max-width: 640px) 100vw, 600px\" \/><\/a><\/span><\/div><\/div><\/div><div class=\"fusion-layout-column fusion_builder_column fusion-builder-column-4 fusion_builder_column_1_2 1_2 fusion-flex-column\" style=\"--awb-bg-size:cover;--awb-width-large:50%;--awb-margin-top-large:0px;--awb-spacing-right-large:3.84%;--awb-margin-bottom-large:20px;--awb-spacing-left-large:3.84%;--awb-width-medium:100%;--awb-order-medium:0;--awb-spacing-right-medium:1.92%;--awb-spacing-left-medium:1.92%;--awb-width-small:100%;--awb-order-small:0;--awb-spacing-right-small:1.92%;--awb-spacing-left-small:1.92%;\"><div class=\"fusion-column-wrapper fusion-column-has-shadow fusion-flex-justify-content-flex-start fusion-content-layout-column\"><div class=\"fusion-text fusion-text-5\"><h4>Une promenade hivernale du cot\u00e9 de Tzikid\u00e8s<\/h4>\n<h4>Titre &#8220;Dans la montagne &#8221;\u00a0 2025\u00a0 Sign\u00e9<\/h4>\n<h4>Sur formats A4 &#8211; Taille de la peinture 18&#215;13 cm<\/h4>\n<h4>Papier aquarelle &#8211; Grain fin &#8211; Press\u00e9 \u00e0 froid &#8211; 300 gr<\/h4>\n<h4>Prix 90 \u20ac<\/h4>\n<\/div><\/div><\/div><div class=\"fusion-layout-column fusion_builder_column fusion-builder-column-5 fusion_builder_column_1_1 1_1 fusion-flex-column\" style=\"--awb-bg-size:cover;--awb-width-large:100%;--awb-margin-top-large:0px;--awb-spacing-right-large:1.92%;--awb-margin-bottom-large:20px;--awb-spacing-left-large:1.92%;--awb-width-medium:100%;--awb-order-medium:0;--awb-spacing-right-medium:1.92%;--awb-spacing-left-medium:1.92%;--awb-width-small:100%;--awb-order-small:0;--awb-spacing-right-small:1.92%;--awb-spacing-left-small:1.92%;\"><div class=\"fusion-column-wrapper fusion-column-has-shadow fusion-flex-justify-content-flex-start fusion-content-layout-column\"><div class=\"fusion-separator fusion-full-width-sep\" style=\"align-self: center;margin-left: auto;margin-right: auto;width:100%;\"><div class=\"fusion-separator-border sep-single sep-solid\" style=\"--awb-height:20px;--awb-amount:20px;border-color:#e0dede;border-top-width:1px;\"><\/div><\/div><\/div><\/div><\/div><\/div><div class=\"fusion-fullwidth fullwidth-box fusion-builder-row-3 fusion-flex-container has-pattern-background has-mask-background nonhundred-percent-fullwidth non-hundred-percent-height-scrolling\" style=\"--awb-border-radius-top-left:0px;--awb-border-radius-top-right:0px;--awb-border-radius-bottom-right:0px;--awb-border-radius-bottom-left:0px;--awb-flex-wrap:wrap;\" ><div class=\"fusion-builder-row fusion-row fusion-flex-align-items-flex-start fusion-flex-content-wrap\" style=\"max-width:936px;margin-left: calc(-4% \/ 2 );margin-right: calc(-4% \/ 2 );\"><div class=\"fusion-layout-column fusion_builder_column fusion-builder-column-6 fusion_builder_column_1_2 1_2 fusion-flex-column\" style=\"--awb-bg-size:cover;--awb-width-large:50%;--awb-margin-top-large:0px;--awb-spacing-right-large:3.84%;--awb-margin-bottom-large:20px;--awb-spacing-left-large:3.84%;--awb-width-medium:100%;--awb-order-medium:0;--awb-spacing-right-medium:1.92%;--awb-spacing-left-medium:1.92%;--awb-width-small:100%;--awb-order-small:0;--awb-spacing-right-small:1.92%;--awb-spacing-left-small:1.92%;\"><div class=\"fusion-column-wrapper fusion-column-has-shadow fusion-flex-justify-content-flex-start fusion-content-layout-column\"><div class=\"fusion-image-element \" style=\"--awb-caption-title-font-family:var(--h2_typography-font-family);--awb-caption-title-font-weight:var(--h2_typography-font-weight);--awb-caption-title-font-style:var(--h2_typography-font-style);--awb-caption-title-size:var(--h2_typography-font-size);--awb-caption-title-transform:var(--h2_typography-text-transform);--awb-caption-title-line-height:var(--h2_typography-line-height);--awb-caption-title-letter-spacing:var(--h2_typography-letter-spacing);\"><span class=\" fusion-imageframe imageframe-none imageframe-2 hover-type-none\"><a href=\"https:\/\/bertillegentil.com\/wp-content\/uploads\/2025\/09\/Livadi-2024-10.jpg\" class=\"fusion-lightbox\" data-rel=\"iLightbox[1fc038457fad9dd19f1]\" data-title=\"Livadi-2024-(10)\" title=\"Livadi-2024-(10)\"><img decoding=\"async\" width=\"1755\" height=\"1232\" src=\"https:\/\/bertillegentil.com\/wp-content\/uploads\/2025\/09\/Livadi-2024-10.jpg\" alt class=\"img-responsive wp-image-6572\" srcset=\"https:\/\/bertillegentil.com\/wp-content\/uploads\/2025\/09\/Livadi-2024-10-200x140.jpg 200w, https:\/\/bertillegentil.com\/wp-content\/uploads\/2025\/09\/Livadi-2024-10-400x281.jpg 400w, https:\/\/bertillegentil.com\/wp-content\/uploads\/2025\/09\/Livadi-2024-10-600x421.jpg 600w, https:\/\/bertillegentil.com\/wp-content\/uploads\/2025\/09\/Livadi-2024-10-800x562.jpg 800w, https:\/\/bertillegentil.com\/wp-content\/uploads\/2025\/09\/Livadi-2024-10-1200x842.jpg 1200w, https:\/\/bertillegentil.com\/wp-content\/uploads\/2025\/09\/Livadi-2024-10.jpg 1755w\" sizes=\"(max-width: 1024px) 100vw, (max-width: 640px) 100vw, 600px\" \/><\/a><\/span><\/div><\/div><\/div><div class=\"fusion-layout-column fusion_builder_column fusion-builder-column-7 fusion_builder_column_1_2 1_2 fusion-flex-column\" style=\"--awb-bg-size:cover;--awb-width-large:50%;--awb-margin-top-large:0px;--awb-spacing-right-large:3.84%;--awb-margin-bottom-large:20px;--awb-spacing-left-large:3.84%;--awb-width-medium:100%;--awb-order-medium:0;--awb-spacing-right-medium:1.92%;--awb-spacing-left-medium:1.92%;--awb-width-small:100%;--awb-order-small:0;--awb-spacing-right-small:1.92%;--awb-spacing-left-small:1.92%;\"><div class=\"fusion-column-wrapper fusion-column-has-shadow fusion-flex-justify-content-flex-start fusion-content-layout-column\"><div class=\"fusion-text fusion-text-6\"><h4>Dans la pin\u00e8de de la plage de la Colonne<\/h4>\n<h4>Titre &#8220;l&#8217;hiver \u00e0 la colonne&#8221;\u00a0 2025\u00a0 Sign\u00e9<\/h4>\n<h4>Sur formats A4 &#8211; Taille de la peinture 18&#215;13 cm<\/h4>\n<h4>Papier aquarelle &#8211; Grain fin &#8211; Press\u00e9 \u00e0 froid &#8211; 300 gr<\/h4>\n<h4>Prix 90 \u20ac<\/h4>\n<\/div><\/div><\/div><\/div><\/div><\/p>\n","protected":false},"excerpt":{"rendered":"","protected":false},"author":1,"featured_media":0,"parent":0,"menu_order":0,"comment_status":"closed","ping_status":"closed","template":"","meta":{"footnotes":""},"class_list":["post-6094","page","type-page","status-publish","hentry"],"translation":{"provider":"WPGlobus","version":"3.0.2","language":"en","enabled_languages":["fr","en"],"languages":{"fr":{"title":true,"content":true,"excerpt":false},"en":{"title":false,"content":false,"excerpt":false}}},"_links":{"self":[{"href":"https:\/\/bertillegentil.com\/en\/wp-json\/wp\/v2\/pages\/6094","targetHints":{"allow":["GET"]}}],"collection":[{"href":"https:\/\/bertillegentil.com\/en\/wp-json\/wp\/v2\/pages"}],"about":[{"href":"https:\/\/bertillegentil.com\/en\/wp-json\/wp\/v2\/types\/page"}],"author":[{"embeddable":true,"href":"https:\/\/bertillegentil.com\/en\/wp-json\/wp\/v2\/users\/1"}],"replies":[{"embeddable":true,"href":"https:\/\/bertillegentil.com\/en\/wp-json\/wp\/v2\/comments?post=6094"}],"version-history":[{"count":46,"href":"https:\/\/bertillegentil.com\/en\/wp-json\/wp\/v2\/pages\/6094\/revisions"}],"predecessor-version":[{"id":7409,"href":"https:\/\/bertillegentil.com\/en\/wp-json\/wp\/v2\/pages\/6094\/revisions\/7409"}],"wp:attachment":[{"href":"https:\/\/bertillegentil.com\/en\/wp-json\/wp\/v2\/media?parent=6094"}],"curies":[{"name":"wp","href":"https:\/\/api.w.org\/{rel}","templated":true}]}}