{"id":6225,"date":"2023-08-04T17:26:31","date_gmt":"2023-08-04T15:26:31","guid":{"rendered":"https:\/\/bertillegentil.com\/?page_id=6225"},"modified":"2025-12-16T10:10:50","modified_gmt":"2025-12-16T09:10:50","slug":"blue","status":"publish","type":"page","link":"https:\/\/bertillegentil.com\/en\/blue\/","title":{"rendered":"Blue"},"content":{"rendered":"<p><div class=\"fusion-fullwidth fullwidth-box fusion-builder-row-1 fusion-flex-container has-pattern-background has-mask-background nonhundred-percent-fullwidth non-hundred-percent-height-scrolling\" style=\"--awb-border-radius-top-left:0px;--awb-border-radius-top-right:0px;--awb-border-radius-bottom-right:0px;--awb-border-radius-bottom-left:0px;--awb-flex-wrap:wrap;\" ><div class=\"fusion-builder-row fusion-row fusion-flex-align-items-flex-start fusion-flex-content-wrap\" style=\"max-width:936px;margin-left: calc(-4% \/ 2 );margin-right: calc(-4% \/ 2 );\"><div class=\"fusion-layout-column fusion_builder_column fusion-builder-column-0 fusion_builder_column_1_1 1_1 fusion-flex-column\" style=\"--awb-bg-size:cover;--awb-width-large:100%;--awb-margin-top-large:0px;--awb-spacing-right-large:1.92%;--awb-margin-bottom-large:20px;--awb-spacing-left-large:1.92%;--awb-width-medium:100%;--awb-order-medium:0;--awb-spacing-right-medium:1.92%;--awb-spacing-left-medium:1.92%;--awb-width-small:100%;--awb-order-small:0;--awb-spacing-right-small:1.92%;--awb-spacing-left-small:1.92%;\"><div class=\"fusion-column-wrapper fusion-column-has-shadow fusion-flex-justify-content-flex-start fusion-content-layout-column\"><div class=\"fusion-text fusion-text-1\"><h2 style=\"text-align: center;\">Blue<\/h2>\n<\/div><\/div><\/div><\/div><\/div><div class=\"fusion-fullwidth fullwidth-box fusion-builder-row-2 fusion-flex-container has-pattern-background has-mask-background nonhundred-percent-fullwidth non-hundred-percent-height-scrolling\" style=\"--awb-border-radius-top-left:0px;--awb-border-radius-top-right:0px;--awb-border-radius-bottom-right:0px;--awb-border-radius-bottom-left:0px;--awb-flex-wrap:wrap;\" ><div class=\"fusion-builder-row fusion-row fusion-flex-align-items-flex-start fusion-flex-content-wrap\" style=\"max-width:936px;margin-left: calc(-4% \/ 2 );margin-right: calc(-4% \/ 2 );\"><div class=\"fusion-layout-column fusion_builder_column fusion-builder-column-1 fusion_builder_column_1_2 1_2 fusion-flex-column\" style=\"--awb-bg-size:cover;--awb-width-large:50%;--awb-margin-top-large:0px;--awb-spacing-right-large:3.84%;--awb-margin-bottom-large:20px;--awb-spacing-left-large:3.84%;--awb-width-medium:100%;--awb-order-medium:0;--awb-spacing-right-medium:1.92%;--awb-spacing-left-medium:1.92%;--awb-width-small:100%;--awb-order-small:0;--awb-spacing-right-small:1.92%;--awb-spacing-left-small:1.92%;\"><div class=\"fusion-column-wrapper fusion-column-has-shadow fusion-flex-justify-content-flex-start fusion-content-layout-column\"><div class=\"fusion-text fusion-text-2\"><h4>Le bleu, couleur de l&#8217;eau et du ciel, traverse mon travail comme une m\u00e9ditation sur l&#8217;\u00e9l\u00e9ment liquide. Cette s\u00e9rie explore les variations chromatiques de la mer \u00c9g\u00e9e, du bleu profond au turquoise translucide.<\/h4>\n<\/div><\/div><\/div><div class=\"fusion-layout-column fusion_builder_column fusion-builder-column-2 fusion_builder_column_1_2 1_2 fusion-flex-column\" style=\"--awb-bg-size:cover;--awb-width-large:50%;--awb-margin-top-large:0px;--awb-spacing-right-large:3.84%;--awb-margin-bottom-large:20px;--awb-spacing-left-large:3.84%;--awb-width-medium:100%;--awb-order-medium:0;--awb-spacing-right-medium:1.92%;--awb-spacing-left-medium:1.92%;--awb-width-small:100%;--awb-order-small:0;--awb-spacing-right-small:1.92%;--awb-spacing-left-small:1.92%;\"><div class=\"fusion-column-wrapper fusion-column-has-shadow fusion-flex-justify-content-flex-start fusion-content-layout-column\"><div class=\"fusion-text fusion-text-3\"><h4>Chaque toile est une c\u00e9l\u00e9bration de la beaut\u00e9 maritime et, en creux, une inqui\u00e9tude face \u00e0 sa fragilit\u00e9.<\/h4>\n<\/div><\/div><\/div><\/div><\/div><div class=\"fusion-fullwidth fullwidth-box fusion-builder-row-3 fusion-flex-container has-pattern-background has-mask-background nonhundred-percent-fullwidth non-hundred-percent-height-scrolling\" style=\"--awb-border-radius-top-left:0px;--awb-border-radius-top-right:0px;--awb-border-radius-bottom-right:0px;--awb-border-radius-bottom-left:0px;--awb-flex-wrap:wrap;\" ><div class=\"fusion-builder-row fusion-row fusion-flex-align-items-flex-start fusion-flex-content-wrap\" style=\"max-width:936px;margin-left: calc(-4% \/ 2 );margin-right: calc(-4% \/ 2 );\"><div class=\"fusion-layout-column fusion_builder_column fusion-builder-column-3 fusion_builder_column_1_1 1_1 fusion-flex-column\" style=\"--awb-bg-size:cover;--awb-width-large:100%;--awb-margin-top-large:0px;--awb-spacing-right-large:1.92%;--awb-margin-bottom-large:20px;--awb-spacing-left-large:1.92%;--awb-width-medium:100%;--awb-order-medium:0;--awb-spacing-right-medium:1.92%;--awb-spacing-left-medium:1.92%;--awb-width-small:100%;--awb-order-small:0;--awb-spacing-right-small:1.92%;--awb-spacing-left-small:1.92%;\"><div class=\"fusion-column-wrapper fusion-column-has-shadow fusion-flex-justify-content-flex-start fusion-content-layout-column\">\r\n\t\t\t\t\t\n\r\n\t\t\t\t\t<!-- START UNITE GALLERY 1.7.62 -->\r\n\t\t\t\t\t\r\n\t\t\t\t\n\t\t\t<div id='unitegallery_77_1' class='unite-gallery'>\n\t\t\t\t\n\n\t\t\t\t\t\t<img decoding=\"async\" alt=\"Out-of-the-blue-(1)\"\n\t\t\t\t\t\t     src=\"\" data-image=\"https:\/\/bertillegentil.com\/wp-content\/uploads\/2023\/08\/Out-of-the-blue-1.jpg\"\n\t\t\t\t\t\t     data-thumb=\"https:\/\/bertillegentil.com\/wp-content\/uploads\/2023\/08\/Out-of-the-blue-1-300x225.jpg\"\n\t\t\t\t\t\t     title=\"\"\n\t\t\t\t\t\t     style=\"display:none\">\n\n\t\t\t\t\t\t<img decoding=\"async\" alt=\"Out-of-the-blue\"\n\t\t\t\t\t\t     src=\"\" data-image=\"https:\/\/bertillegentil.com\/wp-content\/uploads\/2023\/08\/Out-of-the-blue.jpg\"\n\t\t\t\t\t\t     data-thumb=\"https:\/\/bertillegentil.com\/wp-content\/uploads\/2023\/08\/Out-of-the-blue-300x169.jpg\"\n\t\t\t\t\t\t     title=\"\"\n\t\t\t\t\t\t     style=\"display:none\">\n\n\t\t\t\t\t\t<img decoding=\"async\" alt=\"Out-of-the-blue-(9)\"\n\t\t\t\t\t\t     src=\"\" data-image=\"https:\/\/bertillegentil.com\/wp-content\/uploads\/2023\/08\/Out-of-the-blue-9.jpg\"\n\t\t\t\t\t\t     data-thumb=\"https:\/\/bertillegentil.com\/wp-content\/uploads\/2023\/08\/Out-of-the-blue-9-225x300.jpg\"\n\t\t\t\t\t\t     title=\"\"\n\t\t\t\t\t\t     style=\"display:none\">\n\n\t\t\t\t\t\t<img decoding=\"async\" alt=\"Out-of-the-blue-(6)\"\n\t\t\t\t\t\t     src=\"\" data-image=\"https:\/\/bertillegentil.com\/wp-content\/uploads\/2023\/08\/Out-of-the-blue-6-scaled.jpg\"\n\t\t\t\t\t\t     data-thumb=\"https:\/\/bertillegentil.com\/wp-content\/uploads\/2023\/08\/Out-of-the-blue-6-300x225.jpg\"\n\t\t\t\t\t\t     title=\"\"\n\t\t\t\t\t\t     style=\"display:none\">\n\n\t\t\t\t\t\t<img decoding=\"async\" alt=\"Out-of-the-blue-(5)\"\n\t\t\t\t\t\t     src=\"\" data-image=\"https:\/\/bertillegentil.com\/wp-content\/uploads\/2023\/08\/Out-of-the-blue-5-scaled.jpg\"\n\t\t\t\t\t\t     data-thumb=\"https:\/\/bertillegentil.com\/wp-content\/uploads\/2023\/08\/Out-of-the-blue-5-225x300.jpg\"\n\t\t\t\t\t\t     title=\"\"\n\t\t\t\t\t\t     style=\"display:none\">\n\n\t\t\t\t\t\t<img decoding=\"async\" alt=\"Out-of-the-blue-(4)\"\n\t\t\t\t\t\t     src=\"\" data-image=\"https:\/\/bertillegentil.com\/wp-content\/uploads\/2023\/08\/Out-of-the-blue-4-scaled.jpg\"\n\t\t\t\t\t\t     data-thumb=\"https:\/\/bertillegentil.com\/wp-content\/uploads\/2023\/08\/Out-of-the-blue-4-225x300.jpg\"\n\t\t\t\t\t\t     title=\"\"\n\t\t\t\t\t\t     style=\"display:none\">\n\n\t\t\t\t\t\t<img decoding=\"async\" alt=\"Out-of-the-blue-(7)\"\n\t\t\t\t\t\t     src=\"\" data-image=\"https:\/\/bertillegentil.com\/wp-content\/uploads\/2023\/08\/Out-of-the-blue-7.jpg\"\n\t\t\t\t\t\t     data-thumb=\"https:\/\/bertillegentil.com\/wp-content\/uploads\/2023\/08\/Out-of-the-blue-7-225x300.jpg\"\n\t\t\t\t\t\t     title=\"\"\n\t\t\t\t\t\t     style=\"display:none\">\n\n\t\t\t\t\t\t<img decoding=\"async\" alt=\"Out-of-the-blue-(3)\"\n\t\t\t\t\t\t     src=\"\" data-image=\"https:\/\/bertillegentil.com\/wp-content\/uploads\/2023\/08\/Out-of-the-blue-3-scaled.jpg\"\n\t\t\t\t\t\t     data-thumb=\"https:\/\/bertillegentil.com\/wp-content\/uploads\/2023\/08\/Out-of-the-blue-3-300x225.jpg\"\n\t\t\t\t\t\t     title=\"\"\n\t\t\t\t\t\t     style=\"display:none\">\n\n\t\t\t\t\t\t<img decoding=\"async\" alt=\"Out-of-the-blue-(2)\"\n\t\t\t\t\t\t     src=\"\" data-image=\"https:\/\/bertillegentil.com\/wp-content\/uploads\/2023\/08\/Out-of-the-blue-2-scaled.jpg\"\n\t\t\t\t\t\t     data-thumb=\"https:\/\/bertillegentil.com\/wp-content\/uploads\/2023\/08\/Out-of-the-blue-2-300x225.jpg\"\n\t\t\t\t\t\t     title=\"\"\n\t\t\t\t\t\t     style=\"display:none\">\n\n\t\t\t\t\t\t<img decoding=\"async\" alt=\"Out-of-the-blue-(8)\"\n\t\t\t\t\t\t     src=\"\" data-image=\"https:\/\/bertillegentil.com\/wp-content\/uploads\/2023\/08\/Out-of-the-blue-8.jpg\"\n\t\t\t\t\t\t     data-thumb=\"https:\/\/bertillegentil.com\/wp-content\/uploads\/2023\/08\/Out-of-the-blue-8-225x300.jpg\"\n\t\t\t\t\t\t     title=\"\"\n\t\t\t\t\t\t     style=\"display:none\">\n\n\t\t\t\t\t\t<img decoding=\"async\" alt=\"Out-of-the-blue-(16)\"\n\t\t\t\t\t\t     src=\"\" data-image=\"https:\/\/bertillegentil.com\/wp-content\/uploads\/2023\/08\/Out-of-the-blue-16.jpg\"\n\t\t\t\t\t\t     data-thumb=\"https:\/\/bertillegentil.com\/wp-content\/uploads\/2023\/08\/Out-of-the-blue-16-225x300.jpg\"\n\t\t\t\t\t\t     title=\"\"\n\t\t\t\t\t\t     style=\"display:none\">\n\n\t\t\t\t\t\t<img decoding=\"async\" alt=\"Out-of-the-blue-(17)\"\n\t\t\t\t\t\t     src=\"\" data-image=\"https:\/\/bertillegentil.com\/wp-content\/uploads\/2023\/08\/Out-of-the-blue-17.jpg\"\n\t\t\t\t\t\t     data-thumb=\"https:\/\/bertillegentil.com\/wp-content\/uploads\/2023\/08\/Out-of-the-blue-17-300x232.jpg\"\n\t\t\t\t\t\t     title=\"\"\n\t\t\t\t\t\t     style=\"display:none\">\n\n\t\t\t\t\t\t<img decoding=\"async\" alt=\"Out-of-the-blue-(155)\"\n\t\t\t\t\t\t     src=\"\" data-image=\"https:\/\/bertillegentil.com\/wp-content\/uploads\/2023\/08\/Out-of-the-blue-155.jpg\"\n\t\t\t\t\t\t     data-thumb=\"https:\/\/bertillegentil.com\/wp-content\/uploads\/2023\/08\/Out-of-the-blue-155-217x300.jpg\"\n\t\t\t\t\t\t     title=\"\"\n\t\t\t\t\t\t     style=\"display:none\">\n\n\t\t\t\t\t\t<img decoding=\"async\" alt=\"Out-of-the-blue-(14)\"\n\t\t\t\t\t\t     src=\"\" data-image=\"https:\/\/bertillegentil.com\/wp-content\/uploads\/2023\/08\/Out-of-the-blue-14.jpg\"\n\t\t\t\t\t\t     data-thumb=\"https:\/\/bertillegentil.com\/wp-content\/uploads\/2023\/08\/Out-of-the-blue-14-300x225.jpg\"\n\t\t\t\t\t\t     title=\"\"\n\t\t\t\t\t\t     style=\"display:none\">\n\n\t\t\t\t\t\t<img decoding=\"async\" alt=\"Out-of-the-blue-(13)\"\n\t\t\t\t\t\t     src=\"\" data-image=\"https:\/\/bertillegentil.com\/wp-content\/uploads\/2023\/08\/Out-of-the-blue-13.jpg\"\n\t\t\t\t\t\t     data-thumb=\"https:\/\/bertillegentil.com\/wp-content\/uploads\/2023\/08\/Out-of-the-blue-13-300x225.jpg\"\n\t\t\t\t\t\t     title=\"\"\n\t\t\t\t\t\t     style=\"display:none\">\n\n\t\t\t\t\t\t<img decoding=\"async\" alt=\"Out-of-the-blue-(11)\"\n\t\t\t\t\t\t     src=\"\" data-image=\"https:\/\/bertillegentil.com\/wp-content\/uploads\/2023\/08\/Out-of-the-blue-11.jpg\"\n\t\t\t\t\t\t     data-thumb=\"https:\/\/bertillegentil.com\/wp-content\/uploads\/2023\/08\/Out-of-the-blue-11-236x300.jpg\"\n\t\t\t\t\t\t     title=\"\"\n\t\t\t\t\t\t     style=\"display:none\">\n\n\t\t\t\t\t\t<img decoding=\"async\" alt=\"Out-of-the-blue-(12)\"\n\t\t\t\t\t\t     src=\"\" data-image=\"https:\/\/bertillegentil.com\/wp-content\/uploads\/2023\/08\/Out-of-the-blue-12.jpg\"\n\t\t\t\t\t\t     data-thumb=\"https:\/\/bertillegentil.com\/wp-content\/uploads\/2023\/08\/Out-of-the-blue-12-300x201.jpg\"\n\t\t\t\t\t\t     title=\"\"\n\t\t\t\t\t\t     style=\"display:none\">\n\n\t\t\t\t\t\t<img decoding=\"async\" alt=\"Out-of-the-blue-(10)\"\n\t\t\t\t\t\t     src=\"\" data-image=\"https:\/\/bertillegentil.com\/wp-content\/uploads\/2023\/08\/Out-of-the-blue-10.jpg\"\n\t\t\t\t\t\t     data-thumb=\"https:\/\/bertillegentil.com\/wp-content\/uploads\/2023\/08\/Out-of-the-blue-10-300x225.jpg\"\n\t\t\t\t\t\t     title=\"\"\n\t\t\t\t\t\t     style=\"display:none\">\n\t\t\t<\/div>\n\n\t\t\t<script type='text\/javascript'>\n\t\t\t\twindow.onload = function(e) {\n\t\t\t\t\tif(typeof ugCheckForErrors == \"undefined\"){\n\t\t\t\t\t\tdocument.getElementById(\"unitegallery_77_1\").innerHTML = \"<span style='color:red'>Unite Gallery Error - gallery js and css files not included in the footer. Please make sure that wp_footer() function is added to your theme.<\/span>\";}\n\t\t\t\t\telse{ ugCheckForErrors(\"unitegallery_77_1\", \"jquery\");}\n\t\t\t\t};\n\t\t\t<\/script>\n\n\t\t\t<!-- END UNITEGALLERY --><\/div><\/div><\/div><\/div><\/p>\n","protected":false},"excerpt":{"rendered":"","protected":false},"author":1,"featured_media":0,"parent":0,"menu_order":0,"comment_status":"closed","ping_status":"closed","template":"","meta":{"footnotes":""},"class_list":["post-6225","page","type-page","status-publish","hentry"],"translation":{"provider":"WPGlobus","version":"3.0.2","language":"en","enabled_languages":["fr","en"],"languages":{"fr":{"title":true,"content":true,"excerpt":false},"en":{"title":false,"content":false,"excerpt":false}}},"_links":{"self":[{"href":"https:\/\/bertillegentil.com\/en\/wp-json\/wp\/v2\/pages\/6225","targetHints":{"allow":["GET"]}}],"collection":[{"href":"https:\/\/bertillegentil.com\/en\/wp-json\/wp\/v2\/pages"}],"about":[{"href":"https:\/\/bertillegentil.com\/en\/wp-json\/wp\/v2\/types\/page"}],"author":[{"embeddable":true,"href":"https:\/\/bertillegentil.com\/en\/wp-json\/wp\/v2\/users\/1"}],"replies":[{"embeddable":true,"href":"https:\/\/bertillegentil.com\/en\/wp-json\/wp\/v2\/comments?post=6225"}],"version-history":[{"count":5,"href":"https:\/\/bertillegentil.com\/en\/wp-json\/wp\/v2\/pages\/6225\/revisions"}],"predecessor-version":[{"id":6879,"href":"https:\/\/bertillegentil.com\/en\/wp-json\/wp\/v2\/pages\/6225\/revisions\/6879"}],"wp:attachment":[{"href":"https:\/\/bertillegentil.com\/en\/wp-json\/wp\/v2\/media?parent=6225"}],"curies":[{"name":"wp","href":"https:\/\/api.w.org\/{rel}","templated":true}]}}