{"id":6489,"date":"2025-09-02T17:44:49","date_gmt":"2025-09-02T15:44:49","guid":{"rendered":"https:\/\/bertillegentil.com\/?page_id=6489"},"modified":"2026-01-28T09:52:12","modified_gmt":"2026-01-28T08:52:12","slug":"fb-6489","status":"publish","type":"page","link":"https:\/\/bertillegentil.com\/en\/fb-6489\/","title":{"rendered":"L&#8217;artiste BG"},"content":{"rendered":"<div class=\"fusion-fullwidth fullwidth-box fusion-builder-row-1 fusion-flex-container has-pattern-background has-mask-background nonhundred-percent-fullwidth non-hundred-percent-height-scrolling\" style=\"--awb-border-radius-top-left:0px;--awb-border-radius-top-right:0px;--awb-border-radius-bottom-right:0px;--awb-border-radius-bottom-left:0px;--awb-flex-wrap:wrap;\" ><div class=\"fusion-builder-row fusion-row fusion-flex-align-items-flex-start fusion-flex-content-wrap\" style=\"max-width:936px;margin-left: calc(-4% \/ 2 );margin-right: calc(-4% \/ 2 );\"><div class=\"fusion-layout-column fusion_builder_column fusion-builder-column-0 fusion_builder_column_1_3 1_3 fusion-flex-column\" style=\"--awb-bg-size:cover;--awb-width-large:33.333333333333%;--awb-margin-top-large:0px;--awb-spacing-right-large:5.76%;--awb-margin-bottom-large:20px;--awb-spacing-left-large:5.76%;--awb-width-medium:100%;--awb-order-medium:0;--awb-spacing-right-medium:1.92%;--awb-spacing-left-medium:1.92%;--awb-width-small:100%;--awb-order-small:0;--awb-spacing-right-small:1.92%;--awb-spacing-left-small:1.92%;\"><div class=\"fusion-column-wrapper fusion-column-has-shadow fusion-flex-justify-content-flex-start fusion-content-layout-column\"><div class=\"fusion-text fusion-text-1\"><p class=\"font-claude-response-body break-words whitespace-normal leading-&#091;1.7&#093;\">Apr\u00e8s des ann\u00e9es de land art d\u00e9non\u00e7ant la pollution plastique et le d\u00e9r\u00e8glement climatique, la brutalit\u00e9 du constat m&#8217;\u00e9tait devenue insupportable, j&#8217;ai ressenti la n\u00e9cessit\u00e9 de d\u00e9placer ma pratique. Aujourd&#8217;hui, je peins des paysages dans lesquels je vis avec une approche figurative, en mode t\u00e9moignage. Chaque toile documente une nature fragile appel\u00e9e \u00e0 dispara\u00eetre \u2014 br\u00fbl\u00e9e, engloutie par une temp\u00eate ou d\u00e9vor\u00e9e par le sur-tourisme.<\/p>\n<\/div><div class=\"fusion-separator fusion-no-medium-visibility fusion-full-width-sep\" style=\"align-self: center;margin-left: auto;margin-right: auto;width:100%;\"><div class=\"fusion-separator-border sep-single sep-solid\" style=\"--awb-height:20px;--awb-amount:20px;--awb-sep-color:#000000;border-color:#000000;border-top-width:1px;\"><\/div><\/div><\/div><\/div><div class=\"fusion-layout-column fusion_builder_column fusion-builder-column-1 fusion_builder_column_1_3 1_3 fusion-flex-column\" style=\"--awb-bg-size:cover;--awb-width-large:33.333333333333%;--awb-margin-top-large:0px;--awb-spacing-right-large:5.76%;--awb-margin-bottom-large:20px;--awb-spacing-left-large:5.76%;--awb-width-medium:100%;--awb-order-medium:0;--awb-spacing-right-medium:1.92%;--awb-spacing-left-medium:1.92%;--awb-width-small:100%;--awb-order-small:0;--awb-spacing-right-small:1.92%;--awb-spacing-left-small:1.92%;\"><div class=\"fusion-column-wrapper fusion-column-has-shadow fusion-flex-justify-content-flex-start fusion-content-layout-column\"><div class=\"fusion-image-element \" style=\"--awb-caption-title-font-family:var(--h2_typography-font-family);--awb-caption-title-font-weight:var(--h2_typography-font-weight);--awb-caption-title-font-style:var(--h2_typography-font-style);--awb-caption-title-size:var(--h2_typography-font-size);--awb-caption-title-transform:var(--h2_typography-text-transform);--awb-caption-title-line-height:var(--h2_typography-line-height);--awb-caption-title-letter-spacing:var(--h2_typography-letter-spacing);\"><span class=\" fusion-imageframe imageframe-none imageframe-1 hover-type-none\"><img decoding=\"async\" width=\"709\" height=\"1070\" title=\"Bertille Gentil 02\" src=\"https:\/\/bertillegentil.com\/wp-content\/uploads\/2020\/04\/Bertille-Gentil-02.jpg\" alt class=\"img-responsive wp-image-4863\" srcset=\"https:\/\/bertillegentil.com\/wp-content\/uploads\/2020\/04\/Bertille-Gentil-02-200x302.jpg 200w, https:\/\/bertillegentil.com\/wp-content\/uploads\/2020\/04\/Bertille-Gentil-02-400x604.jpg 400w, https:\/\/bertillegentil.com\/wp-content\/uploads\/2020\/04\/Bertille-Gentil-02-600x906.jpg 600w, https:\/\/bertillegentil.com\/wp-content\/uploads\/2020\/04\/Bertille-Gentil-02.jpg 709w\" sizes=\"(max-width: 1024px) 100vw, (max-width: 640px) 100vw, 400px\" \/><\/span><\/div><div class=\"fusion-text fusion-text-2\"><div class=\"fusion-text fusion-text-2\" style=\"text-align: center;\">\n<p><em>Corps &amp; \u00c2me, mains, c\u0153ur, esprit engag\u00e9s, <\/em><\/p>\n<p><em>j<\/em><em>e cr\u00e9e par n\u00e9cessit\u00e9 int\u00e9rieure\u00a0 pour apporter ma pierre \u00e0 la conciliation des \u00e9l\u00e9ments du vivant.\u00a0 <\/em><\/p>\n<\/div>\n<\/div><\/div><\/div><div class=\"fusion-layout-column fusion_builder_column fusion-builder-column-2 fusion_builder_column_1_3 1_3 fusion-flex-column\" style=\"--awb-bg-size:cover;--awb-width-large:33.333333333333%;--awb-margin-top-large:0px;--awb-spacing-right-large:5.76%;--awb-margin-bottom-large:20px;--awb-spacing-left-large:5.76%;--awb-width-medium:100%;--awb-order-medium:0;--awb-spacing-right-medium:1.92%;--awb-spacing-left-medium:1.92%;--awb-width-small:100%;--awb-order-small:0;--awb-spacing-right-small:1.92%;--awb-spacing-left-small:1.92%;\"><div class=\"fusion-column-wrapper fusion-column-has-shadow fusion-flex-justify-content-flex-start fusion-content-layout-column\"><div class=\"fusion-text fusion-text-3\"><p class=\"font-claude-response-body break-words whitespace-normal leading-&#091;1.7&#093;\">Offrir de la contemplation du monde vivant, c&#8217;est rappeler ce qui vaut d&#8217;\u00eatre sauv\u00e9.<\/p>\n<p class=\"font-claude-response-body break-words whitespace-normal leading-&#091;1.7&#093;\">Je d\u00e9fends une approche sensible. Le r\u00e9confort et la contemplation n&#8217;\u00e9ludent pas la solastalgie\u00a0 de l&#8217;an\u00e9antissement du vivant\u00a0 ils pr\u00e9parent le regard \u00e0 la m\u00e9moire.<\/p>\n<p class=\"font-claude-response-body break-words whitespace-normal leading-&#091;1.7&#093;\">Mes toiles alternent traversent les espaces entre contemplation et r\u00e9sistance silencieuse.<\/p>\n<h3 class=\"text-text-100 mt-2 -mb-1 text-base font-bold\"><\/h3>\n<\/div><div class=\"fusion-separator fusion-no-medium-visibility fusion-full-width-sep\" style=\"align-self: center;margin-left: auto;margin-right: auto;width:100%;\"><div class=\"fusion-separator-border sep-single sep-solid\" style=\"--awb-height:20px;--awb-amount:20px;--awb-sep-color:#000000;border-color:#000000;border-top-width:1px;\"><\/div><\/div><\/div><\/div><\/div><\/div>\n","protected":false},"excerpt":{"rendered":"","protected":false},"author":1,"featured_media":0,"parent":0,"menu_order":0,"comment_status":"closed","ping_status":"closed","template":"","meta":{"footnotes":""},"class_list":["post-6489","page","type-page","status-publish","hentry"],"translation":{"provider":"WPGlobus","version":"3.0.2","language":"en","enabled_languages":["fr","en"],"languages":{"fr":{"title":true,"content":true,"excerpt":false},"en":{"title":false,"content":false,"excerpt":false}}},"_links":{"self":[{"href":"https:\/\/bertillegentil.com\/en\/wp-json\/wp\/v2\/pages\/6489","targetHints":{"allow":["GET"]}}],"collection":[{"href":"https:\/\/bertillegentil.com\/en\/wp-json\/wp\/v2\/pages"}],"about":[{"href":"https:\/\/bertillegentil.com\/en\/wp-json\/wp\/v2\/types\/page"}],"author":[{"embeddable":true,"href":"https:\/\/bertillegentil.com\/en\/wp-json\/wp\/v2\/users\/1"}],"replies":[{"embeddable":true,"href":"https:\/\/bertillegentil.com\/en\/wp-json\/wp\/v2\/comments?post=6489"}],"version-history":[{"count":41,"href":"https:\/\/bertillegentil.com\/en\/wp-json\/wp\/v2\/pages\/6489\/revisions"}],"predecessor-version":[{"id":6519,"href":"https:\/\/bertillegentil.com\/en\/wp-json\/wp\/v2\/pages\/6489\/revisions\/6519"}],"wp:attachment":[{"href":"https:\/\/bertillegentil.com\/en\/wp-json\/wp\/v2\/media?parent=6489"}],"curies":[{"name":"wp","href":"https:\/\/api.w.org\/{rel}","templated":true}]}}