{"id":6667,"date":"2025-11-22T18:38:42","date_gmt":"2025-11-22T17:38:42","guid":{"rendered":"https:\/\/bertillegentil.com\/?page_id=6667"},"modified":"2026-04-22T07:30:43","modified_gmt":"2026-04-22T05:30:43","slug":"peinture","status":"publish","type":"page","link":"https:\/\/bertillegentil.com\/en\/peinture\/","title":{"rendered":"\u0152uvres disponibles"},"content":{"rendered":"<p><div class=\"fusion-fullwidth fullwidth-box fusion-builder-row-1 fusion-flex-container has-pattern-background has-mask-background nonhundred-percent-fullwidth non-hundred-percent-height-scrolling\" style=\"--awb-border-radius-top-left:0px;--awb-border-radius-top-right:0px;--awb-border-radius-bottom-right:0px;--awb-border-radius-bottom-left:0px;--awb-flex-wrap:wrap;\" ><div class=\"fusion-builder-row fusion-row fusion-flex-align-items-flex-start fusion-flex-content-wrap\" style=\"max-width:936px;margin-left: calc(-4% \/ 2 );margin-right: calc(-4% \/ 2 );\"><div class=\"fusion-layout-column fusion_builder_column fusion-builder-column-0 fusion_builder_column_1_3 1_3 fusion-flex-column\" style=\"--awb-bg-size:cover;--awb-width-large:33.333333333333%;--awb-margin-top-large:0px;--awb-spacing-right-large:5.76%;--awb-margin-bottom-large:20px;--awb-spacing-left-large:5.76%;--awb-width-medium:100%;--awb-order-medium:0;--awb-spacing-right-medium:1.92%;--awb-spacing-left-medium:1.92%;--awb-width-small:100%;--awb-order-small:0;--awb-spacing-right-small:1.92%;--awb-spacing-left-small:1.92%;\"><div class=\"fusion-column-wrapper fusion-column-has-shadow fusion-flex-justify-content-flex-start fusion-content-layout-column\"><\/div><\/div><div class=\"fusion-layout-column fusion_builder_column fusion-builder-column-1 fusion_builder_column_1_3 1_3 fusion-flex-column\" style=\"--awb-bg-size:cover;--awb-width-large:33.333333333333%;--awb-margin-top-large:0px;--awb-spacing-right-large:5.76%;--awb-margin-bottom-large:20px;--awb-spacing-left-large:5.76%;--awb-width-medium:100%;--awb-order-medium:0;--awb-spacing-right-medium:1.92%;--awb-spacing-left-medium:1.92%;--awb-width-small:100%;--awb-order-small:0;--awb-spacing-right-small:1.92%;--awb-spacing-left-small:1.92%;\"><div class=\"fusion-column-wrapper fusion-column-has-shadow fusion-flex-justify-content-flex-start fusion-content-layout-column\"><a class=\"fusion-modal-text-link\" data-toggle=\"modal\" data-target=\".fusion-modal.Singulart\" href=\"#\"><a style=\"display: inline-flex; align-items: center; gap: 8px; background: #ffbad4; padding: 8px 14px; border-radius: 2px; text-decoration: none;\" href=\"https:\/\/www.singulart.com\/en\/artist\/xxx-69697\"><span style=\"font-size: 13px; font-weight: 500; color: #000018;\">Verified artist on Singulart<\/span><\/a><\/a><\/div><\/div><div class=\"fusion-layout-column fusion_builder_column fusion-builder-column-2 fusion_builder_column_1_3 1_3 fusion-flex-column\" style=\"--awb-bg-size:cover;--awb-width-large:33.333333333333%;--awb-margin-top-large:0px;--awb-spacing-right-large:5.76%;--awb-margin-bottom-large:20px;--awb-spacing-left-large:5.76%;--awb-width-medium:100%;--awb-order-medium:0;--awb-spacing-right-medium:1.92%;--awb-spacing-left-medium:1.92%;--awb-width-small:100%;--awb-order-small:0;--awb-spacing-right-small:1.92%;--awb-spacing-left-small:1.92%;\"><div class=\"fusion-column-wrapper fusion-column-has-shadow fusion-flex-justify-content-flex-start fusion-content-layout-column\"><\/div><\/div><\/div><\/div><div class=\"fusion-fullwidth fullwidth-box fusion-builder-row-2 fusion-flex-container has-pattern-background has-mask-background nonhundred-percent-fullwidth non-hundred-percent-height-scrolling\" style=\"--awb-border-radius-top-left:0px;--awb-border-radius-top-right:0px;--awb-border-radius-bottom-right:0px;--awb-border-radius-bottom-left:0px;--awb-flex-wrap:wrap;\" ><div class=\"fusion-builder-row fusion-row fusion-flex-align-items-flex-start fusion-flex-content-wrap\" style=\"max-width:936px;margin-left: calc(-4% \/ 2 );margin-right: calc(-4% \/ 2 );\"><div class=\"fusion-layout-column fusion_builder_column fusion-builder-column-3 fusion_builder_column_1_3 1_3 fusion-flex-column\" style=\"--awb-bg-size:cover;--awb-width-large:33.333333333333%;--awb-margin-top-large:0px;--awb-spacing-right-large:5.76%;--awb-margin-bottom-large:20px;--awb-spacing-left-large:5.76%;--awb-width-medium:100%;--awb-order-medium:0;--awb-spacing-right-medium:1.92%;--awb-spacing-left-medium:1.92%;--awb-width-small:100%;--awb-order-small:0;--awb-spacing-right-small:1.92%;--awb-spacing-left-small:1.92%;\"><div class=\"fusion-column-wrapper fusion-column-has-shadow fusion-flex-justify-content-flex-start fusion-content-layout-column\"><div class=\"fusion-text fusion-text-1\"><p>Paysages Anthropoc\u00e8ne<\/p>\n<\/div><div class=\"fusion-image-element \" style=\"--awb-caption-title-font-family:var(--h2_typography-font-family);--awb-caption-title-font-weight:var(--h2_typography-font-weight);--awb-caption-title-font-style:var(--h2_typography-font-style);--awb-caption-title-size:var(--h2_typography-font-size);--awb-caption-title-transform:var(--h2_typography-text-transform);--awb-caption-title-line-height:var(--h2_typography-line-height);--awb-caption-title-letter-spacing:var(--h2_typography-letter-spacing);\"><span class=\" fusion-imageframe imageframe-none imageframe-1 hover-type-none\"><a class=\"fusion-no-lightbox\" href=\"https:\/\/bertillegentil.com\/paysages-anthropocene\/ \" target=\"_blank\" aria-label=\"Pleine-lune-audela-des-cypre\u0300s\" rel=\"noopener noreferrer\"><img decoding=\"async\" width=\"2015\" height=\"2491\" src=\"https:\/\/bertillegentil.com\/wp-content\/uploads\/2026\/01\/Pleine-lune-audela-des-cypres.jpg\" alt class=\"img-responsive wp-image-7198\" srcset=\"https:\/\/bertillegentil.com\/wp-content\/uploads\/2026\/01\/Pleine-lune-audela-des-cypres-200x247.jpg 200w, https:\/\/bertillegentil.com\/wp-content\/uploads\/2026\/01\/Pleine-lune-audela-des-cypres-400x494.jpg 400w, https:\/\/bertillegentil.com\/wp-content\/uploads\/2026\/01\/Pleine-lune-audela-des-cypres-600x742.jpg 600w, https:\/\/bertillegentil.com\/wp-content\/uploads\/2026\/01\/Pleine-lune-audela-des-cypres-800x989.jpg 800w, https:\/\/bertillegentil.com\/wp-content\/uploads\/2026\/01\/Pleine-lune-audela-des-cypres-1200x1483.jpg 1200w, https:\/\/bertillegentil.com\/wp-content\/uploads\/2026\/01\/Pleine-lune-audela-des-cypres.jpg 2015w\" sizes=\"(max-width: 1024px) 100vw, (max-width: 640px) 100vw, 400px\" \/><\/a><\/span><\/div><\/div><\/div><div class=\"fusion-layout-column fusion_builder_column fusion-builder-column-4 fusion_builder_column_1_3 1_3 fusion-flex-column\" style=\"--awb-bg-size:cover;--awb-width-large:33.333333333333%;--awb-margin-top-large:0px;--awb-spacing-right-large:5.76%;--awb-margin-bottom-large:20px;--awb-spacing-left-large:5.76%;--awb-width-medium:100%;--awb-order-medium:0;--awb-spacing-right-medium:1.92%;--awb-spacing-left-medium:1.92%;--awb-width-small:100%;--awb-order-small:0;--awb-spacing-right-small:1.92%;--awb-spacing-left-small:1.92%;\"><div class=\"fusion-column-wrapper fusion-column-has-shadow fusion-flex-justify-content-flex-start fusion-content-layout-column\"><div class=\"fusion-text fusion-text-2\"><p>Aquarelles<\/p>\n<p>Parce que j&#8217;\u00e9tais partie naviguer dans les Cyclades avec mon ordi, un short, des tongues, et une bo\u00eete d&#8217;aquarelle.<\/p>\n<p>Parce que, par ma fen\u00eatre, sur mon jardin m\u00e9diterran\u00e9en, j&#8217;ai retrouv\u00e9 l&#8217;inspiration de Matisse et ses vues par la fen\u00eatre de l&#8217;atelier dans le Sud de la France.<\/p>\n<p>Parce que c&#8217;\u00e9tait devenu in\u00e9vitable, une \u00e9vidence, il fallait que je peigne la lumi\u00e8re, les couleurs, la nature<\/p>\n<\/div><div class=\"fusion-image-element \" style=\"--awb-caption-title-font-family:var(--h2_typography-font-family);--awb-caption-title-font-weight:var(--h2_typography-font-weight);--awb-caption-title-font-style:var(--h2_typography-font-style);--awb-caption-title-size:var(--h2_typography-font-size);--awb-caption-title-transform:var(--h2_typography-text-transform);--awb-caption-title-line-height:var(--h2_typography-line-height);--awb-caption-title-letter-spacing:var(--h2_typography-letter-spacing);\"><span class=\" fusion-imageframe imageframe-none imageframe-2 hover-type-none\"><a class=\"fusion-no-lightbox\" href=\"https:\/\/bertillegentil.com\/watercolor\/\" target=\"_blank\" aria-label=\"NATURE MORTE AUX CITRONS\" rel=\"noopener noreferrer\"><img decoding=\"async\" width=\"941\" height=\"1379\" src=\"https:\/\/bertillegentil.com\/wp-content\/uploads\/2025\/12\/NATURE-MORTE-AUX-CITRONS.jpg\" alt class=\"img-responsive wp-image-6822\" srcset=\"https:\/\/bertillegentil.com\/wp-content\/uploads\/2025\/12\/NATURE-MORTE-AUX-CITRONS-200x293.jpg 200w, https:\/\/bertillegentil.com\/wp-content\/uploads\/2025\/12\/NATURE-MORTE-AUX-CITRONS-400x586.jpg 400w, https:\/\/bertillegentil.com\/wp-content\/uploads\/2025\/12\/NATURE-MORTE-AUX-CITRONS-600x879.jpg 600w, https:\/\/bertillegentil.com\/wp-content\/uploads\/2025\/12\/NATURE-MORTE-AUX-CITRONS-800x1172.jpg 800w, https:\/\/bertillegentil.com\/wp-content\/uploads\/2025\/12\/NATURE-MORTE-AUX-CITRONS.jpg 941w\" sizes=\"(max-width: 1024px) 100vw, (max-width: 640px) 100vw, 400px\" \/><\/a><\/span><\/div><\/div><\/div><div class=\"fusion-layout-column fusion_builder_column fusion-builder-column-5 fusion_builder_column_1_3 1_3 fusion-flex-column\" style=\"--awb-bg-size:cover;--awb-width-large:33.333333333333%;--awb-margin-top-large:0px;--awb-spacing-right-large:5.76%;--awb-margin-bottom-large:20px;--awb-spacing-left-large:5.76%;--awb-width-medium:100%;--awb-order-medium:0;--awb-spacing-right-medium:1.92%;--awb-spacing-left-medium:1.92%;--awb-width-small:100%;--awb-order-small:0;--awb-spacing-right-small:1.92%;--awb-spacing-left-small:1.92%;\"><div class=\"fusion-column-wrapper fusion-column-has-shadow fusion-flex-justify-content-flex-start fusion-content-layout-column\"><div class=\"fusion-text fusion-text-3\"><p>Blue,<\/p>\n<p>From out of the Blue<\/p>\n<p>Going nowhere but<\/p>\n<p>To Be<\/p>\n<\/div><div class=\"fusion-image-element \" style=\"--awb-caption-title-font-family:var(--h2_typography-font-family);--awb-caption-title-font-weight:var(--h2_typography-font-weight);--awb-caption-title-font-style:var(--h2_typography-font-style);--awb-caption-title-size:var(--h2_typography-font-size);--awb-caption-title-transform:var(--h2_typography-text-transform);--awb-caption-title-line-height:var(--h2_typography-line-height);--awb-caption-title-letter-spacing:var(--h2_typography-letter-spacing);\"><span class=\" fusion-imageframe imageframe-none imageframe-3 hover-type-none\"><a class=\"fusion-no-lightbox\" href=\"https:\/\/bertillegentil.com\/blue\/\" target=\"_blank\" aria-label=\"Out-of-the-blue-(9)\" rel=\"noopener noreferrer\"><img decoding=\"async\" width=\"1231\" height=\"1641\" src=\"https:\/\/bertillegentil.com\/wp-content\/uploads\/2023\/08\/Out-of-the-blue-9.jpg\" alt class=\"img-responsive wp-image-6208\" srcset=\"https:\/\/bertillegentil.com\/wp-content\/uploads\/2023\/08\/Out-of-the-blue-9-200x267.jpg 200w, https:\/\/bertillegentil.com\/wp-content\/uploads\/2023\/08\/Out-of-the-blue-9-400x533.jpg 400w, https:\/\/bertillegentil.com\/wp-content\/uploads\/2023\/08\/Out-of-the-blue-9-600x800.jpg 600w, https:\/\/bertillegentil.com\/wp-content\/uploads\/2023\/08\/Out-of-the-blue-9-800x1066.jpg 800w, https:\/\/bertillegentil.com\/wp-content\/uploads\/2023\/08\/Out-of-the-blue-9-1200x1600.jpg 1200w, https:\/\/bertillegentil.com\/wp-content\/uploads\/2023\/08\/Out-of-the-blue-9.jpg 1231w\" sizes=\"(max-width: 1024px) 100vw, (max-width: 640px) 100vw, 400px\" \/><\/a><\/span><\/div><\/div><\/div><\/div><\/div><\/p>\n","protected":false},"excerpt":{"rendered":"","protected":false},"author":1,"featured_media":0,"parent":0,"menu_order":0,"comment_status":"closed","ping_status":"closed","template":"","meta":{"footnotes":""},"class_list":["post-6667","page","type-page","status-publish","hentry"],"translation":{"provider":"WPGlobus","version":"3.0.2","language":"en","enabled_languages":["fr","en"],"languages":{"fr":{"title":true,"content":true,"excerpt":false},"en":{"title":false,"content":false,"excerpt":false}}},"_links":{"self":[{"href":"https:\/\/bertillegentil.com\/en\/wp-json\/wp\/v2\/pages\/6667","targetHints":{"allow":["GET"]}}],"collection":[{"href":"https:\/\/bertillegentil.com\/en\/wp-json\/wp\/v2\/pages"}],"about":[{"href":"https:\/\/bertillegentil.com\/en\/wp-json\/wp\/v2\/types\/page"}],"author":[{"embeddable":true,"href":"https:\/\/bertillegentil.com\/en\/wp-json\/wp\/v2\/users\/1"}],"replies":[{"embeddable":true,"href":"https:\/\/bertillegentil.com\/en\/wp-json\/wp\/v2\/comments?post=6667"}],"version-history":[{"count":25,"href":"https:\/\/bertillegentil.com\/en\/wp-json\/wp\/v2\/pages\/6667\/revisions"}],"predecessor-version":[{"id":7476,"href":"https:\/\/bertillegentil.com\/en\/wp-json\/wp\/v2\/pages\/6667\/revisions\/7476"}],"wp:attachment":[{"href":"https:\/\/bertillegentil.com\/en\/wp-json\/wp\/v2\/media?parent=6667"}],"curies":[{"name":"wp","href":"https:\/\/api.w.org\/{rel}","templated":true}]}}