{"id":6840,"date":"2025-12-14T18:00:46","date_gmt":"2025-12-14T17:00:46","guid":{"rendered":"https:\/\/bertillegentil.com\/?page_id=6840"},"modified":"2026-01-24T07:37:21","modified_gmt":"2026-01-24T06:37:21","slug":"paysages-egine","status":"publish","type":"page","link":"https:\/\/bertillegentil.com\/en\/paysages-egine\/","title":{"rendered":"Paysages Egine"},"content":{"rendered":"<p><div class=\"fusion-fullwidth fullwidth-box fusion-builder-row-1 fusion-flex-container has-pattern-background has-mask-background nonhundred-percent-fullwidth non-hundred-percent-height-scrolling\" style=\"--awb-border-radius-top-left:0px;--awb-border-radius-top-right:0px;--awb-border-radius-bottom-right:0px;--awb-border-radius-bottom-left:0px;--awb-flex-wrap:wrap;\" ><div class=\"fusion-builder-row fusion-row fusion-flex-align-items-flex-start fusion-flex-content-wrap\" style=\"max-width:936px;margin-left: calc(-4% \/ 2 );margin-right: calc(-4% \/ 2 );\"><div class=\"fusion-layout-column fusion_builder_column fusion-builder-column-0 fusion_builder_column_1_1 1_1 fusion-flex-column\" style=\"--awb-bg-size:cover;--awb-width-large:100%;--awb-margin-top-large:0px;--awb-spacing-right-large:1.92%;--awb-margin-bottom-large:20px;--awb-spacing-left-large:1.92%;--awb-width-medium:100%;--awb-order-medium:0;--awb-spacing-right-medium:1.92%;--awb-spacing-left-medium:1.92%;--awb-width-small:100%;--awb-order-small:0;--awb-spacing-right-small:1.92%;--awb-spacing-left-small:1.92%;\"><div class=\"fusion-column-wrapper fusion-column-has-shadow fusion-flex-justify-content-flex-start fusion-content-layout-column\"><div class=\"fusion-text fusion-text-1\"><h2 style=\"text-align: center;\">Paysages d&#8217;Egine<\/h2>\n<h5 style=\"text-align: center;\">Acrylique sur velours &#8211; 80 X 64 cm<\/h5>\n<\/div><\/div><\/div><\/div><\/div><div class=\"fusion-fullwidth fullwidth-box fusion-builder-row-2 fusion-flex-container has-pattern-background has-mask-background nonhundred-percent-fullwidth non-hundred-percent-height-scrolling\" style=\"--awb-border-radius-top-left:0px;--awb-border-radius-top-right:0px;--awb-border-radius-bottom-right:0px;--awb-border-radius-bottom-left:0px;--awb-flex-wrap:wrap;\" ><div class=\"fusion-builder-row fusion-row fusion-flex-align-items-flex-start fusion-flex-content-wrap\" style=\"max-width:936px;margin-left: calc(-4% \/ 2 );margin-right: calc(-4% \/ 2 );\"><div class=\"fusion-layout-column fusion_builder_column fusion-builder-column-1 fusion_builder_column_1_2 1_2 fusion-flex-column\" style=\"--awb-bg-size:cover;--awb-width-large:50%;--awb-margin-top-large:0px;--awb-spacing-right-large:3.84%;--awb-margin-bottom-large:20px;--awb-spacing-left-large:3.84%;--awb-width-medium:100%;--awb-order-medium:0;--awb-spacing-right-medium:1.92%;--awb-spacing-left-medium:1.92%;--awb-width-small:100%;--awb-order-small:0;--awb-spacing-right-small:1.92%;--awb-spacing-left-small:1.92%;\"><div class=\"fusion-column-wrapper fusion-column-has-shadow fusion-flex-justify-content-flex-start fusion-content-layout-column\"><div class=\"fusion-text fusion-text-2\"><h4 class=\"font-claude-response-body break-words whitespace-normal leading-&#091;1.7&#093;\">Cette s\u00e9rie de peintures figuratives documente les paysages de l&#8217;\u00eele grecque d&#8217;\u00c9gine, o\u00f9 je vis. Loin d&#8217;\u00eatre de simples motifs, ces toiles constituent une archive du vivant \u2014 t\u00e9moignage d&#8217;une nature fragile face au d\u00e9r\u00e8glement climatique.<\/h4>\n<\/div><\/div><\/div><div class=\"fusion-layout-column fusion_builder_column fusion-builder-column-2 fusion_builder_column_1_2 1_2 fusion-flex-column\" style=\"--awb-bg-size:cover;--awb-width-large:50%;--awb-margin-top-large:0px;--awb-spacing-right-large:3.84%;--awb-margin-bottom-large:20px;--awb-spacing-left-large:3.84%;--awb-width-medium:100%;--awb-order-medium:0;--awb-spacing-right-medium:1.92%;--awb-spacing-left-medium:1.92%;--awb-width-small:100%;--awb-order-small:0;--awb-spacing-right-small:1.92%;--awb-spacing-left-small:1.92%;\"><div class=\"fusion-column-wrapper fusion-column-has-shadow fusion-flex-justify-content-flex-start fusion-content-layout-column\"><div class=\"fusion-text fusion-text-3\"><h4 class=\"font-claude-response-body break-words whitespace-normal leading-&#091;1.7&#093;\">Chaque lumi\u00e8re, chaque arbre, chaque c\u00f4te est peint avec la conscience que ce site pourrait dispara\u00eetre. Ces paysages deviennent des lettres d&#8217;amour \u00e0 la beaut\u00e9 \u00e9ph\u00e9m\u00e8re, une r\u00e9sistance silencieuse contre l&#8217;oubli.<\/h4>\n<\/div><\/div><\/div><\/div><\/div><div class=\"fusion-fullwidth fullwidth-box fusion-builder-row-3 fusion-flex-container has-pattern-background has-mask-background nonhundred-percent-fullwidth non-hundred-percent-height-scrolling\" style=\"--awb-border-radius-top-left:0px;--awb-border-radius-top-right:0px;--awb-border-radius-bottom-right:0px;--awb-border-radius-bottom-left:0px;--awb-flex-wrap:wrap;\" ><div class=\"fusion-builder-row fusion-row fusion-flex-align-items-flex-start fusion-flex-content-wrap\" style=\"max-width:936px;margin-left: calc(-4% \/ 2 );margin-right: calc(-4% \/ 2 );\"><div class=\"fusion-layout-column fusion_builder_column fusion-builder-column-3 fusion_builder_column_1_1 1_1 fusion-flex-column\" style=\"--awb-bg-size:cover;--awb-width-large:100%;--awb-margin-top-large:0px;--awb-spacing-right-large:1.92%;--awb-margin-bottom-large:20px;--awb-spacing-left-large:1.92%;--awb-width-medium:100%;--awb-order-medium:0;--awb-spacing-right-medium:1.92%;--awb-spacing-left-medium:1.92%;--awb-width-small:100%;--awb-order-small:0;--awb-spacing-right-small:1.92%;--awb-spacing-left-small:1.92%;\"><div class=\"fusion-column-wrapper fusion-column-has-shadow fusion-flex-justify-content-flex-start fusion-content-layout-column\">\r\n\t\t\t\t\t\n\r\n\t\t\t\t\t<!-- START UNITE GALLERY 1.7.62 -->\r\n\t\t\t\t\t\r\n\t\t\t\t\n\t\t\t<div id='unitegallery_88_1' class='unite-gallery' style='margin:0px auto;'>\n\t\t\t\t\n\n\t\t\t\t\t\t<img decoding=\"async\" alt=\"Vue-de-Moni-min\"\n\t\t\t\t\t\t     src=\"\" data-image=\"https:\/\/bertillegentil.com\/wp-content\/plugins\/unite-gallery-lite\/images\/noimage.png\"\n\t\t\t\t\t\t     data-thumb=\"https:\/\/bertillegentil.com\/wp-content\/plugins\/unite-gallery-lite\/images\/noimage.png\"\n\t\t\t\t\t\t     title=\"\"\n\t\t\t\t\t\t     style=\"display:none\">\n\n\t\t\t\t\t\t<img decoding=\"async\" alt=\"Sur-la-route-de-Plakakia-min\"\n\t\t\t\t\t\t     src=\"\" data-image=\"https:\/\/bertillegentil.com\/wp-content\/plugins\/unite-gallery-lite\/images\/noimage.png\"\n\t\t\t\t\t\t     data-thumb=\"https:\/\/bertillegentil.com\/wp-content\/plugins\/unite-gallery-lite\/images\/noimage.png\"\n\t\t\t\t\t\t     title=\"\"\n\t\t\t\t\t\t     style=\"display:none\">\n\n\t\t\t\t\t\t<img decoding=\"async\" alt=\"Sur-la-route-de-Perdika-min\"\n\t\t\t\t\t\t     src=\"\" data-image=\"https:\/\/bertillegentil.com\/wp-content\/uploads\/2026\/01\/Sur-la-route-de-Perdika-min.jpg\"\n\t\t\t\t\t\t     data-thumb=\"https:\/\/bertillegentil.com\/wp-content\/uploads\/2026\/01\/Sur-la-route-de-Perdika-min-239x300.jpg\"\n\t\t\t\t\t\t     title=\"\"\n\t\t\t\t\t\t     style=\"display:none\">\n\n\t\t\t\t\t\t<img decoding=\"async\" alt=\"Printemps-Egine-02-min\"\n\t\t\t\t\t\t     src=\"\" data-image=\"https:\/\/bertillegentil.com\/wp-content\/plugins\/unite-gallery-lite\/images\/noimage.png\"\n\t\t\t\t\t\t     data-thumb=\"https:\/\/bertillegentil.com\/wp-content\/plugins\/unite-gallery-lite\/images\/noimage.png\"\n\t\t\t\t\t\t     title=\"\"\n\t\t\t\t\t\t     style=\"display:none\">\n\n\t\t\t\t\t\t<img decoding=\"async\" alt=\"Printemps-Egine-01-min\"\n\t\t\t\t\t\t     src=\"\" data-image=\"https:\/\/bertillegentil.com\/wp-content\/plugins\/unite-gallery-lite\/images\/noimage.png\"\n\t\t\t\t\t\t     data-thumb=\"https:\/\/bertillegentil.com\/wp-content\/plugins\/unite-gallery-lite\/images\/noimage.png\"\n\t\t\t\t\t\t     title=\"\"\n\t\t\t\t\t\t     style=\"display:none\">\n\n\t\t\t\t\t\t<img decoding=\"async\" alt=\"Pleine-lune-audela-des-cypre\u0300s\"\n\t\t\t\t\t\t     src=\"\" data-image=\"https:\/\/bertillegentil.com\/wp-content\/uploads\/2026\/01\/Pleine-lune-audela-des-cypres.jpg\"\n\t\t\t\t\t\t     data-thumb=\"https:\/\/bertillegentil.com\/wp-content\/uploads\/2026\/01\/Pleine-lune-audela-des-cypres-243x300.jpg\"\n\t\t\t\t\t\t     title=\"\"\n\t\t\t\t\t\t     style=\"display:none\">\n\n\t\t\t\t\t\t<img decoding=\"async\" alt=\"port-de-l&#039;esperance\"\n\t\t\t\t\t\t     src=\"\" data-image=\"https:\/\/bertillegentil.com\/wp-content\/uploads\/2026\/01\/port-de-lesperance.jpg\"\n\t\t\t\t\t\t     data-thumb=\"https:\/\/bertillegentil.com\/wp-content\/uploads\/2026\/01\/port-de-lesperance-205x300.jpg\"\n\t\t\t\t\t\t     title=\"\"\n\t\t\t\t\t\t     style=\"display:none\">\n\n\t\t\t\t\t\t<img decoding=\"async\" alt=\"Nuage-01\"\n\t\t\t\t\t\t     src=\"\" data-image=\"https:\/\/bertillegentil.com\/wp-content\/uploads\/2026\/01\/Nuage-01.jpg\"\n\t\t\t\t\t\t     data-thumb=\"https:\/\/bertillegentil.com\/wp-content\/uploads\/2026\/01\/Nuage-01-201x300.jpg\"\n\t\t\t\t\t\t     title=\"\"\n\t\t\t\t\t\t     style=\"display:none\">\n\n\t\t\t\t\t\t<img decoding=\"async\" alt=\"Moni-vu-dela-route-de-perdika\"\n\t\t\t\t\t\t     src=\"\" data-image=\"https:\/\/bertillegentil.com\/wp-content\/uploads\/2026\/01\/Moni-vu-dela-route-de-perdika-scaled.jpg\"\n\t\t\t\t\t\t     data-thumb=\"https:\/\/bertillegentil.com\/wp-content\/uploads\/2026\/01\/Moni-vu-dela-route-de-perdika-300x201.jpg\"\n\t\t\t\t\t\t     title=\"\"\n\t\t\t\t\t\t     style=\"display:none\">\n\n\t\t\t\t\t\t<img decoding=\"async\" alt=\"Fin-du-jour-sur-la-campagne\"\n\t\t\t\t\t\t     src=\"\" data-image=\"https:\/\/bertillegentil.com\/wp-content\/uploads\/2026\/01\/Fin-du-jour-sur-la-campagne.jpg\"\n\t\t\t\t\t\t     data-thumb=\"https:\/\/bertillegentil.com\/wp-content\/uploads\/2026\/01\/Fin-du-jour-sur-la-campagne-236x300.jpg\"\n\t\t\t\t\t\t     title=\"\"\n\t\t\t\t\t\t     style=\"display:none\">\n\n\t\t\t\t\t\t<img decoding=\"async\" alt=\"Derrie\u0300re-chez-moi\"\n\t\t\t\t\t\t     src=\"\" data-image=\"https:\/\/bertillegentil.com\/wp-content\/uploads\/2026\/01\/Derriere-chez-moi.jpg\"\n\t\t\t\t\t\t     data-thumb=\"https:\/\/bertillegentil.com\/wp-content\/uploads\/2026\/01\/Derriere-chez-moi-237x300.jpg\"\n\t\t\t\t\t\t     title=\"\"\n\t\t\t\t\t\t     style=\"display:none\">\n\n\t\t\t\t\t\t<img decoding=\"async\" alt=\"bancs-sur-la-route-de-Perdika\"\n\t\t\t\t\t\t     src=\"\" data-image=\"https:\/\/bertillegentil.com\/wp-content\/uploads\/2026\/01\/bancs-sur-la-route-de-Perdika-scaled.jpg\"\n\t\t\t\t\t\t     data-thumb=\"https:\/\/bertillegentil.com\/wp-content\/uploads\/2026\/01\/bancs-sur-la-route-de-Perdika-300x207.jpg\"\n\t\t\t\t\t\t     title=\"\"\n\t\t\t\t\t\t     style=\"display:none\">\n\n\t\t\t\t\t\t<img decoding=\"async\" alt=\"Egine-en-hiver-01\"\n\t\t\t\t\t\t     src=\"\" data-image=\"https:\/\/bertillegentil.com\/wp-content\/uploads\/2026\/01\/Egine-en-hiver-01.jpg\"\n\t\t\t\t\t\t     data-thumb=\"https:\/\/bertillegentil.com\/wp-content\/uploads\/2026\/01\/Egine-en-hiver-01-246x300.jpg\"\n\t\t\t\t\t\t     title=\"\"\n\t\t\t\t\t\t     style=\"display:none\">\n\n\t\t\t\t\t\t<img decoding=\"async\" alt=\"Egine-printemps\"\n\t\t\t\t\t\t     src=\"\" data-image=\"https:\/\/bertillegentil.com\/wp-content\/uploads\/2026\/01\/Egine-printemps.jpg\"\n\t\t\t\t\t\t     data-thumb=\"https:\/\/bertillegentil.com\/wp-content\/uploads\/2026\/01\/Egine-printemps-240x300.jpg\"\n\t\t\t\t\t\t     title=\"\"\n\t\t\t\t\t\t     style=\"display:none\">\n\n\t\t\t\t\t\t<img decoding=\"async\" alt=\"Egine-en-hiver-02\"\n\t\t\t\t\t\t     src=\"\" data-image=\"https:\/\/bertillegentil.com\/wp-content\/uploads\/2026\/01\/Egine-en-hiver-02.jpg\"\n\t\t\t\t\t\t     data-thumb=\"https:\/\/bertillegentil.com\/wp-content\/uploads\/2026\/01\/Egine-en-hiver-02-300x243.jpg\"\n\t\t\t\t\t\t     title=\"\"\n\t\t\t\t\t\t     style=\"display:none\">\n\t\t\t<\/div>\n\n\t\t\t<script type='text\/javascript'>\n\t\t\t\twindow.onload = function(e) {\n\t\t\t\t\tif(typeof ugCheckForErrors == \"undefined\"){\n\t\t\t\t\t\tdocument.getElementById(\"unitegallery_88_1\").innerHTML = \"<span style='color:red'>Unite Gallery Error - gallery js and css files not included in the footer. Please make sure that wp_footer() function is added to your theme.<\/span>\";}\n\t\t\t\t\telse{ ugCheckForErrors(\"unitegallery_88_1\", \"jquery\");}\n\t\t\t\t};\n\t\t\t<\/script>\n\n\t\t\t<!-- END UNITEGALLERY --><\/div><\/div><\/div><\/div><\/p>\n","protected":false},"excerpt":{"rendered":"","protected":false},"author":1,"featured_media":0,"parent":0,"menu_order":0,"comment_status":"closed","ping_status":"closed","template":"","meta":{"footnotes":""},"class_list":["post-6840","page","type-page","status-publish","hentry"],"translation":{"provider":"WPGlobus","version":"3.0.2","language":"en","enabled_languages":["fr","en"],"languages":{"fr":{"title":true,"content":true,"excerpt":false},"en":{"title":false,"content":false,"excerpt":false}}},"_links":{"self":[{"href":"https:\/\/bertillegentil.com\/en\/wp-json\/wp\/v2\/pages\/6840","targetHints":{"allow":["GET"]}}],"collection":[{"href":"https:\/\/bertillegentil.com\/en\/wp-json\/wp\/v2\/pages"}],"about":[{"href":"https:\/\/bertillegentil.com\/en\/wp-json\/wp\/v2\/types\/page"}],"author":[{"embeddable":true,"href":"https:\/\/bertillegentil.com\/en\/wp-json\/wp\/v2\/users\/1"}],"replies":[{"embeddable":true,"href":"https:\/\/bertillegentil.com\/en\/wp-json\/wp\/v2\/comments?post=6840"}],"version-history":[{"count":13,"href":"https:\/\/bertillegentil.com\/en\/wp-json\/wp\/v2\/pages\/6840\/revisions"}],"predecessor-version":[{"id":7207,"href":"https:\/\/bertillegentil.com\/en\/wp-json\/wp\/v2\/pages\/6840\/revisions\/7207"}],"wp:attachment":[{"href":"https:\/\/bertillegentil.com\/en\/wp-json\/wp\/v2\/media?parent=6840"}],"curies":[{"name":"wp","href":"https:\/\/api.w.org\/{rel}","templated":true}]}}