{"id":6957,"date":"2025-12-30T07:32:11","date_gmt":"2025-12-30T06:32:11","guid":{"rendered":"https:\/\/bertillegentil.com\/?page_id=6957"},"modified":"2026-01-28T09:01:08","modified_gmt":"2026-01-28T08:01:08","slug":"demarche-2-2","status":"publish","type":"page","link":"https:\/\/bertillegentil.com\/en\/demarche-2-2\/","title":{"rendered":"D\u00e9marche"},"content":{"rendered":"<p><div class=\"fusion-fullwidth fullwidth-box fusion-builder-row-1 fusion-flex-container has-pattern-background has-mask-background nonhundred-percent-fullwidth non-hundred-percent-height-scrolling\" style=\"--awb-border-radius-top-left:0px;--awb-border-radius-top-right:0px;--awb-border-radius-bottom-right:0px;--awb-border-radius-bottom-left:0px;--awb-flex-wrap:wrap;\" ><div class=\"fusion-builder-row fusion-row fusion-flex-align-items-flex-start fusion-flex-content-wrap\" style=\"max-width:936px;margin-left: calc(-4% \/ 2 );margin-right: calc(-4% \/ 2 );\"><div class=\"fusion-layout-column fusion_builder_column fusion-builder-column-0 fusion_builder_column_1_1 1_1 fusion-flex-column\" style=\"--awb-bg-size:cover;--awb-width-large:100%;--awb-margin-top-large:0px;--awb-spacing-right-large:1.92%;--awb-margin-bottom-large:20px;--awb-spacing-left-large:1.92%;--awb-width-medium:100%;--awb-order-medium:0;--awb-spacing-right-medium:1.92%;--awb-spacing-left-medium:1.92%;--awb-width-small:100%;--awb-order-small:0;--awb-spacing-right-small:1.92%;--awb-spacing-left-small:1.92%;\"><div class=\"fusion-column-wrapper fusion-column-has-shadow fusion-flex-justify-content-flex-start fusion-content-layout-column\"><div class=\"fusion-text fusion-text-1\"><h2 style=\"text-align: left;\">D\u00e9marche Artistique : Le paysage \u00e0 l&#8217;\u00e8re de l&#8217;Anthropoc\u00e8ne<\/h2>\n<\/div><\/div><\/div><div class=\"fusion-layout-column fusion_builder_column fusion-builder-column-1 fusion_builder_column_1_2 1_2 fusion-flex-column\" style=\"--awb-bg-size:cover;--awb-width-large:50%;--awb-margin-top-large:0px;--awb-spacing-right-large:3.84%;--awb-margin-bottom-large:20px;--awb-spacing-left-large:3.84%;--awb-width-medium:100%;--awb-order-medium:0;--awb-spacing-right-medium:1.92%;--awb-spacing-left-medium:1.92%;--awb-width-small:100%;--awb-order-small:0;--awb-spacing-right-small:1.92%;--awb-spacing-left-small:1.92%;\"><div class=\"fusion-column-wrapper fusion-column-has-shadow fusion-flex-justify-content-flex-start fusion-content-layout-column\"><div class=\"fusion-image-element \" style=\"text-align:center;--awb-max-width:200px;--awb-caption-title-font-family:var(--h2_typography-font-family);--awb-caption-title-font-weight:var(--h2_typography-font-weight);--awb-caption-title-font-style:var(--h2_typography-font-style);--awb-caption-title-size:var(--h2_typography-font-size);--awb-caption-title-transform:var(--h2_typography-text-transform);--awb-caption-title-line-height:var(--h2_typography-line-height);--awb-caption-title-letter-spacing:var(--h2_typography-letter-spacing);\"><span class=\" fusion-imageframe imageframe-none imageframe-1 hover-type-none\"><img decoding=\"async\" width=\"2005\" height=\"2552\" title=\"Fin-du-jour-sur-la-campagne\" src=\"https:\/\/bertillegentil.com\/wp-content\/uploads\/2026\/01\/Fin-du-jour-sur-la-campagne.jpg\" alt class=\"img-responsive wp-image-7193\" srcset=\"https:\/\/bertillegentil.com\/wp-content\/uploads\/2026\/01\/Fin-du-jour-sur-la-campagne-200x255.jpg 200w, https:\/\/bertillegentil.com\/wp-content\/uploads\/2026\/01\/Fin-du-jour-sur-la-campagne-400x509.jpg 400w, https:\/\/bertillegentil.com\/wp-content\/uploads\/2026\/01\/Fin-du-jour-sur-la-campagne-600x764.jpg 600w, https:\/\/bertillegentil.com\/wp-content\/uploads\/2026\/01\/Fin-du-jour-sur-la-campagne-800x1018.jpg 800w, https:\/\/bertillegentil.com\/wp-content\/uploads\/2026\/01\/Fin-du-jour-sur-la-campagne-1200x1527.jpg 1200w, https:\/\/bertillegentil.com\/wp-content\/uploads\/2026\/01\/Fin-du-jour-sur-la-campagne.jpg 2005w\" sizes=\"(max-width: 1024px) 100vw, (max-width: 640px) 100vw, 600px\" \/><\/span><\/div><\/div><\/div><div class=\"fusion-layout-column fusion_builder_column fusion-builder-column-2 fusion_builder_column_1_2 1_2 fusion-flex-column\" style=\"--awb-bg-size:cover;--awb-width-large:50%;--awb-margin-top-large:0px;--awb-spacing-right-large:3.84%;--awb-margin-bottom-large:20px;--awb-spacing-left-large:3.84%;--awb-width-medium:100%;--awb-order-medium:0;--awb-spacing-right-medium:1.92%;--awb-spacing-left-medium:1.92%;--awb-width-small:100%;--awb-order-small:0;--awb-spacing-right-small:1.92%;--awb-spacing-left-small:1.92%;\"><div class=\"fusion-column-wrapper fusion-column-has-shadow fusion-flex-justify-content-flex-start fusion-content-layout-column\"><div class=\"fusion-text fusion-text-2\"><h3>La peinture comme t\u00e9moignage<\/h3>\n<\/div><div class=\"fusion-text fusion-text-3\"><p>Du land art \u00e0 la peinture figurative, j&#8217;explore la fragilit\u00e9 du vivant \u00e0 l\u2019\u00e8re de l\u2019Anthropoc\u00e8ne*.<\/p>\n<p>Mon parcours se construit dans une tension productive : observer lucidement ce qui s&#8217;efface, et pratiquer la combativit\u00e9 de l&#8217;\u00e9merveillement. La contemplation devient ici une consolation active, un refuge et\u00a0 aussi une forme de vigilance et de r\u00e9sistance.<\/p>\n<h6>* L&#8217;Anthropoc\u00e8ne, c&#8217;est l&#8217;\u00e8re o\u00f9 l&#8217;humanit\u00e9 est devenue une force g\u00e9ologique qui transforme durablement la Terre &#8211; climat, oc\u00e9ans, biodiversit\u00e9 &#8211; au m\u00eame titre que les volcans ou les glaciations.<\/h6>\n<\/div><\/div><\/div><div class=\"fusion-layout-column fusion_builder_column fusion-builder-column-3 fusion_builder_column_1_2 1_2 fusion-flex-column\" style=\"--awb-bg-size:cover;--awb-width-large:50%;--awb-margin-top-large:0px;--awb-spacing-right-large:3.84%;--awb-margin-bottom-large:20px;--awb-spacing-left-large:3.84%;--awb-width-medium:100%;--awb-order-medium:0;--awb-spacing-right-medium:1.92%;--awb-spacing-left-medium:1.92%;--awb-width-small:100%;--awb-order-small:0;--awb-spacing-right-small:1.92%;--awb-spacing-left-small:1.92%;\"><div class=\"fusion-column-wrapper fusion-column-has-shadow fusion-flex-justify-content-flex-start fusion-content-layout-column\"><div class=\"fusion-text fusion-text-4\"><h3>Un espace de r\u00e9sistance et de r\u00e9confort<\/h3>\n<\/div><div class=\"fusion-text fusion-text-5\"><p>La peinture de paysages, qui a souvent \u00e9t\u00e9 un genre &#8220;traditionnel&#8221;, prend un tout autre sens \u00e0 l&#8217;heure de la crise \u00e9cologique. Ce n&#8217;est plus une c\u00e9l\u00e9bration na\u00efve et traditionnelle de la nature, mais une documentation de ce qui s&#8217;efface. C&#8217;est une peinture de la fragilit\u00e9, une peinture &#8220;pour apr\u00e8s&#8221;.<\/p>\n<\/div><div class=\"fusion-text fusion-text-6\"><p>Ni lamentations ,ni avertissements, mes paysages sont des archives vivantes, tiss\u00e9es de couleurs qui refusent de c\u00e9der. Face \u00e0 l&#8217;effondrement, la po\u00e9sie devient l&#8217;outil avec lequel je soutiens le moral, le v\u00f4tre et le mien. Peindre n&#8217;est pas un luxe : c&#8217;est une n\u00e9cessit\u00e9 vitale.<\/p>\n<\/div><\/div><\/div><div class=\"fusion-layout-column fusion_builder_column fusion-builder-column-4 fusion_builder_column_1_2 1_2 fusion-flex-column\" style=\"--awb-bg-size:cover;--awb-width-large:50%;--awb-margin-top-large:0px;--awb-spacing-right-large:3.84%;--awb-margin-bottom-large:20px;--awb-spacing-left-large:3.84%;--awb-width-medium:100%;--awb-order-medium:0;--awb-spacing-right-medium:1.92%;--awb-spacing-left-medium:1.92%;--awb-width-small:100%;--awb-order-small:0;--awb-spacing-right-small:1.92%;--awb-spacing-left-small:1.92%;\"><div class=\"fusion-column-wrapper fusion-column-has-shadow fusion-flex-justify-content-flex-start fusion-content-layout-column\"><div class=\"fusion-image-element \" style=\"text-align:center;--awb-max-width:200px;--awb-caption-title-font-family:var(--h2_typography-font-family);--awb-caption-title-font-weight:var(--h2_typography-font-weight);--awb-caption-title-font-style:var(--h2_typography-font-style);--awb-caption-title-size:var(--h2_typography-font-size);--awb-caption-title-transform:var(--h2_typography-text-transform);--awb-caption-title-line-height:var(--h2_typography-line-height);--awb-caption-title-letter-spacing:var(--h2_typography-letter-spacing);\"><span class=\" fusion-imageframe imageframe-none imageframe-2 hover-type-none\"><img decoding=\"async\" width=\"1883\" height=\"2299\" title=\"Egine-en-hiver-01\" src=\"https:\/\/bertillegentil.com\/wp-content\/uploads\/2026\/01\/Egine-en-hiver-01.jpg\" alt class=\"img-responsive wp-image-7190\" srcset=\"https:\/\/bertillegentil.com\/wp-content\/uploads\/2026\/01\/Egine-en-hiver-01-200x244.jpg 200w, https:\/\/bertillegentil.com\/wp-content\/uploads\/2026\/01\/Egine-en-hiver-01-400x488.jpg 400w, https:\/\/bertillegentil.com\/wp-content\/uploads\/2026\/01\/Egine-en-hiver-01-600x733.jpg 600w, https:\/\/bertillegentil.com\/wp-content\/uploads\/2026\/01\/Egine-en-hiver-01-800x977.jpg 800w, https:\/\/bertillegentil.com\/wp-content\/uploads\/2026\/01\/Egine-en-hiver-01-1200x1465.jpg 1200w, https:\/\/bertillegentil.com\/wp-content\/uploads\/2026\/01\/Egine-en-hiver-01.jpg 1883w\" sizes=\"(max-width: 1024px) 100vw, (max-width: 640px) 100vw, 600px\" \/><\/span><\/div><\/div><\/div><\/div><\/div><div class=\"fusion-fullwidth fullwidth-box fusion-builder-row-2 fusion-flex-container has-pattern-background has-mask-background nonhundred-percent-fullwidth non-hundred-percent-height-scrolling\" style=\"--awb-border-radius-top-left:0px;--awb-border-radius-top-right:0px;--awb-border-radius-bottom-right:0px;--awb-border-radius-bottom-left:0px;--awb-flex-wrap:wrap;\" ><div class=\"fusion-builder-row fusion-row fusion-flex-align-items-flex-start fusion-flex-content-wrap\" style=\"max-width:936px;margin-left: calc(-4% \/ 2 );margin-right: calc(-4% \/ 2 );\"><div class=\"fusion-layout-column fusion_builder_column fusion-builder-column-5 fusion_builder_column_1_2 1_2 fusion-flex-column\" style=\"--awb-bg-size:cover;--awb-width-large:50%;--awb-margin-top-large:0px;--awb-spacing-right-large:3.84%;--awb-margin-bottom-large:20px;--awb-spacing-left-large:3.84%;--awb-width-medium:100%;--awb-order-medium:0;--awb-spacing-right-medium:1.92%;--awb-spacing-left-medium:1.92%;--awb-width-small:100%;--awb-order-small:0;--awb-spacing-right-small:1.92%;--awb-spacing-left-small:1.92%;\"><div class=\"fusion-column-wrapper fusion-column-has-shadow fusion-flex-justify-content-flex-start fusion-content-layout-column\"><div class=\"fusion-image-element \" style=\"text-align:center;--awb-max-width:200px;--awb-caption-title-font-family:var(--h2_typography-font-family);--awb-caption-title-font-weight:var(--h2_typography-font-weight);--awb-caption-title-font-style:var(--h2_typography-font-style);--awb-caption-title-size:var(--h2_typography-font-size);--awb-caption-title-transform:var(--h2_typography-text-transform);--awb-caption-title-line-height:var(--h2_typography-line-height);--awb-caption-title-letter-spacing:var(--h2_typography-letter-spacing);\"><span class=\" fusion-imageframe imageframe-none imageframe-3 hover-type-none\"><img decoding=\"async\" width=\"2015\" height=\"2491\" title=\"Pleine-lune-audela-des-cypre\u0300s\" src=\"https:\/\/bertillegentil.com\/wp-content\/uploads\/2026\/01\/Pleine-lune-audela-des-cypres.jpg\" alt class=\"img-responsive wp-image-7198\" srcset=\"https:\/\/bertillegentil.com\/wp-content\/uploads\/2026\/01\/Pleine-lune-audela-des-cypres-200x247.jpg 200w, https:\/\/bertillegentil.com\/wp-content\/uploads\/2026\/01\/Pleine-lune-audela-des-cypres-400x494.jpg 400w, https:\/\/bertillegentil.com\/wp-content\/uploads\/2026\/01\/Pleine-lune-audela-des-cypres-600x742.jpg 600w, https:\/\/bertillegentil.com\/wp-content\/uploads\/2026\/01\/Pleine-lune-audela-des-cypres-800x989.jpg 800w, https:\/\/bertillegentil.com\/wp-content\/uploads\/2026\/01\/Pleine-lune-audela-des-cypres-1200x1483.jpg 1200w, https:\/\/bertillegentil.com\/wp-content\/uploads\/2026\/01\/Pleine-lune-audela-des-cypres.jpg 2015w\" sizes=\"(max-width: 1024px) 100vw, (max-width: 640px) 100vw, 600px\" \/><\/span><\/div><\/div><\/div><div class=\"fusion-layout-column fusion_builder_column fusion-builder-column-6 fusion_builder_column_1_2 1_2 fusion-flex-column\" style=\"--awb-bg-size:cover;--awb-width-large:50%;--awb-margin-top-large:0px;--awb-spacing-right-large:3.84%;--awb-margin-bottom-large:20px;--awb-spacing-left-large:3.84%;--awb-width-medium:100%;--awb-order-medium:0;--awb-spacing-right-medium:1.92%;--awb-spacing-left-medium:1.92%;--awb-width-small:100%;--awb-order-small:0;--awb-spacing-right-small:1.92%;--awb-spacing-left-small:1.92%;\"><div class=\"fusion-column-wrapper fusion-column-has-shadow fusion-flex-justify-content-flex-start fusion-content-layout-column\"><div class=\"fusion-text fusion-text-7\"><h2>Une histoire d\u2019amour tragique<\/h2>\n<\/div><div class=\"fusion-text fusion-text-8\"><p>L&#8217;\u00eele d&#8217;\u00c9gine ou le d\u00e9sir de prot\u00e9ger ce que l\u2019on aime.Cette \u00eele m\u2019habite, je peins ses paysages inlassablement. Sa beaut\u00e9 me percute et me r\u00e9conforte. La lumi\u00e8re me subjugue et me gu\u00e9rit. Ses paysages que je contemple, que je traverse, que je plonge, que je photographie, que je peins deviennent un lieu de r\u00e9sonance. C\u2019est une histoire d\u2019amour.<br \/>\nC\u2019est une histoire d\u2019amour tragique. Ici, maintenant, et aussi une port\u00e9e universelle. Chaque toile porte, sous-jacente, la trag\u00e9die de l&#8217;Anthropoc\u00e8ne.<\/p>\n<\/div><\/div><\/div><\/div><\/div><div class=\"fusion-fullwidth fullwidth-box fusion-builder-row-3 fusion-flex-container has-pattern-background has-mask-background nonhundred-percent-fullwidth non-hundred-percent-height-scrolling\" style=\"--awb-border-radius-top-left:0px;--awb-border-radius-top-right:0px;--awb-border-radius-bottom-right:0px;--awb-border-radius-bottom-left:0px;--awb-flex-wrap:wrap;\" ><div class=\"fusion-builder-row fusion-row fusion-flex-align-items-flex-start fusion-flex-content-wrap\" style=\"max-width:936px;margin-left: calc(-4% \/ 2 );margin-right: calc(-4% \/ 2 );\"><div class=\"fusion-layout-column fusion_builder_column fusion-builder-column-7 fusion_builder_column_1_1 1_1 fusion-flex-column\" style=\"--awb-bg-size:cover;--awb-width-large:100%;--awb-margin-top-large:0px;--awb-spacing-right-large:1.92%;--awb-margin-bottom-large:20px;--awb-spacing-left-large:1.92%;--awb-width-medium:100%;--awb-order-medium:0;--awb-spacing-right-medium:1.92%;--awb-spacing-left-medium:1.92%;--awb-width-small:100%;--awb-order-small:0;--awb-spacing-right-small:1.92%;--awb-spacing-left-small:1.92%;\"><div class=\"fusion-column-wrapper fusion-column-has-shadow fusion-flex-justify-content-flex-start fusion-content-layout-column\"><div class=\"fusion-text fusion-text-9\"><h2>Invitation \u00e0 une utopie n\u00e9cessaire<\/h2>\n<\/div><div class=\"fusion-text fusion-text-10\"><p>Mon projet assume une part d&#8217;utopie : celle de croire que l&#8217;art peut consoler, peut \u00e9veiller et participer activement \u00e0 notre endurance \u00e0 maintenir la vie joyeuse. Je vous invite, dans chaque \u0153uvre, \u00e0 retrouver non seulement le visible mais aussi l&#8217;invisible : la m\u00e9moire des lieux, la vie qui les habite et ce peu de douceur qu&#8217;il reste \u00e0 partager.<\/p>\n<\/div><\/div><\/div><\/div><\/div><\/p>\n","protected":false},"excerpt":{"rendered":"","protected":false},"author":1,"featured_media":0,"parent":0,"menu_order":0,"comment_status":"closed","ping_status":"closed","template":"","meta":{"footnotes":""},"class_list":["post-6957","page","type-page","status-publish","hentry"],"translation":{"provider":"WPGlobus","version":"3.0.2","language":"en","enabled_languages":["fr","en"],"languages":{"fr":{"title":true,"content":true,"excerpt":false},"en":{"title":false,"content":false,"excerpt":false}}},"_links":{"self":[{"href":"https:\/\/bertillegentil.com\/en\/wp-json\/wp\/v2\/pages\/6957","targetHints":{"allow":["GET"]}}],"collection":[{"href":"https:\/\/bertillegentil.com\/en\/wp-json\/wp\/v2\/pages"}],"about":[{"href":"https:\/\/bertillegentil.com\/en\/wp-json\/wp\/v2\/types\/page"}],"author":[{"embeddable":true,"href":"https:\/\/bertillegentil.com\/en\/wp-json\/wp\/v2\/users\/1"}],"replies":[{"embeddable":true,"href":"https:\/\/bertillegentil.com\/en\/wp-json\/wp\/v2\/comments?post=6957"}],"version-history":[{"count":118,"href":"https:\/\/bertillegentil.com\/en\/wp-json\/wp\/v2\/pages\/6957\/revisions"}],"predecessor-version":[{"id":7404,"href":"https:\/\/bertillegentil.com\/en\/wp-json\/wp\/v2\/pages\/6957\/revisions\/7404"}],"wp:attachment":[{"href":"https:\/\/bertillegentil.com\/en\/wp-json\/wp\/v2\/media?parent=6957"}],"curies":[{"name":"wp","href":"https:\/\/api.w.org\/{rel}","templated":true}]}}