{"id":7122,"date":"2026-01-17T06:59:57","date_gmt":"2026-01-17T05:59:57","guid":{"rendered":"https:\/\/bertillegentil.com\/?page_id=7122"},"modified":"2026-01-28T09:49:06","modified_gmt":"2026-01-28T08:49:06","slug":"data-love","status":"publish","type":"page","link":"https:\/\/bertillegentil.com\/en\/data-love\/","title":{"rendered":"*Data Love*"},"content":{"rendered":"<p><div class=\"fusion-fullwidth fullwidth-box fusion-builder-row-1 fusion-flex-container has-pattern-background has-mask-background nonhundred-percent-fullwidth non-hundred-percent-height-scrolling\" style=\"--awb-border-radius-top-left:0px;--awb-border-radius-top-right:0px;--awb-border-radius-bottom-right:0px;--awb-border-radius-bottom-left:0px;--awb-flex-wrap:wrap;\" ><div class=\"fusion-builder-row fusion-row fusion-flex-align-items-flex-start fusion-flex-content-wrap\" style=\"max-width:936px;margin-left: calc(-4% \/ 2 );margin-right: calc(-4% \/ 2 );\"><div class=\"fusion-layout-column fusion_builder_column fusion-builder-column-0 fusion_builder_column_1_1 1_1 fusion-flex-column\" style=\"--awb-bg-size:cover;--awb-width-large:100%;--awb-margin-top-large:0px;--awb-spacing-right-large:1.92%;--awb-margin-bottom-large:20px;--awb-spacing-left-large:1.92%;--awb-width-medium:100%;--awb-order-medium:0;--awb-spacing-right-medium:1.92%;--awb-spacing-left-medium:1.92%;--awb-width-small:100%;--awb-order-small:0;--awb-spacing-right-small:1.92%;--awb-spacing-left-small:1.92%;\"><div class=\"fusion-column-wrapper fusion-column-has-shadow fusion-flex-justify-content-flex-start fusion-content-layout-column\"><div class=\"fusion-text fusion-text-1\"><h3 class=\"font-claude-response-body break-words whitespace-normal leading-&#091;1.7&#093;\">Data Love \/ Primitive G\u00e9om\u00e9trie &#8211; Expos\u00e9e a la Magen H Gallery \u00e0 NCY lors du show &#8221; Formes f\u00e9minines&#8221;<\/h3>\n<\/div><div class=\"fusion-text fusion-text-2\"><p class=\"font-claude-response-body break-words whitespace-normal leading-&#091;1.7&#093;\">Les courbes de B\u00e9zier deviennent partition visuelle. Entre th\u00e9orie des cordes et d\u00e9formation de l&#8217;espace-temps, ces cr\u00e9ations vectorielles traduisent la vibration fondamentale de l&#8217;univers. Une g\u00e9om\u00e9trie primitive qui cherche \u00e0 saisir l&#8217;invisible : la gravit\u00e9 quantique comme po\u00e9sie graphique<\/p>\n<\/div><div class=\"fusion-text fusion-text-3\"><h3>Tirages disponibles \u00e0 la vente . Me contacter<\/h3>\n<\/div><\/div><\/div><\/div><\/div><div class=\"fusion-fullwidth fullwidth-box fusion-builder-row-2 fusion-flex-container has-pattern-background has-mask-background nonhundred-percent-fullwidth non-hundred-percent-height-scrolling\" style=\"--awb-border-radius-top-left:0px;--awb-border-radius-top-right:0px;--awb-border-radius-bottom-right:0px;--awb-border-radius-bottom-left:0px;--awb-flex-wrap:wrap;\" ><div class=\"fusion-builder-row fusion-row fusion-flex-align-items-flex-start fusion-flex-content-wrap\" style=\"max-width:936px;margin-left: calc(-4% \/ 2 );margin-right: calc(-4% \/ 2 );\"><div class=\"fusion-layout-column fusion_builder_column fusion-builder-column-1 fusion_builder_column_1_2 1_2 fusion-flex-column\" style=\"--awb-bg-size:cover;--awb-width-large:50%;--awb-margin-top-large:0px;--awb-spacing-right-large:3.84%;--awb-margin-bottom-large:20px;--awb-spacing-left-large:3.84%;--awb-width-medium:100%;--awb-order-medium:0;--awb-spacing-right-medium:1.92%;--awb-spacing-left-medium:1.92%;--awb-width-small:100%;--awb-order-small:0;--awb-spacing-right-small:1.92%;--awb-spacing-left-small:1.92%;\"><div class=\"fusion-column-wrapper fusion-column-has-shadow fusion-flex-justify-content-flex-start fusion-content-layout-column\"><div class=\"fusion-image-element \" style=\"--awb-caption-title-font-family:var(--h2_typography-font-family);--awb-caption-title-font-weight:var(--h2_typography-font-weight);--awb-caption-title-font-style:var(--h2_typography-font-style);--awb-caption-title-size:var(--h2_typography-font-size);--awb-caption-title-transform:var(--h2_typography-text-transform);--awb-caption-title-line-height:var(--h2_typography-line-height);--awb-caption-title-letter-spacing:var(--h2_typography-letter-spacing);\"><span class=\" fusion-imageframe imageframe-none imageframe-1 hover-type-none\"><img decoding=\"async\" width=\"1417\" height=\"1417\" title=\"primitives-ge\u0301ome\u0301trique-05\" src=\"https:\/\/bertillegentil.com\/wp-content\/uploads\/2022\/10\/primitives-ge\u0301ome\u0301trique-05.jpg\" alt class=\"img-responsive wp-image-5635\" srcset=\"https:\/\/bertillegentil.com\/wp-content\/uploads\/2022\/10\/primitives-ge\u0301ome\u0301trique-05-200x200.jpg 200w, https:\/\/bertillegentil.com\/wp-content\/uploads\/2022\/10\/primitives-ge\u0301ome\u0301trique-05-400x400.jpg 400w, https:\/\/bertillegentil.com\/wp-content\/uploads\/2022\/10\/primitives-ge\u0301ome\u0301trique-05-600x600.jpg 600w, https:\/\/bertillegentil.com\/wp-content\/uploads\/2022\/10\/primitives-ge\u0301ome\u0301trique-05-800x800.jpg 800w, https:\/\/bertillegentil.com\/wp-content\/uploads\/2022\/10\/primitives-ge\u0301ome\u0301trique-05-1200x1200.jpg 1200w, https:\/\/bertillegentil.com\/wp-content\/uploads\/2022\/10\/primitives-ge\u0301ome\u0301trique-05.jpg 1417w\" sizes=\"(max-width: 1024px) 100vw, (max-width: 640px) 100vw, 600px\" \/><\/span><\/div><\/div><\/div><div class=\"fusion-layout-column fusion_builder_column fusion-builder-column-2 fusion_builder_column_1_2 1_2 fusion-flex-column\" style=\"--awb-bg-size:cover;--awb-width-large:50%;--awb-margin-top-large:0px;--awb-spacing-right-large:3.84%;--awb-margin-bottom-large:20px;--awb-spacing-left-large:3.84%;--awb-width-medium:100%;--awb-order-medium:0;--awb-spacing-right-medium:1.92%;--awb-spacing-left-medium:1.92%;--awb-width-small:100%;--awb-order-small:0;--awb-spacing-right-small:1.92%;--awb-spacing-left-small:1.92%;\"><div class=\"fusion-column-wrapper fusion-column-has-shadow fusion-flex-justify-content-flex-start fusion-content-layout-column\"><div class=\"fusion-image-element \" style=\"--awb-caption-title-font-family:var(--h2_typography-font-family);--awb-caption-title-font-weight:var(--h2_typography-font-weight);--awb-caption-title-font-style:var(--h2_typography-font-style);--awb-caption-title-size:var(--h2_typography-font-size);--awb-caption-title-transform:var(--h2_typography-text-transform);--awb-caption-title-line-height:var(--h2_typography-line-height);--awb-caption-title-letter-spacing:var(--h2_typography-letter-spacing);\"><span class=\" fusion-imageframe imageframe-none imageframe-2 hover-type-none\"><img decoding=\"async\" width=\"1417\" height=\"1417\" title=\"Primitive geometrie 04\" src=\"https:\/\/bertillegentil.com\/wp-content\/uploads\/2022\/10\/Primitive-geometrie-04.jpg\" alt class=\"img-responsive wp-image-5636\" srcset=\"https:\/\/bertillegentil.com\/wp-content\/uploads\/2022\/10\/Primitive-geometrie-04-200x200.jpg 200w, https:\/\/bertillegentil.com\/wp-content\/uploads\/2022\/10\/Primitive-geometrie-04-400x400.jpg 400w, https:\/\/bertillegentil.com\/wp-content\/uploads\/2022\/10\/Primitive-geometrie-04-600x600.jpg 600w, https:\/\/bertillegentil.com\/wp-content\/uploads\/2022\/10\/Primitive-geometrie-04-800x800.jpg 800w, https:\/\/bertillegentil.com\/wp-content\/uploads\/2022\/10\/Primitive-geometrie-04-1200x1200.jpg 1200w, https:\/\/bertillegentil.com\/wp-content\/uploads\/2022\/10\/Primitive-geometrie-04.jpg 1417w\" sizes=\"(max-width: 1024px) 100vw, (max-width: 640px) 100vw, 600px\" \/><\/span><\/div><\/div><\/div><\/div><\/div><div class=\"fusion-fullwidth fullwidth-box fusion-builder-row-3 fusion-flex-container has-pattern-background has-mask-background nonhundred-percent-fullwidth non-hundred-percent-height-scrolling\" style=\"--awb-border-radius-top-left:0px;--awb-border-radius-top-right:0px;--awb-border-radius-bottom-right:0px;--awb-border-radius-bottom-left:0px;--awb-flex-wrap:wrap;\" ><div class=\"fusion-builder-row fusion-row fusion-flex-align-items-flex-start fusion-flex-content-wrap\" style=\"max-width:936px;margin-left: calc(-4% \/ 2 );margin-right: calc(-4% \/ 2 );\"><div class=\"fusion-layout-column fusion_builder_column fusion-builder-column-3 fusion_builder_column_1_1 1_1 fusion-flex-column\" style=\"--awb-bg-size:cover;--awb-width-large:100%;--awb-margin-top-large:0px;--awb-spacing-right-large:1.92%;--awb-margin-bottom-large:20px;--awb-spacing-left-large:1.92%;--awb-width-medium:100%;--awb-order-medium:0;--awb-spacing-right-medium:1.92%;--awb-spacing-left-medium:1.92%;--awb-width-small:100%;--awb-order-small:0;--awb-spacing-right-small:1.92%;--awb-spacing-left-small:1.92%;\"><div class=\"fusion-column-wrapper fusion-column-has-shadow fusion-flex-justify-content-flex-start fusion-content-layout-column\"><div class=\"fusion-image-element \" style=\"--awb-caption-title-font-family:var(--h2_typography-font-family);--awb-caption-title-font-weight:var(--h2_typography-font-weight);--awb-caption-title-font-style:var(--h2_typography-font-style);--awb-caption-title-size:var(--h2_typography-font-size);--awb-caption-title-transform:var(--h2_typography-text-transform);--awb-caption-title-line-height:var(--h2_typography-line-height);--awb-caption-title-letter-spacing:var(--h2_typography-letter-spacing);\"><span class=\" fusion-imageframe imageframe-none imageframe-3 hover-type-none\"><img decoding=\"async\" width=\"1350\" height=\"1080\" title=\"MHG&#8211;Poste-BG2\" src=\"https:\/\/bertillegentil.com\/wp-content\/uploads\/2022\/10\/MHG-Poste-BG2.jpg\" alt class=\"img-responsive wp-image-5627\" srcset=\"https:\/\/bertillegentil.com\/wp-content\/uploads\/2022\/10\/MHG-Poste-BG2-200x160.jpg 200w, https:\/\/bertillegentil.com\/wp-content\/uploads\/2022\/10\/MHG-Poste-BG2-400x320.jpg 400w, https:\/\/bertillegentil.com\/wp-content\/uploads\/2022\/10\/MHG-Poste-BG2-600x480.jpg 600w, https:\/\/bertillegentil.com\/wp-content\/uploads\/2022\/10\/MHG-Poste-BG2-800x640.jpg 800w, https:\/\/bertillegentil.com\/wp-content\/uploads\/2022\/10\/MHG-Poste-BG2-1200x960.jpg 1200w, https:\/\/bertillegentil.com\/wp-content\/uploads\/2022\/10\/MHG-Poste-BG2.jpg 1350w\" sizes=\"(max-width: 1024px) 100vw, (max-width: 640px) 100vw, 1200px\" \/><\/span><\/div><\/div><\/div><\/div><\/div><div class=\"fusion-fullwidth fullwidth-box fusion-builder-row-4 fusion-flex-container has-pattern-background has-mask-background nonhundred-percent-fullwidth non-hundred-percent-height-scrolling\" style=\"--awb-border-radius-top-left:0px;--awb-border-radius-top-right:0px;--awb-border-radius-bottom-right:0px;--awb-border-radius-bottom-left:0px;--awb-flex-wrap:wrap;\" ><div class=\"fusion-builder-row fusion-row fusion-flex-align-items-flex-start fusion-flex-content-wrap\" style=\"max-width:936px;margin-left: calc(-4% \/ 2 );margin-right: calc(-4% \/ 2 );\"><div class=\"fusion-layout-column fusion_builder_column fusion-builder-column-4 fusion_builder_column_1_1 1_1 fusion-flex-column\" style=\"--awb-bg-size:cover;--awb-width-large:100%;--awb-margin-top-large:0px;--awb-spacing-right-large:1.92%;--awb-margin-bottom-large:20px;--awb-spacing-left-large:1.92%;--awb-width-medium:100%;--awb-order-medium:0;--awb-spacing-right-medium:1.92%;--awb-spacing-left-medium:1.92%;--awb-width-small:100%;--awb-order-small:0;--awb-spacing-right-small:1.92%;--awb-spacing-left-small:1.92%;\"><div class=\"fusion-column-wrapper fusion-column-has-shadow fusion-flex-justify-content-flex-start fusion-content-layout-column\"><div class=\"fusion-text fusion-text-4\"><h4>Ces 2 \u0153uvres ont \u00e9t\u00e9 pr\u00e9sent\u00e9es par la galerie \u00a0Magen H Gallery \u00e0 New York.<\/h4>\n<h4><a href=\"https:\/\/magenxxcentury.com\/\" target=\"_blank\" rel=\"noopener\">Magen H Gallery <\/a><\/h4>\n<\/div><\/div><\/div><\/div><\/div><\/p>\n","protected":false},"excerpt":{"rendered":"","protected":false},"author":1,"featured_media":0,"parent":0,"menu_order":0,"comment_status":"closed","ping_status":"closed","template":"","meta":{"footnotes":""},"class_list":["post-7122","page","type-page","status-publish","hentry"],"translation":{"provider":"WPGlobus","version":"3.0.2","language":"en","enabled_languages":["fr","en"],"languages":{"fr":{"title":true,"content":true,"excerpt":false},"en":{"title":false,"content":false,"excerpt":false}}},"_links":{"self":[{"href":"https:\/\/bertillegentil.com\/en\/wp-json\/wp\/v2\/pages\/7122","targetHints":{"allow":["GET"]}}],"collection":[{"href":"https:\/\/bertillegentil.com\/en\/wp-json\/wp\/v2\/pages"}],"about":[{"href":"https:\/\/bertillegentil.com\/en\/wp-json\/wp\/v2\/types\/page"}],"author":[{"embeddable":true,"href":"https:\/\/bertillegentil.com\/en\/wp-json\/wp\/v2\/users\/1"}],"replies":[{"embeddable":true,"href":"https:\/\/bertillegentil.com\/en\/wp-json\/wp\/v2\/comments?post=7122"}],"version-history":[{"count":19,"href":"https:\/\/bertillegentil.com\/en\/wp-json\/wp\/v2\/pages\/7122\/revisions"}],"predecessor-version":[{"id":7430,"href":"https:\/\/bertillegentil.com\/en\/wp-json\/wp\/v2\/pages\/7122\/revisions\/7430"}],"wp:attachment":[{"href":"https:\/\/bertillegentil.com\/en\/wp-json\/wp\/v2\/media?parent=7122"}],"curies":[{"name":"wp","href":"https:\/\/api.w.org\/{rel}","templated":true}]}}